{"id":4688,"date":"2025-05-20T16:14:49","date_gmt":"2025-05-20T14:14:49","guid":{"rendered":"https:\/\/www.silkeaichhorn.de\/produkt\/wolfgang-amade-mozart\/"},"modified":"2025-05-20T16:14:49","modified_gmt":"2025-05-20T14:14:49","slug":"wolfgang-amade-mozart","status":"publish","type":"product","link":"https:\/\/www.silkeaichhorn.de\/en\/product\/wolfgang-amade-mozart\/","title":{"rendered":"Wolfgang Amad\u00e9 Mozart"},"content":{"rendered":"<p>Live-Konzertmitschnitt in der Villa H\u00fcgel Essen<br \/>\nDas Konzert KV 299 f\u00fcr Fl\u00f6te Harfe und Orchester von W.A. Mozart pr\u00e4sentierte das Duo bereits mit der Klassischen Philharmonie Bonn (Hamburg Berlin Wiesbaden Bielefeld N\u00fcrnberg) dem Folkwangorchester der Brandenburgischen Staatsphilharmonie und dem Litauischen Kammerorchester.<\/p>\n<p>&nbsp;<\/p>\n<table style=\"width: 500px\" border=\"1\" cellspacing=\"1\" cellpadding=\"1\">\n<tbody>\n<tr>\n<td><strong>Sinfonie D-Dur KV 19 *<\/strong><\/td>\n<td>01<\/td>\n<td>Allegro<\/td>\n<\/tr>\n<tr>\n<td><\/td>\n<td>02<\/td>\n<td>Andante<\/td>\n<\/tr>\n<tr>\n<td><\/td>\n<td>03<\/td>\n<td>Presto<\/td>\n<\/tr>\n<tr>\n<td><strong>Konzert C-Dur f\u00fcr Fl\u00f6te Harfe und Orchester KV 299<\/strong><\/td>\n<td>04<\/td>\n<td>Allegro<\/td>\n<\/tr>\n<tr>\n<td><\/td>\n<td>05<\/td>\n<td>Andantino<\/td>\n<\/tr>\n<tr>\n<td><\/td>\n<td>06<\/td>\n<td>Rondeau. Allegro<\/td>\n<\/tr>\n<tr>\n<td><strong>Liedbearbeitung f\u00fcr Fl\u00f6te und Harfe<\/strong><\/td>\n<td>07<\/td>\n<td>Ridente la calma KV 152 (210a)<\/td>\n<\/tr>\n<tr>\n<td><\/td>\n<td>08<\/td>\n<td>Dans un bois solitaire KV 308 (295b)<\/td>\n<\/tr>\n<tr>\n<td><\/td>\n<td>09<\/td>\n<td>An Chloe KV 524<\/td>\n<\/tr>\n<tr>\n<td><\/td>\n<td>10<\/td>\n<td>Abendempfindung KV 523<\/td>\n<\/tr>\n<tr>\n<td><\/td>\n<td>11<\/td>\n<td>Andante C-Dur KV 315 (285e)<\/td>\n<\/tr>\n<tr>\n<td><strong>Bearbeitung f\u00fcr Fl\u00f6te und Harfe<\/strong><\/td>\n<td>12<\/td>\n<td>Canzonetta aus \u201cDon Giovanni\u201d<\/td>\n<\/tr>\n<\/tbody>\n<\/table>\n<p>&nbsp;<\/p>\n<span class=\"et_bloom_bottom_trigger\"><\/span>","protected":false},"excerpt":{"rendered":"<p>Live-Konzertmitschnitt in der Villa H\u00fcgel Essen<br \/>\nDas Konzert KV 299 f\u00fcr Fl\u00f6te Harfe und Orchester von W.A. Mozart pr\u00e4sentierte das Duo bereits u.a. mit der Klassischen Philharmonie Bonn (Hamburg Berlin Wiesbaden Bielefeld N\u00fcrnberg) dem Folkwangorchester der Brandenburgischen Staatsphilharmonie und dem Litauischen Kammerorchester.<\/p>\n","protected":false},"featured_media":4689,"comment_status":"open","ping_status":"closed","template":"","meta":{"_et_pb_use_builder":"","_et_pb_old_content":"","_et_gb_content_width":"","inline_featured_image":false},"product_brand":[],"product_cat":[90,92],"product_tag":[],"class_list":{"0":"post-4688","1":"product","2":"type-product","3":"status-publish","4":"has-post-thumbnail","6":"product_cat-cds","7":"product_cat-harp-solo-with-orchestral-accompaniment","9":"first","10":"instock","11":"taxable","12":"shipping-taxable","13":"purchasable","14":"product-type-simple"},"yoast_head":"<!-- This site is optimized with the Yoast SEO plugin v27.4 - https:\/\/yoast.com\/product\/yoast-seo-wordpress\/ -->\n<title>Wolfgang Amad\u00e9 Mozart - Harfenistin Silke Aichhorn<\/title>\n<meta name=\"robots\" content=\"index, follow, max-snippet:-1, max-image-preview:large, max-video-preview:-1\" \/>\n<link rel=\"canonical\" href=\"https:\/\/www.silkeaichhorn.de\/en\/product\/wolfgang-amade-mozart\/\" \/>\n<meta property=\"og:locale\" content=\"en_US\" \/>\n<meta property=\"og:type\" content=\"article\" \/>\n<meta property=\"og:title\" content=\"Wolfgang Amad\u00e9 Mozart - Harfenistin Silke Aichhorn\" \/>\n<meta property=\"og:description\" content=\"Live-Konzertmitschnitt in der Villa H\u00fcgel Essen Das Konzert KV 299 f\u00fcr Fl\u00f6te Harfe und Orchester von W.A. Mozart pr\u00e4sentierte das Duo bereits u.a. mit der Klassischen Philharmonie Bonn (Hamburg Berlin Wiesbaden Bielefeld N\u00fcrnberg) dem Folkwangorchester der Brandenburgischen Staatsphilharmonie und dem Litauischen Kammerorchester.\" \/>\n<meta property=\"og:url\" content=\"https:\/\/www.silkeaichhorn.de\/en\/product\/wolfgang-amade-mozart\/\" \/>\n<meta property=\"og:site_name\" content=\"Harfenistin Silke Aichhorn\" \/>\n<meta name=\"twitter:card\" content=\"summary_large_image\" \/>\n<meta name=\"twitter:label1\" content=\"Est. reading time\" \/>\n\t<meta name=\"twitter:data1\" content=\"1 minute\" \/>\n<script type=\"application\/ld+json\" class=\"yoast-schema-graph\">{\"@context\":\"https:\\\/\\\/schema.org\",\"@graph\":[{\"@type\":\"WebPage\",\"@id\":\"https:\\\/\\\/www.silkeaichhorn.de\\\/en\\\/product\\\/wolfgang-amade-mozart\\\/\",\"url\":\"https:\\\/\\\/www.silkeaichhorn.de\\\/en\\\/product\\\/wolfgang-amade-mozart\\\/\",\"name\":\"Wolfgang Amad\u00e9 Mozart - Harfenistin Silke Aichhorn\",\"isPartOf\":{\"@id\":\"https:\\\/\\\/www.silkeaichhorn.de\\\/en\\\/#website\"},\"primaryImageOfPage\":{\"@id\":\"https:\\\/\\\/www.silkeaichhorn.de\\\/en\\\/product\\\/wolfgang-amade-mozart\\\/#primaryimage\"},\"image\":{\"@id\":\"https:\\\/\\\/www.silkeaichhorn.de\\\/en\\\/product\\\/wolfgang-amade-mozart\\\/#primaryimage\"},\"thumbnailUrl\":\"https:\\\/\\\/egi9mkoi56j.exactdn.com\\\/wp-content\\\/uploads\\\/2025\\\/05\\\/Shop-CD-Harfe-Solo-Orchester-mozart-1.jpg?strip=all\",\"datePublished\":\"2025-05-20T14:14:49+00:00\",\"breadcrumb\":{\"@id\":\"https:\\\/\\\/www.silkeaichhorn.de\\\/en\\\/product\\\/wolfgang-amade-mozart\\\/#breadcrumb\"},\"inLanguage\":\"en-US\",\"potentialAction\":[{\"@type\":\"ReadAction\",\"target\":[\"https:\\\/\\\/www.silkeaichhorn.de\\\/en\\\/product\\\/wolfgang-amade-mozart\\\/\"]}]},{\"@type\":\"ImageObject\",\"inLanguage\":\"en-US\",\"@id\":\"https:\\\/\\\/www.silkeaichhorn.de\\\/en\\\/product\\\/wolfgang-amade-mozart\\\/#primaryimage\",\"url\":\"https:\\\/\\\/egi9mkoi56j.exactdn.com\\\/wp-content\\\/uploads\\\/2025\\\/05\\\/Shop-CD-Harfe-Solo-Orchester-mozart-1.jpg?strip=all\",\"contentUrl\":\"https:\\\/\\\/egi9mkoi56j.exactdn.com\\\/wp-content\\\/uploads\\\/2025\\\/05\\\/Shop-CD-Harfe-Solo-Orchester-mozart-1.jpg?strip=all\",\"width\":2000,\"height\":2000},{\"@type\":\"BreadcrumbList\",\"@id\":\"https:\\\/\\\/www.silkeaichhorn.de\\\/en\\\/product\\\/wolfgang-amade-mozart\\\/#breadcrumb\",\"itemListElement\":[{\"@type\":\"ListItem\",\"position\":1,\"name\":\"Startseite\",\"item\":\"https:\\\/\\\/www.silkeaichhorn.de\\\/en\\\/\"},{\"@type\":\"ListItem\",\"position\":2,\"name\":\"Shop\",\"item\":\"https:\\\/\\\/www.silkeaichhorn.de\\\/en\\\/shop\\\/\"},{\"@type\":\"ListItem\",\"position\":3,\"name\":\"Wolfgang Amad\u00e9 Mozart\"}]},{\"@type\":\"WebSite\",\"@id\":\"https:\\\/\\\/www.silkeaichhorn.de\\\/en\\\/#website\",\"url\":\"https:\\\/\\\/www.silkeaichhorn.de\\\/en\\\/\",\"name\":\"Harfenistin Silke Aichhorn\",\"description\":\"\",\"potentialAction\":[{\"@type\":\"SearchAction\",\"target\":{\"@type\":\"EntryPoint\",\"urlTemplate\":\"https:\\\/\\\/www.silkeaichhorn.de\\\/en\\\/?s={search_term_string}\"},\"query-input\":{\"@type\":\"PropertyValueSpecification\",\"valueRequired\":true,\"valueName\":\"search_term_string\"}}],\"inLanguage\":\"en-US\"}]}<\/script>\n<!-- \/ Yoast SEO plugin. -->","yoast_head_json":{"title":"Wolfgang Amad\u00e9 Mozart - Harfenistin Silke Aichhorn","robots":{"index":"index","follow":"follow","max-snippet":"max-snippet:-1","max-image-preview":"max-image-preview:large","max-video-preview":"max-video-preview:-1"},"canonical":"https:\/\/www.silkeaichhorn.de\/en\/product\/wolfgang-amade-mozart\/","og_locale":"en_US","og_type":"article","og_title":"Wolfgang Amad\u00e9 Mozart - Harfenistin Silke Aichhorn","og_description":"Live-Konzertmitschnitt in der Villa H\u00fcgel Essen Das Konzert KV 299 f\u00fcr Fl\u00f6te Harfe und Orchester von W.A. Mozart pr\u00e4sentierte das Duo bereits u.a. mit der Klassischen Philharmonie Bonn (Hamburg Berlin Wiesbaden Bielefeld N\u00fcrnberg) dem Folkwangorchester der Brandenburgischen Staatsphilharmonie und dem Litauischen Kammerorchester.","og_url":"https:\/\/www.silkeaichhorn.de\/en\/product\/wolfgang-amade-mozart\/","og_site_name":"Harfenistin Silke Aichhorn","twitter_card":"summary_large_image","twitter_misc":{"Est. reading time":"1 minute"},"schema":{"@context":"https:\/\/schema.org","@graph":[{"@type":"WebPage","@id":"https:\/\/www.silkeaichhorn.de\/en\/product\/wolfgang-amade-mozart\/","url":"https:\/\/www.silkeaichhorn.de\/en\/product\/wolfgang-amade-mozart\/","name":"Wolfgang Amad\u00e9 Mozart - Harfenistin Silke Aichhorn","isPartOf":{"@id":"https:\/\/www.silkeaichhorn.de\/en\/#website"},"primaryImageOfPage":{"@id":"https:\/\/www.silkeaichhorn.de\/en\/product\/wolfgang-amade-mozart\/#primaryimage"},"image":{"@id":"https:\/\/www.silkeaichhorn.de\/en\/product\/wolfgang-amade-mozart\/#primaryimage"},"thumbnailUrl":"https:\/\/egi9mkoi56j.exactdn.com\/wp-content\/uploads\/2025\/05\/Shop-CD-Harfe-Solo-Orchester-mozart-1.jpg?strip=all","datePublished":"2025-05-20T14:14:49+00:00","breadcrumb":{"@id":"https:\/\/www.silkeaichhorn.de\/en\/product\/wolfgang-amade-mozart\/#breadcrumb"},"inLanguage":"en-US","potentialAction":[{"@type":"ReadAction","target":["https:\/\/www.silkeaichhorn.de\/en\/product\/wolfgang-amade-mozart\/"]}]},{"@type":"ImageObject","inLanguage":"en-US","@id":"https:\/\/www.silkeaichhorn.de\/en\/product\/wolfgang-amade-mozart\/#primaryimage","url":"https:\/\/egi9mkoi56j.exactdn.com\/wp-content\/uploads\/2025\/05\/Shop-CD-Harfe-Solo-Orchester-mozart-1.jpg?strip=all","contentUrl":"https:\/\/egi9mkoi56j.exactdn.com\/wp-content\/uploads\/2025\/05\/Shop-CD-Harfe-Solo-Orchester-mozart-1.jpg?strip=all","width":2000,"height":2000},{"@type":"BreadcrumbList","@id":"https:\/\/www.silkeaichhorn.de\/en\/product\/wolfgang-amade-mozart\/#breadcrumb","itemListElement":[{"@type":"ListItem","position":1,"name":"Startseite","item":"https:\/\/www.silkeaichhorn.de\/en\/"},{"@type":"ListItem","position":2,"name":"Shop","item":"https:\/\/www.silkeaichhorn.de\/en\/shop\/"},{"@type":"ListItem","position":3,"name":"Wolfgang Amad\u00e9 Mozart"}]},{"@type":"WebSite","@id":"https:\/\/www.silkeaichhorn.de\/en\/#website","url":"https:\/\/www.silkeaichhorn.de\/en\/","name":"Harfenistin Silke Aichhorn","description":"","potentialAction":[{"@type":"SearchAction","target":{"@type":"EntryPoint","urlTemplate":"https:\/\/www.silkeaichhorn.de\/en\/?s={search_term_string}"},"query-input":{"@type":"PropertyValueSpecification","valueRequired":true,"valueName":"search_term_string"}}],"inLanguage":"en-US"}]}},"_links":{"self":[{"href":"https:\/\/www.silkeaichhorn.de\/en\/wp-json\/wp\/v2\/product\/4688","targetHints":{"allow":["GET"]}}],"collection":[{"href":"https:\/\/www.silkeaichhorn.de\/en\/wp-json\/wp\/v2\/product"}],"about":[{"href":"https:\/\/www.silkeaichhorn.de\/en\/wp-json\/wp\/v2\/types\/product"}],"replies":[{"embeddable":true,"href":"https:\/\/www.silkeaichhorn.de\/en\/wp-json\/wp\/v2\/comments?post=4688"}],"wp:featuredmedia":[{"embeddable":true,"href":"https:\/\/www.silkeaichhorn.de\/en\/wp-json\/wp\/v2\/media\/4689"}],"wp:attachment":[{"href":"https:\/\/www.silkeaichhorn.de\/en\/wp-json\/wp\/v2\/media?parent=4688"}],"wp:term":[{"taxonomy":"product_brand","embeddable":true,"href":"https:\/\/www.silkeaichhorn.de\/en\/wp-json\/wp\/v2\/product_brand?post=4688"},{"taxonomy":"product_cat","embeddable":true,"href":"https:\/\/www.silkeaichhorn.de\/en\/wp-json\/wp\/v2\/product_cat?post=4688"},{"taxonomy":"product_tag","embeddable":true,"href":"https:\/\/www.silkeaichhorn.de\/en\/wp-json\/wp\/v2\/product_tag?post=4688"}],"curies":[{"name":"wp","href":"https:\/\/api.w.org\/{rel}","templated":true}]}}