{"id":4696,"date":"2025-05-20T16:14:43","date_gmt":"2025-05-20T14:14:43","guid":{"rendered":"https:\/\/www.silkeaichhorn.de\/produkt\/instruments-de-la-poesie-musik-aus-frankreich-durch-fuenf-jahrhunderte-fuer-floete-und-harfe-hm-112\/"},"modified":"2025-05-20T16:14:43","modified_gmt":"2025-05-20T14:14:43","slug":"instruments-de-la-poesie-musik-aus-frankreich-durch-fuenf-jahrhunderte-fuer-floete-und-harfe-hm-112","status":"publish","type":"product","link":"https:\/\/www.silkeaichhorn.de\/en\/product\/instruments-de-la-poesie-musik-aus-frankreich-durch-fuenf-jahrhunderte-fuer-floete-und-harfe-hm-112\/","title":{"rendered":"Instruments de la po\u00e9sie- Musik aus Frankreich durch f\u00fcnf Jahrhunderte f\u00fcr Fl\u00f6te und Harfe HM 112"},"content":{"rendered":"<p><strong>Musik aus Frankreich durch f\u00fcnf Jahrhunderte<\/strong><\/p>\n<p>&nbsp;<\/p>\n<table style=\"width: 500px\" border=\"1\" cellspacing=\"1\" cellpadding=\"1\">\n<tbody>\n<tr>\n<td><strong>Marin Marais<\/strong><\/td>\n<td>1. La Folia<\/td>\n<\/tr>\n<tr>\n<td><strong>J. Naderman\/J.L. Tulou<\/strong><\/td>\n<td>2. Larghetto sostenuto<\/td>\n<\/tr>\n<tr>\n<td><\/td>\n<td>3. Tyrolienne de Guillaume Tell<\/td>\n<\/tr>\n<tr>\n<td><\/td>\n<td>4. Rondoletto<\/td>\n<\/tr>\n<tr>\n<td><strong>Johannes Donjon\/Robert<\/strong><\/td>\n<td>5. Elegie<\/td>\n<\/tr>\n<tr>\n<td><strong>Gabriel Faure<\/strong><\/td>\n<td>6. Fantaisie op.79<\/td>\n<\/tr>\n<tr>\n<td><strong>Marc Berthomieu<\/strong><\/td>\n<td>7. Cinq Nuances: Pathetico<\/td>\n<\/tr>\n<tr>\n<td><\/td>\n<td>8. Cinq Nuances: Lascivo<\/td>\n<\/tr>\n<tr>\n<td><\/td>\n<td>9. Cinq Nuances: Idyllico<\/td>\n<\/tr>\n<tr>\n<td><\/td>\n<td>10. Cinq Nuances: Exotico<\/td>\n<\/tr>\n<tr>\n<td><\/td>\n<td>11. Cinq Nuances: Dolcissimo<\/td>\n<\/tr>\n<tr>\n<td><strong>Pascal Proust<\/strong><\/td>\n<td>12. Pr\u00e9lude et Danse<\/td>\n<\/tr>\n<tr>\n<td><strong>Claude Debussy<\/strong><\/td>\n<td>13. Pour invoquer Pan dieu du vent d`\u00e9t\u00e9<\/td>\n<\/tr>\n<tr>\n<td><\/td>\n<td>14. Bruy\u00e8res<\/td>\n<\/tr>\n<tr>\n<td><strong>Camille Saint-Saens<\/strong><\/td>\n<td>15. Fantaisie op.124<\/td>\n<\/tr>\n<\/tbody>\n<\/table>\n<p>&nbsp;<\/p>\n<span class=\"et_bloom_bottom_trigger\"><\/span>","protected":false},"excerpt":{"rendered":"<p>Spielerische Noblesse&#8230;Bravourleistungen auf Fl\u00f6te und Harfe&#8230;.Virtuoses Duo brilliert<\/p>\n","protected":false},"featured_media":4697,"comment_status":"open","ping_status":"closed","template":"","meta":{"_et_pb_use_builder":"","_et_pb_old_content":"","_et_gb_content_width":"","inline_featured_image":false},"product_brand":[],"product_cat":[90,93],"product_tag":[],"class_list":{"0":"post-4696","1":"product","2":"type-product","3":"status-publish","4":"has-post-thumbnail","6":"product_cat-cds","7":"product_cat-chamber-music","9":"first","10":"instock","11":"taxable","12":"shipping-taxable","13":"purchasable","14":"product-type-simple"},"yoast_head":"<!-- This site is optimized with the Yoast SEO plugin v27.4 - https:\/\/yoast.com\/product\/yoast-seo-wordpress\/ -->\n<title>Instruments de la po\u00e9sie- Musik aus Frankreich durch f\u00fcnf Jahrhunderte f\u00fcr Fl\u00f6te und Harfe HM 112 - Harfenistin Silke Aichhorn<\/title>\n<meta name=\"robots\" content=\"index, follow, max-snippet:-1, max-image-preview:large, max-video-preview:-1\" \/>\n<link rel=\"canonical\" href=\"https:\/\/www.silkeaichhorn.de\/en\/product\/instruments-de-la-poesie-musik-aus-frankreich-durch-fuenf-jahrhunderte-fuer-floete-und-harfe-hm-112\/\" \/>\n<meta property=\"og:locale\" content=\"en_US\" \/>\n<meta property=\"og:type\" content=\"article\" \/>\n<meta property=\"og:title\" content=\"Instruments de la po\u00e9sie- Musik aus Frankreich durch f\u00fcnf Jahrhunderte f\u00fcr Fl\u00f6te und Harfe HM 112 - Harfenistin Silke Aichhorn\" \/>\n<meta property=\"og:description\" content=\"Spielerische Noblesse...Bravourleistungen auf Fl\u00f6te und Harfe....Virtuoses Duo brilliert\" \/>\n<meta property=\"og:url\" content=\"https:\/\/www.silkeaichhorn.de\/en\/product\/instruments-de-la-poesie-musik-aus-frankreich-durch-fuenf-jahrhunderte-fuer-floete-und-harfe-hm-112\/\" \/>\n<meta property=\"og:site_name\" content=\"Harfenistin Silke Aichhorn\" \/>\n<meta name=\"twitter:card\" content=\"summary_large_image\" \/>\n<script type=\"application\/ld+json\" class=\"yoast-schema-graph\">{\"@context\":\"https:\\\/\\\/schema.org\",\"@graph\":[{\"@type\":\"WebPage\",\"@id\":\"https:\\\/\\\/www.silkeaichhorn.de\\\/en\\\/product\\\/instruments-de-la-poesie-musik-aus-frankreich-durch-fuenf-jahrhunderte-fuer-floete-und-harfe-hm-112\\\/\",\"url\":\"https:\\\/\\\/www.silkeaichhorn.de\\\/en\\\/product\\\/instruments-de-la-poesie-musik-aus-frankreich-durch-fuenf-jahrhunderte-fuer-floete-und-harfe-hm-112\\\/\",\"name\":\"Instruments de la po\u00e9sie- Musik aus Frankreich durch f\u00fcnf Jahrhunderte f\u00fcr Fl\u00f6te und Harfe HM 112 - Harfenistin Silke Aichhorn\",\"isPartOf\":{\"@id\":\"https:\\\/\\\/www.silkeaichhorn.de\\\/en\\\/#website\"},\"primaryImageOfPage\":{\"@id\":\"https:\\\/\\\/www.silkeaichhorn.de\\\/en\\\/product\\\/instruments-de-la-poesie-musik-aus-frankreich-durch-fuenf-jahrhunderte-fuer-floete-und-harfe-hm-112\\\/#primaryimage\"},\"image\":{\"@id\":\"https:\\\/\\\/www.silkeaichhorn.de\\\/en\\\/product\\\/instruments-de-la-poesie-musik-aus-frankreich-durch-fuenf-jahrhunderte-fuer-floete-und-harfe-hm-112\\\/#primaryimage\"},\"thumbnailUrl\":\"https:\\\/\\\/egi9mkoi56j.exactdn.com\\\/wp-content\\\/uploads\\\/2025\\\/05\\\/Shop-CD-instruments-de-la-poesie.jpg?strip=all\",\"datePublished\":\"2025-05-20T14:14:43+00:00\",\"breadcrumb\":{\"@id\":\"https:\\\/\\\/www.silkeaichhorn.de\\\/en\\\/product\\\/instruments-de-la-poesie-musik-aus-frankreich-durch-fuenf-jahrhunderte-fuer-floete-und-harfe-hm-112\\\/#breadcrumb\"},\"inLanguage\":\"en-US\",\"potentialAction\":[{\"@type\":\"ReadAction\",\"target\":[\"https:\\\/\\\/www.silkeaichhorn.de\\\/en\\\/product\\\/instruments-de-la-poesie-musik-aus-frankreich-durch-fuenf-jahrhunderte-fuer-floete-und-harfe-hm-112\\\/\"]}]},{\"@type\":\"ImageObject\",\"inLanguage\":\"en-US\",\"@id\":\"https:\\\/\\\/www.silkeaichhorn.de\\\/en\\\/product\\\/instruments-de-la-poesie-musik-aus-frankreich-durch-fuenf-jahrhunderte-fuer-floete-und-harfe-hm-112\\\/#primaryimage\",\"url\":\"https:\\\/\\\/egi9mkoi56j.exactdn.com\\\/wp-content\\\/uploads\\\/2025\\\/05\\\/Shop-CD-instruments-de-la-poesie.jpg?strip=all\",\"contentUrl\":\"https:\\\/\\\/egi9mkoi56j.exactdn.com\\\/wp-content\\\/uploads\\\/2025\\\/05\\\/Shop-CD-instruments-de-la-poesie.jpg?strip=all\",\"width\":2000,\"height\":2000},{\"@type\":\"BreadcrumbList\",\"@id\":\"https:\\\/\\\/www.silkeaichhorn.de\\\/en\\\/product\\\/instruments-de-la-poesie-musik-aus-frankreich-durch-fuenf-jahrhunderte-fuer-floete-und-harfe-hm-112\\\/#breadcrumb\",\"itemListElement\":[{\"@type\":\"ListItem\",\"position\":1,\"name\":\"Startseite\",\"item\":\"https:\\\/\\\/www.silkeaichhorn.de\\\/en\\\/\"},{\"@type\":\"ListItem\",\"position\":2,\"name\":\"Shop\",\"item\":\"https:\\\/\\\/www.silkeaichhorn.de\\\/en\\\/shop\\\/\"},{\"@type\":\"ListItem\",\"position\":3,\"name\":\"Instruments de la po\u00e9sie- Musik aus Frankreich durch f\u00fcnf Jahrhunderte f\u00fcr Fl\u00f6te und Harfe HM 112\"}]},{\"@type\":\"WebSite\",\"@id\":\"https:\\\/\\\/www.silkeaichhorn.de\\\/en\\\/#website\",\"url\":\"https:\\\/\\\/www.silkeaichhorn.de\\\/en\\\/\",\"name\":\"Harfenistin Silke Aichhorn\",\"description\":\"\",\"potentialAction\":[{\"@type\":\"SearchAction\",\"target\":{\"@type\":\"EntryPoint\",\"urlTemplate\":\"https:\\\/\\\/www.silkeaichhorn.de\\\/en\\\/?s={search_term_string}\"},\"query-input\":{\"@type\":\"PropertyValueSpecification\",\"valueRequired\":true,\"valueName\":\"search_term_string\"}}],\"inLanguage\":\"en-US\"}]}<\/script>\n<!-- \/ Yoast SEO plugin. -->","yoast_head_json":{"title":"Instruments de la po\u00e9sie- Musik aus Frankreich durch f\u00fcnf Jahrhunderte f\u00fcr Fl\u00f6te und Harfe HM 112 - Harfenistin Silke Aichhorn","robots":{"index":"index","follow":"follow","max-snippet":"max-snippet:-1","max-image-preview":"max-image-preview:large","max-video-preview":"max-video-preview:-1"},"canonical":"https:\/\/www.silkeaichhorn.de\/en\/product\/instruments-de-la-poesie-musik-aus-frankreich-durch-fuenf-jahrhunderte-fuer-floete-und-harfe-hm-112\/","og_locale":"en_US","og_type":"article","og_title":"Instruments de la po\u00e9sie- Musik aus Frankreich durch f\u00fcnf Jahrhunderte f\u00fcr Fl\u00f6te und Harfe HM 112 - Harfenistin Silke Aichhorn","og_description":"Spielerische Noblesse...Bravourleistungen auf Fl\u00f6te und Harfe....Virtuoses Duo brilliert","og_url":"https:\/\/www.silkeaichhorn.de\/en\/product\/instruments-de-la-poesie-musik-aus-frankreich-durch-fuenf-jahrhunderte-fuer-floete-und-harfe-hm-112\/","og_site_name":"Harfenistin Silke Aichhorn","twitter_card":"summary_large_image","schema":{"@context":"https:\/\/schema.org","@graph":[{"@type":"WebPage","@id":"https:\/\/www.silkeaichhorn.de\/en\/product\/instruments-de-la-poesie-musik-aus-frankreich-durch-fuenf-jahrhunderte-fuer-floete-und-harfe-hm-112\/","url":"https:\/\/www.silkeaichhorn.de\/en\/product\/instruments-de-la-poesie-musik-aus-frankreich-durch-fuenf-jahrhunderte-fuer-floete-und-harfe-hm-112\/","name":"Instruments de la po\u00e9sie- Musik aus Frankreich durch f\u00fcnf Jahrhunderte f\u00fcr Fl\u00f6te und Harfe HM 112 - Harfenistin Silke Aichhorn","isPartOf":{"@id":"https:\/\/www.silkeaichhorn.de\/en\/#website"},"primaryImageOfPage":{"@id":"https:\/\/www.silkeaichhorn.de\/en\/product\/instruments-de-la-poesie-musik-aus-frankreich-durch-fuenf-jahrhunderte-fuer-floete-und-harfe-hm-112\/#primaryimage"},"image":{"@id":"https:\/\/www.silkeaichhorn.de\/en\/product\/instruments-de-la-poesie-musik-aus-frankreich-durch-fuenf-jahrhunderte-fuer-floete-und-harfe-hm-112\/#primaryimage"},"thumbnailUrl":"https:\/\/egi9mkoi56j.exactdn.com\/wp-content\/uploads\/2025\/05\/Shop-CD-instruments-de-la-poesie.jpg?strip=all","datePublished":"2025-05-20T14:14:43+00:00","breadcrumb":{"@id":"https:\/\/www.silkeaichhorn.de\/en\/product\/instruments-de-la-poesie-musik-aus-frankreich-durch-fuenf-jahrhunderte-fuer-floete-und-harfe-hm-112\/#breadcrumb"},"inLanguage":"en-US","potentialAction":[{"@type":"ReadAction","target":["https:\/\/www.silkeaichhorn.de\/en\/product\/instruments-de-la-poesie-musik-aus-frankreich-durch-fuenf-jahrhunderte-fuer-floete-und-harfe-hm-112\/"]}]},{"@type":"ImageObject","inLanguage":"en-US","@id":"https:\/\/www.silkeaichhorn.de\/en\/product\/instruments-de-la-poesie-musik-aus-frankreich-durch-fuenf-jahrhunderte-fuer-floete-und-harfe-hm-112\/#primaryimage","url":"https:\/\/egi9mkoi56j.exactdn.com\/wp-content\/uploads\/2025\/05\/Shop-CD-instruments-de-la-poesie.jpg?strip=all","contentUrl":"https:\/\/egi9mkoi56j.exactdn.com\/wp-content\/uploads\/2025\/05\/Shop-CD-instruments-de-la-poesie.jpg?strip=all","width":2000,"height":2000},{"@type":"BreadcrumbList","@id":"https:\/\/www.silkeaichhorn.de\/en\/product\/instruments-de-la-poesie-musik-aus-frankreich-durch-fuenf-jahrhunderte-fuer-floete-und-harfe-hm-112\/#breadcrumb","itemListElement":[{"@type":"ListItem","position":1,"name":"Startseite","item":"https:\/\/www.silkeaichhorn.de\/en\/"},{"@type":"ListItem","position":2,"name":"Shop","item":"https:\/\/www.silkeaichhorn.de\/en\/shop\/"},{"@type":"ListItem","position":3,"name":"Instruments de la po\u00e9sie- Musik aus Frankreich durch f\u00fcnf Jahrhunderte f\u00fcr Fl\u00f6te und Harfe HM 112"}]},{"@type":"WebSite","@id":"https:\/\/www.silkeaichhorn.de\/en\/#website","url":"https:\/\/www.silkeaichhorn.de\/en\/","name":"Harfenistin Silke Aichhorn","description":"","potentialAction":[{"@type":"SearchAction","target":{"@type":"EntryPoint","urlTemplate":"https:\/\/www.silkeaichhorn.de\/en\/?s={search_term_string}"},"query-input":{"@type":"PropertyValueSpecification","valueRequired":true,"valueName":"search_term_string"}}],"inLanguage":"en-US"}]}},"_links":{"self":[{"href":"https:\/\/www.silkeaichhorn.de\/en\/wp-json\/wp\/v2\/product\/4696","targetHints":{"allow":["GET"]}}],"collection":[{"href":"https:\/\/www.silkeaichhorn.de\/en\/wp-json\/wp\/v2\/product"}],"about":[{"href":"https:\/\/www.silkeaichhorn.de\/en\/wp-json\/wp\/v2\/types\/product"}],"replies":[{"embeddable":true,"href":"https:\/\/www.silkeaichhorn.de\/en\/wp-json\/wp\/v2\/comments?post=4696"}],"wp:featuredmedia":[{"embeddable":true,"href":"https:\/\/www.silkeaichhorn.de\/en\/wp-json\/wp\/v2\/media\/4697"}],"wp:attachment":[{"href":"https:\/\/www.silkeaichhorn.de\/en\/wp-json\/wp\/v2\/media?parent=4696"}],"wp:term":[{"taxonomy":"product_brand","embeddable":true,"href":"https:\/\/www.silkeaichhorn.de\/en\/wp-json\/wp\/v2\/product_brand?post=4696"},{"taxonomy":"product_cat","embeddable":true,"href":"https:\/\/www.silkeaichhorn.de\/en\/wp-json\/wp\/v2\/product_cat?post=4696"},{"taxonomy":"product_tag","embeddable":true,"href":"https:\/\/www.silkeaichhorn.de\/en\/wp-json\/wp\/v2\/product_tag?post=4696"}],"curies":[{"name":"wp","href":"https:\/\/api.w.org\/{rel}","templated":true}]}}