{"id":4704,"date":"2025-05-20T16:14:43","date_gmt":"2025-05-20T14:14:43","guid":{"rendered":"https:\/\/www.silkeaichhorn.de\/produkt\/leihmaterial-concertino-e-moll-elias-parish-alvars-kosten-nach-vereinbarung\/"},"modified":"2025-05-20T16:14:43","modified_gmt":"2025-05-20T14:14:43","slug":"leihmaterial-concertino-e-moll-elias-parish-alvars-kosten-nach-vereinbarung","status":"publish","type":"product","link":"https:\/\/www.silkeaichhorn.de\/en\/product\/leihmaterial-concertino-e-moll-elias-parish-alvars-kosten-nach-vereinbarung\/","title":{"rendered":"Leihmaterial Concertino e-moll Elias Parish-Alvars- Kosten nach Vereinbarung"},"content":{"rendered":"<p>CONCERTINO e-moll op.34 \u2013 Elias Parish-Alvars<\/p>\n<p>Elias Parish-Alvars gilt bis in die heutige Zeit als der wohl ber\u00fchmteste und au\u00dfergew\u00f6hnlichste Harfenvirtuose dessen Werk aber lange Zeit vergessen schien.<br \/>\nAm 28.2.1808 im englischen Teigenmouth geboren f\u00fchrt ihn eine erste Wunderkind-Reise mit 15 Jahren nach Deutschland. Als 18-j\u00e4hriger wird er in Mailand begeistert gefeiert und zwei Jahre sp\u00e4ter ebenso in Wien. Zwischen 1838 und 1842 unternimmt er eine Reise in der Orient die nachhaltigen Einfluss auf viele seiner Werke aus\u00fcbt.<br \/>\n1846 begegnet er in Leipzig Felix Mendelssohn-Bartholdy unter dessen menschlicher wie k\u00fcnstlerischer Leitung er ein weiteres Harfenkonzert schreibt.<br \/>\nSein schon ans teuflisch grenzende K\u00f6nnen und den grandiosen Charakter seines Spiels r\u00fchmen u.a. Liszt F\u00e9tis und Berlioz.<\/p>\n<p>Letzterer widmet ihm ein seinen Memoiren mehrere Seiten und \u00e4u\u00dfert sich begeistert: \u201d Er ist der Liszt der Harfe!\u201d \u2013 und Liszt soll auf Parish-Alvars Anfragen nach Kompositionen f\u00fcr die Harfe geantwortet haben er m\u00f6ge doch einfach seine Klavierwerke auf der Harfe spielen!<br \/>\nSeine Kompositionen geh\u00f6ren bis heute zu den schwierigsten des Repertoires; sie verk\u00f6rpern den reinen Typus des brillanten romantischen Harfenkonzertes.<br \/>\nDabei sind Einfl\u00fcsse Liszts Mendelssohns und Chopins un\u00fcberh\u00f6rbar. Seine Solost\u00fccke begr\u00fcnden eine Glanzperiode des Harfenspiels seine Harfenkonzerte holten das Instrument aus dem Salondasein heraus und sind in ihrer Gattung einzig.<\/p>\n<span class=\"et_bloom_bottom_trigger\"><\/span>","protected":false},"excerpt":{"rendered":"<p>CONCERTINO e-moll op.34 \u2013 Elias Parish-Alvars Elias Parish-Alvars gilt bis in die heutige Zeit als der wohl ber\u00fchmteste und au\u00dfergew\u00f6hnlichste Harfenvirtuose dessen Werk aber lange Zeit vergessen schien. Am 28.2.1808 im englischen Teigenmouth geboren f\u00fchrt ihn eine erste Wunderkind-Reise mit 15 Jahren nach Deutschland. Als 18-j\u00e4hriger wird er in Mailand begeistert gefeiert und zwei Jahre [&hellip;]<\/p>\n","protected":false},"featured_media":4705,"comment_status":"open","ping_status":"closed","template":"","meta":{"_et_pb_use_builder":"","_et_pb_old_content":"","_et_gb_content_width":"","inline_featured_image":false},"product_brand":[],"product_cat":[99],"product_tag":[],"class_list":{"0":"post-4704","1":"product","2":"type-product","3":"status-publish","4":"has-post-thumbnail","6":"product_cat-notes","8":"first","9":"instock","10":"taxable","11":"shipping-taxable","12":"product-type-simple"},"yoast_head":"<!-- This site is optimized with the Yoast SEO plugin v27.4 - https:\/\/yoast.com\/product\/yoast-seo-wordpress\/ -->\n<title>Leihmaterial Concertino e-moll Elias Parish-Alvars- Kosten nach Vereinbarung - Harfenistin Silke Aichhorn<\/title>\n<meta name=\"robots\" content=\"index, follow, max-snippet:-1, max-image-preview:large, max-video-preview:-1\" \/>\n<link rel=\"canonical\" href=\"https:\/\/www.silkeaichhorn.de\/en\/product\/leihmaterial-concertino-e-moll-elias-parish-alvars-kosten-nach-vereinbarung\/\" \/>\n<meta property=\"og:locale\" content=\"en_US\" \/>\n<meta property=\"og:type\" content=\"article\" \/>\n<meta property=\"og:title\" content=\"Leihmaterial Concertino e-moll Elias Parish-Alvars- Kosten nach Vereinbarung - Harfenistin Silke Aichhorn\" \/>\n<meta property=\"og:description\" content=\"CONCERTINO e-moll op.34 \u2013 Elias Parish-Alvars Elias Parish-Alvars gilt bis in die heutige Zeit als der wohl ber\u00fchmteste und au\u00dfergew\u00f6hnlichste Harfenvirtuose dessen Werk aber lange Zeit vergessen schien. Am 28.2.1808 im englischen Teigenmouth geboren f\u00fchrt ihn eine erste Wunderkind-Reise mit 15 Jahren nach Deutschland. Als 18-j\u00e4hriger wird er in Mailand begeistert gefeiert und zwei Jahre [&hellip;]\" \/>\n<meta property=\"og:url\" content=\"https:\/\/www.silkeaichhorn.de\/en\/product\/leihmaterial-concertino-e-moll-elias-parish-alvars-kosten-nach-vereinbarung\/\" \/>\n<meta property=\"og:site_name\" content=\"Harfenistin Silke Aichhorn\" \/>\n<meta name=\"twitter:card\" content=\"summary_large_image\" \/>\n<meta name=\"twitter:label1\" content=\"Est. reading time\" \/>\n\t<meta name=\"twitter:data1\" content=\"1 minute\" \/>\n<script type=\"application\/ld+json\" class=\"yoast-schema-graph\">{\"@context\":\"https:\\\/\\\/schema.org\",\"@graph\":[{\"@type\":\"WebPage\",\"@id\":\"https:\\\/\\\/www.silkeaichhorn.de\\\/en\\\/product\\\/leihmaterial-concertino-e-moll-elias-parish-alvars-kosten-nach-vereinbarung\\\/\",\"url\":\"https:\\\/\\\/www.silkeaichhorn.de\\\/en\\\/product\\\/leihmaterial-concertino-e-moll-elias-parish-alvars-kosten-nach-vereinbarung\\\/\",\"name\":\"Leihmaterial Concertino e-moll Elias Parish-Alvars- Kosten nach Vereinbarung - Harfenistin Silke Aichhorn\",\"isPartOf\":{\"@id\":\"https:\\\/\\\/www.silkeaichhorn.de\\\/en\\\/#website\"},\"primaryImageOfPage\":{\"@id\":\"https:\\\/\\\/www.silkeaichhorn.de\\\/en\\\/product\\\/leihmaterial-concertino-e-moll-elias-parish-alvars-kosten-nach-vereinbarung\\\/#primaryimage\"},\"image\":{\"@id\":\"https:\\\/\\\/www.silkeaichhorn.de\\\/en\\\/product\\\/leihmaterial-concertino-e-moll-elias-parish-alvars-kosten-nach-vereinbarung\\\/#primaryimage\"},\"thumbnailUrl\":\"https:\\\/\\\/egi9mkoi56j.exactdn.com\\\/wp-content\\\/uploads\\\/2025\\\/05\\\/Shop-Noten-NOTEN-Concertino-e-moll-Elias-Parish-Alvars.jpg?strip=all\",\"datePublished\":\"2025-05-20T14:14:43+00:00\",\"breadcrumb\":{\"@id\":\"https:\\\/\\\/www.silkeaichhorn.de\\\/en\\\/product\\\/leihmaterial-concertino-e-moll-elias-parish-alvars-kosten-nach-vereinbarung\\\/#breadcrumb\"},\"inLanguage\":\"en-US\",\"potentialAction\":[{\"@type\":\"ReadAction\",\"target\":[\"https:\\\/\\\/www.silkeaichhorn.de\\\/en\\\/product\\\/leihmaterial-concertino-e-moll-elias-parish-alvars-kosten-nach-vereinbarung\\\/\"]}]},{\"@type\":\"ImageObject\",\"inLanguage\":\"en-US\",\"@id\":\"https:\\\/\\\/www.silkeaichhorn.de\\\/en\\\/product\\\/leihmaterial-concertino-e-moll-elias-parish-alvars-kosten-nach-vereinbarung\\\/#primaryimage\",\"url\":\"https:\\\/\\\/egi9mkoi56j.exactdn.com\\\/wp-content\\\/uploads\\\/2025\\\/05\\\/Shop-Noten-NOTEN-Concertino-e-moll-Elias-Parish-Alvars.jpg?strip=all\",\"contentUrl\":\"https:\\\/\\\/egi9mkoi56j.exactdn.com\\\/wp-content\\\/uploads\\\/2025\\\/05\\\/Shop-Noten-NOTEN-Concertino-e-moll-Elias-Parish-Alvars.jpg?strip=all\",\"width\":1000,\"height\":1000},{\"@type\":\"BreadcrumbList\",\"@id\":\"https:\\\/\\\/www.silkeaichhorn.de\\\/en\\\/product\\\/leihmaterial-concertino-e-moll-elias-parish-alvars-kosten-nach-vereinbarung\\\/#breadcrumb\",\"itemListElement\":[{\"@type\":\"ListItem\",\"position\":1,\"name\":\"Startseite\",\"item\":\"https:\\\/\\\/www.silkeaichhorn.de\\\/en\\\/\"},{\"@type\":\"ListItem\",\"position\":2,\"name\":\"Shop\",\"item\":\"https:\\\/\\\/www.silkeaichhorn.de\\\/en\\\/shop\\\/\"},{\"@type\":\"ListItem\",\"position\":3,\"name\":\"Leihmaterial Concertino e-moll Elias Parish-Alvars- Kosten nach Vereinbarung\"}]},{\"@type\":\"WebSite\",\"@id\":\"https:\\\/\\\/www.silkeaichhorn.de\\\/en\\\/#website\",\"url\":\"https:\\\/\\\/www.silkeaichhorn.de\\\/en\\\/\",\"name\":\"Harfenistin Silke Aichhorn\",\"description\":\"\",\"potentialAction\":[{\"@type\":\"SearchAction\",\"target\":{\"@type\":\"EntryPoint\",\"urlTemplate\":\"https:\\\/\\\/www.silkeaichhorn.de\\\/en\\\/?s={search_term_string}\"},\"query-input\":{\"@type\":\"PropertyValueSpecification\",\"valueRequired\":true,\"valueName\":\"search_term_string\"}}],\"inLanguage\":\"en-US\"}]}<\/script>\n<!-- \/ Yoast SEO plugin. -->","yoast_head_json":{"title":"Leihmaterial Concertino e-moll Elias Parish-Alvars- Kosten nach Vereinbarung - Harfenistin Silke Aichhorn","robots":{"index":"index","follow":"follow","max-snippet":"max-snippet:-1","max-image-preview":"max-image-preview:large","max-video-preview":"max-video-preview:-1"},"canonical":"https:\/\/www.silkeaichhorn.de\/en\/product\/leihmaterial-concertino-e-moll-elias-parish-alvars-kosten-nach-vereinbarung\/","og_locale":"en_US","og_type":"article","og_title":"Leihmaterial Concertino e-moll Elias Parish-Alvars- Kosten nach Vereinbarung - Harfenistin Silke Aichhorn","og_description":"CONCERTINO e-moll op.34 \u2013 Elias Parish-Alvars Elias Parish-Alvars gilt bis in die heutige Zeit als der wohl ber\u00fchmteste und au\u00dfergew\u00f6hnlichste Harfenvirtuose dessen Werk aber lange Zeit vergessen schien. Am 28.2.1808 im englischen Teigenmouth geboren f\u00fchrt ihn eine erste Wunderkind-Reise mit 15 Jahren nach Deutschland. Als 18-j\u00e4hriger wird er in Mailand begeistert gefeiert und zwei Jahre [&hellip;]","og_url":"https:\/\/www.silkeaichhorn.de\/en\/product\/leihmaterial-concertino-e-moll-elias-parish-alvars-kosten-nach-vereinbarung\/","og_site_name":"Harfenistin Silke Aichhorn","twitter_card":"summary_large_image","twitter_misc":{"Est. reading time":"1 minute"},"schema":{"@context":"https:\/\/schema.org","@graph":[{"@type":"WebPage","@id":"https:\/\/www.silkeaichhorn.de\/en\/product\/leihmaterial-concertino-e-moll-elias-parish-alvars-kosten-nach-vereinbarung\/","url":"https:\/\/www.silkeaichhorn.de\/en\/product\/leihmaterial-concertino-e-moll-elias-parish-alvars-kosten-nach-vereinbarung\/","name":"Leihmaterial Concertino e-moll Elias Parish-Alvars- Kosten nach Vereinbarung - Harfenistin Silke Aichhorn","isPartOf":{"@id":"https:\/\/www.silkeaichhorn.de\/en\/#website"},"primaryImageOfPage":{"@id":"https:\/\/www.silkeaichhorn.de\/en\/product\/leihmaterial-concertino-e-moll-elias-parish-alvars-kosten-nach-vereinbarung\/#primaryimage"},"image":{"@id":"https:\/\/www.silkeaichhorn.de\/en\/product\/leihmaterial-concertino-e-moll-elias-parish-alvars-kosten-nach-vereinbarung\/#primaryimage"},"thumbnailUrl":"https:\/\/egi9mkoi56j.exactdn.com\/wp-content\/uploads\/2025\/05\/Shop-Noten-NOTEN-Concertino-e-moll-Elias-Parish-Alvars.jpg?strip=all","datePublished":"2025-05-20T14:14:43+00:00","breadcrumb":{"@id":"https:\/\/www.silkeaichhorn.de\/en\/product\/leihmaterial-concertino-e-moll-elias-parish-alvars-kosten-nach-vereinbarung\/#breadcrumb"},"inLanguage":"en-US","potentialAction":[{"@type":"ReadAction","target":["https:\/\/www.silkeaichhorn.de\/en\/product\/leihmaterial-concertino-e-moll-elias-parish-alvars-kosten-nach-vereinbarung\/"]}]},{"@type":"ImageObject","inLanguage":"en-US","@id":"https:\/\/www.silkeaichhorn.de\/en\/product\/leihmaterial-concertino-e-moll-elias-parish-alvars-kosten-nach-vereinbarung\/#primaryimage","url":"https:\/\/egi9mkoi56j.exactdn.com\/wp-content\/uploads\/2025\/05\/Shop-Noten-NOTEN-Concertino-e-moll-Elias-Parish-Alvars.jpg?strip=all","contentUrl":"https:\/\/egi9mkoi56j.exactdn.com\/wp-content\/uploads\/2025\/05\/Shop-Noten-NOTEN-Concertino-e-moll-Elias-Parish-Alvars.jpg?strip=all","width":1000,"height":1000},{"@type":"BreadcrumbList","@id":"https:\/\/www.silkeaichhorn.de\/en\/product\/leihmaterial-concertino-e-moll-elias-parish-alvars-kosten-nach-vereinbarung\/#breadcrumb","itemListElement":[{"@type":"ListItem","position":1,"name":"Startseite","item":"https:\/\/www.silkeaichhorn.de\/en\/"},{"@type":"ListItem","position":2,"name":"Shop","item":"https:\/\/www.silkeaichhorn.de\/en\/shop\/"},{"@type":"ListItem","position":3,"name":"Leihmaterial Concertino e-moll Elias Parish-Alvars- Kosten nach Vereinbarung"}]},{"@type":"WebSite","@id":"https:\/\/www.silkeaichhorn.de\/en\/#website","url":"https:\/\/www.silkeaichhorn.de\/en\/","name":"Harfenistin Silke Aichhorn","description":"","potentialAction":[{"@type":"SearchAction","target":{"@type":"EntryPoint","urlTemplate":"https:\/\/www.silkeaichhorn.de\/en\/?s={search_term_string}"},"query-input":{"@type":"PropertyValueSpecification","valueRequired":true,"valueName":"search_term_string"}}],"inLanguage":"en-US"}]}},"_links":{"self":[{"href":"https:\/\/www.silkeaichhorn.de\/en\/wp-json\/wp\/v2\/product\/4704","targetHints":{"allow":["GET"]}}],"collection":[{"href":"https:\/\/www.silkeaichhorn.de\/en\/wp-json\/wp\/v2\/product"}],"about":[{"href":"https:\/\/www.silkeaichhorn.de\/en\/wp-json\/wp\/v2\/types\/product"}],"replies":[{"embeddable":true,"href":"https:\/\/www.silkeaichhorn.de\/en\/wp-json\/wp\/v2\/comments?post=4704"}],"wp:featuredmedia":[{"embeddable":true,"href":"https:\/\/www.silkeaichhorn.de\/en\/wp-json\/wp\/v2\/media\/4705"}],"wp:attachment":[{"href":"https:\/\/www.silkeaichhorn.de\/en\/wp-json\/wp\/v2\/media?parent=4704"}],"wp:term":[{"taxonomy":"product_brand","embeddable":true,"href":"https:\/\/www.silkeaichhorn.de\/en\/wp-json\/wp\/v2\/product_brand?post=4704"},{"taxonomy":"product_cat","embeddable":true,"href":"https:\/\/www.silkeaichhorn.de\/en\/wp-json\/wp\/v2\/product_cat?post=4704"},{"taxonomy":"product_tag","embeddable":true,"href":"https:\/\/www.silkeaichhorn.de\/en\/wp-json\/wp\/v2\/product_tag?post=4704"}],"curies":[{"name":"wp","href":"https:\/\/api.w.org\/{rel}","templated":true}]}}