{"id":4708,"date":"2025-05-20T16:14:42","date_gmt":"2025-05-20T14:14:42","guid":{"rendered":"https:\/\/www.silkeaichhorn.de\/produkt\/harfenklaenge-fuer-die-seele-nr-2\/"},"modified":"2025-05-20T16:14:42","modified_gmt":"2025-05-20T14:14:42","slug":"harfenklaenge-fuer-die-seele-nr-2","status":"publish","type":"product","link":"https:\/\/www.silkeaichhorn.de\/en\/product\/harfenklaenge-fuer-die-seele-nr-2\/","title":{"rendered":"Harfenkl\u00e4nge f\u00fcr die Seele Nr. 2- HM 114"},"content":{"rendered":"<ol>\n<li><strong>Johann Sebastian Bach (1685\u20131750):<\/strong> Sonate f\u00fcr Violine Nr.\u202f2 C-Dur BWV 1003<\/li>\n<li><strong>Xsenia Erdely (1878\u20131971):<\/strong> Elegy in Memory of Mikhail Glinka<\/li>\n<li><strong>Jakob Blumenthal (1829\u20131908):<\/strong> La Source \u2013 Caprice for Piano in G\u266d Major<\/li>\n<li><strong>John Dowland (1563\u20131626):<\/strong> Lachrimae Antiquae<\/li>\n<li><strong>Johann Sebastian Bach (1685\u20131750):<\/strong> Jesu bleibet meine Freude BWV 147<\/li>\n<li><strong>John Thomas (1826\u20131913):<\/strong> The Miller\u2019s Daughter<\/li>\n<li><strong>Peter I. Tschaikowsky (1840\u20131893):<\/strong> Barcarole Op.\u202f37bis Nr.\u202f6<\/li>\n<li><strong>Engelbert Humperdinck (1854\u20131921):<\/strong> Abendsegen aus *H\u00e4nsel und Gretel*<\/li>\n<li><strong>Johann Pachelbel (1653\u20131706):<\/strong> Chaconne<\/li>\n<li><strong>Franz Schubert (1797\u20131828):<\/strong> Impromptu Op.\u202f90 Nr.\u202f4 D 899<\/li>\n<li><strong>Petra Kruse (*1968):<\/strong> Kim<\/li>\n<li><strong>Alphonse Hasselmans (1845\u20131912):<\/strong> Confidence Op.\u202f24<\/li>\n<li><strong>Georg Friedrich H\u00e4ndel (1685\u20131759):<\/strong> Symphony aus dem Oratorium *Saul* HWV 53<\/li>\n<li><strong>Georg Friedrich H\u00e4ndel (1685\u20131759):<\/strong> Sarabande aus HWV 437<\/li>\n<li><strong>Schottische Volksweise, arr. Kim Robertson:<\/strong> My Love is Like a Red, Red Rose<\/li>\n<li><strong>Franz Liszt (1811\u20131886):<\/strong> Im Rhein, im sch\u00f6nen Strome<\/li>\n<li><strong>Johann Sebastian Bach (1685\u20131750):<\/strong> Aria aus den Goldberg-Variationen BWV 988<\/li>\n<li><strong>Irische Melodie (Taiz\u00e9):<\/strong> Irischer Reisesegen<\/li>\n<\/ol>\n<span class=\"et_bloom_bottom_trigger\"><\/span>","protected":false},"excerpt":{"rendered":"<p>Beruhigend-tr\u00f6stend-entspannend<\/p>\n<p>Die CD habe ich f\u00fcr\u00a0meine\u00a0Ernennung zur\u00a0&#8220;Hospizbotschafterin&#8221; der Caritas Traunstein eingespielt.<\/p>\n","protected":false},"featured_media":4710,"comment_status":"open","ping_status":"closed","template":"","meta":{"_et_pb_use_builder":"","_et_pb_old_content":"","_et_gb_content_width":"","inline_featured_image":false},"product_brand":[],"product_cat":[96,90,91],"product_tag":[],"class_list":{"0":"post-4708","1":"product","2":"type-product","3":"status-publish","4":"has-post-thumbnail","6":"product_cat-calm-cds","7":"product_cat-cds","8":"product_cat-harp-solo","10":"first","11":"instock","12":"taxable","13":"shipping-taxable","14":"purchasable","15":"product-type-simple"},"yoast_head":"<!-- This site is optimized with the Yoast SEO plugin v27.4 - https:\/\/yoast.com\/product\/yoast-seo-wordpress\/ -->\n<title>Harfenkl\u00e4nge f\u00fcr die Seele Nr. 2- HM 114 - Harfenistin Silke Aichhorn<\/title>\n<meta name=\"robots\" content=\"index, follow, max-snippet:-1, max-image-preview:large, max-video-preview:-1\" \/>\n<link rel=\"canonical\" href=\"https:\/\/www.silkeaichhorn.de\/en\/product\/harfenklaenge-fuer-die-seele-nr-2\/\" \/>\n<meta property=\"og:locale\" content=\"en_US\" \/>\n<meta property=\"og:type\" content=\"article\" \/>\n<meta property=\"og:title\" content=\"Harfenkl\u00e4nge f\u00fcr die Seele Nr. 2- HM 114 - Harfenistin Silke Aichhorn\" \/>\n<meta property=\"og:description\" content=\"Beruhigend-tr\u00f6stend-entspannend  Die CD habe ich f\u00fcr\u00a0meine\u00a0Ernennung zur\u00a0&quot;Hospizbotschafterin&quot; der Caritas Traunstein eingespielt.\" \/>\n<meta property=\"og:url\" content=\"https:\/\/www.silkeaichhorn.de\/en\/product\/harfenklaenge-fuer-die-seele-nr-2\/\" \/>\n<meta property=\"og:site_name\" content=\"Harfenistin Silke Aichhorn\" \/>\n<meta name=\"twitter:card\" content=\"summary_large_image\" \/>\n<meta name=\"twitter:label1\" content=\"Est. reading time\" \/>\n\t<meta name=\"twitter:data1\" content=\"1 minute\" \/>\n<script type=\"application\/ld+json\" class=\"yoast-schema-graph\">{\"@context\":\"https:\\\/\\\/schema.org\",\"@graph\":[{\"@type\":\"WebPage\",\"@id\":\"https:\\\/\\\/www.silkeaichhorn.de\\\/en\\\/product\\\/harfenklaenge-fuer-die-seele-nr-2\\\/\",\"url\":\"https:\\\/\\\/www.silkeaichhorn.de\\\/en\\\/product\\\/harfenklaenge-fuer-die-seele-nr-2\\\/\",\"name\":\"Harfenkl\u00e4nge f\u00fcr die Seele Nr. 2- HM 114 - Harfenistin Silke Aichhorn\",\"isPartOf\":{\"@id\":\"https:\\\/\\\/www.silkeaichhorn.de\\\/en\\\/#website\"},\"primaryImageOfPage\":{\"@id\":\"https:\\\/\\\/www.silkeaichhorn.de\\\/en\\\/product\\\/harfenklaenge-fuer-die-seele-nr-2\\\/#primaryimage\"},\"image\":{\"@id\":\"https:\\\/\\\/www.silkeaichhorn.de\\\/en\\\/product\\\/harfenklaenge-fuer-die-seele-nr-2\\\/#primaryimage\"},\"thumbnailUrl\":\"https:\\\/\\\/egi9mkoi56j.exactdn.com\\\/wp-content\\\/uploads\\\/2025\\\/05\\\/Shop-CD-Harfenklange-fur-die-seele-2-1.jpg?strip=all\",\"datePublished\":\"2025-05-20T14:14:42+00:00\",\"breadcrumb\":{\"@id\":\"https:\\\/\\\/www.silkeaichhorn.de\\\/en\\\/product\\\/harfenklaenge-fuer-die-seele-nr-2\\\/#breadcrumb\"},\"inLanguage\":\"en-US\",\"potentialAction\":[{\"@type\":\"ReadAction\",\"target\":[\"https:\\\/\\\/www.silkeaichhorn.de\\\/en\\\/product\\\/harfenklaenge-fuer-die-seele-nr-2\\\/\"]}]},{\"@type\":\"ImageObject\",\"inLanguage\":\"en-US\",\"@id\":\"https:\\\/\\\/www.silkeaichhorn.de\\\/en\\\/product\\\/harfenklaenge-fuer-die-seele-nr-2\\\/#primaryimage\",\"url\":\"https:\\\/\\\/egi9mkoi56j.exactdn.com\\\/wp-content\\\/uploads\\\/2025\\\/05\\\/Shop-CD-Harfenklange-fur-die-seele-2-1.jpg?strip=all\",\"contentUrl\":\"https:\\\/\\\/egi9mkoi56j.exactdn.com\\\/wp-content\\\/uploads\\\/2025\\\/05\\\/Shop-CD-Harfenklange-fur-die-seele-2-1.jpg?strip=all\",\"width\":2000,\"height\":2000},{\"@type\":\"BreadcrumbList\",\"@id\":\"https:\\\/\\\/www.silkeaichhorn.de\\\/en\\\/product\\\/harfenklaenge-fuer-die-seele-nr-2\\\/#breadcrumb\",\"itemListElement\":[{\"@type\":\"ListItem\",\"position\":1,\"name\":\"Startseite\",\"item\":\"https:\\\/\\\/www.silkeaichhorn.de\\\/en\\\/\"},{\"@type\":\"ListItem\",\"position\":2,\"name\":\"Shop\",\"item\":\"https:\\\/\\\/www.silkeaichhorn.de\\\/en\\\/shop\\\/\"},{\"@type\":\"ListItem\",\"position\":3,\"name\":\"Harfenkl\u00e4nge f\u00fcr die Seele Nr. 2- HM 114\"}]},{\"@type\":\"WebSite\",\"@id\":\"https:\\\/\\\/www.silkeaichhorn.de\\\/en\\\/#website\",\"url\":\"https:\\\/\\\/www.silkeaichhorn.de\\\/en\\\/\",\"name\":\"Harfenistin Silke Aichhorn\",\"description\":\"\",\"potentialAction\":[{\"@type\":\"SearchAction\",\"target\":{\"@type\":\"EntryPoint\",\"urlTemplate\":\"https:\\\/\\\/www.silkeaichhorn.de\\\/en\\\/?s={search_term_string}\"},\"query-input\":{\"@type\":\"PropertyValueSpecification\",\"valueRequired\":true,\"valueName\":\"search_term_string\"}}],\"inLanguage\":\"en-US\"}]}<\/script>\n<!-- \/ Yoast SEO plugin. -->","yoast_head_json":{"title":"Harfenkl\u00e4nge f\u00fcr die Seele Nr. 2- HM 114 - Harfenistin Silke Aichhorn","robots":{"index":"index","follow":"follow","max-snippet":"max-snippet:-1","max-image-preview":"max-image-preview:large","max-video-preview":"max-video-preview:-1"},"canonical":"https:\/\/www.silkeaichhorn.de\/en\/product\/harfenklaenge-fuer-die-seele-nr-2\/","og_locale":"en_US","og_type":"article","og_title":"Harfenkl\u00e4nge f\u00fcr die Seele Nr. 2- HM 114 - Harfenistin Silke Aichhorn","og_description":"Beruhigend-tr\u00f6stend-entspannend  Die CD habe ich f\u00fcr\u00a0meine\u00a0Ernennung zur\u00a0\"Hospizbotschafterin\" der Caritas Traunstein eingespielt.","og_url":"https:\/\/www.silkeaichhorn.de\/en\/product\/harfenklaenge-fuer-die-seele-nr-2\/","og_site_name":"Harfenistin Silke Aichhorn","twitter_card":"summary_large_image","twitter_misc":{"Est. reading time":"1 minute"},"schema":{"@context":"https:\/\/schema.org","@graph":[{"@type":"WebPage","@id":"https:\/\/www.silkeaichhorn.de\/en\/product\/harfenklaenge-fuer-die-seele-nr-2\/","url":"https:\/\/www.silkeaichhorn.de\/en\/product\/harfenklaenge-fuer-die-seele-nr-2\/","name":"Harfenkl\u00e4nge f\u00fcr die Seele Nr. 2- HM 114 - Harfenistin Silke Aichhorn","isPartOf":{"@id":"https:\/\/www.silkeaichhorn.de\/en\/#website"},"primaryImageOfPage":{"@id":"https:\/\/www.silkeaichhorn.de\/en\/product\/harfenklaenge-fuer-die-seele-nr-2\/#primaryimage"},"image":{"@id":"https:\/\/www.silkeaichhorn.de\/en\/product\/harfenklaenge-fuer-die-seele-nr-2\/#primaryimage"},"thumbnailUrl":"https:\/\/egi9mkoi56j.exactdn.com\/wp-content\/uploads\/2025\/05\/Shop-CD-Harfenklange-fur-die-seele-2-1.jpg?strip=all","datePublished":"2025-05-20T14:14:42+00:00","breadcrumb":{"@id":"https:\/\/www.silkeaichhorn.de\/en\/product\/harfenklaenge-fuer-die-seele-nr-2\/#breadcrumb"},"inLanguage":"en-US","potentialAction":[{"@type":"ReadAction","target":["https:\/\/www.silkeaichhorn.de\/en\/product\/harfenklaenge-fuer-die-seele-nr-2\/"]}]},{"@type":"ImageObject","inLanguage":"en-US","@id":"https:\/\/www.silkeaichhorn.de\/en\/product\/harfenklaenge-fuer-die-seele-nr-2\/#primaryimage","url":"https:\/\/egi9mkoi56j.exactdn.com\/wp-content\/uploads\/2025\/05\/Shop-CD-Harfenklange-fur-die-seele-2-1.jpg?strip=all","contentUrl":"https:\/\/egi9mkoi56j.exactdn.com\/wp-content\/uploads\/2025\/05\/Shop-CD-Harfenklange-fur-die-seele-2-1.jpg?strip=all","width":2000,"height":2000},{"@type":"BreadcrumbList","@id":"https:\/\/www.silkeaichhorn.de\/en\/product\/harfenklaenge-fuer-die-seele-nr-2\/#breadcrumb","itemListElement":[{"@type":"ListItem","position":1,"name":"Startseite","item":"https:\/\/www.silkeaichhorn.de\/en\/"},{"@type":"ListItem","position":2,"name":"Shop","item":"https:\/\/www.silkeaichhorn.de\/en\/shop\/"},{"@type":"ListItem","position":3,"name":"Harfenkl\u00e4nge f\u00fcr die Seele Nr. 2- HM 114"}]},{"@type":"WebSite","@id":"https:\/\/www.silkeaichhorn.de\/en\/#website","url":"https:\/\/www.silkeaichhorn.de\/en\/","name":"Harfenistin Silke Aichhorn","description":"","potentialAction":[{"@type":"SearchAction","target":{"@type":"EntryPoint","urlTemplate":"https:\/\/www.silkeaichhorn.de\/en\/?s={search_term_string}"},"query-input":{"@type":"PropertyValueSpecification","valueRequired":true,"valueName":"search_term_string"}}],"inLanguage":"en-US"}]}},"_links":{"self":[{"href":"https:\/\/www.silkeaichhorn.de\/en\/wp-json\/wp\/v2\/product\/4708","targetHints":{"allow":["GET"]}}],"collection":[{"href":"https:\/\/www.silkeaichhorn.de\/en\/wp-json\/wp\/v2\/product"}],"about":[{"href":"https:\/\/www.silkeaichhorn.de\/en\/wp-json\/wp\/v2\/types\/product"}],"replies":[{"embeddable":true,"href":"https:\/\/www.silkeaichhorn.de\/en\/wp-json\/wp\/v2\/comments?post=4708"}],"wp:featuredmedia":[{"embeddable":true,"href":"https:\/\/www.silkeaichhorn.de\/en\/wp-json\/wp\/v2\/media\/4710"}],"wp:attachment":[{"href":"https:\/\/www.silkeaichhorn.de\/en\/wp-json\/wp\/v2\/media?parent=4708"}],"wp:term":[{"taxonomy":"product_brand","embeddable":true,"href":"https:\/\/www.silkeaichhorn.de\/en\/wp-json\/wp\/v2\/product_brand?post=4708"},{"taxonomy":"product_cat","embeddable":true,"href":"https:\/\/www.silkeaichhorn.de\/en\/wp-json\/wp\/v2\/product_cat?post=4708"},{"taxonomy":"product_tag","embeddable":true,"href":"https:\/\/www.silkeaichhorn.de\/en\/wp-json\/wp\/v2\/product_tag?post=4708"}],"curies":[{"name":"wp","href":"https:\/\/api.w.org\/{rel}","templated":true}]}}