{"id":4717,"date":"2025-05-20T16:14:42","date_gmt":"2025-05-20T14:14:42","guid":{"rendered":"https:\/\/www.silkeaichhorn.de\/produkt\/images-hm-105\/"},"modified":"2025-05-20T16:14:42","modified_gmt":"2025-05-20T14:14:42","slug":"images-hm-105","status":"publish","type":"product","link":"https:\/\/www.silkeaichhorn.de\/en\/product\/images-hm-105\/","title":{"rendered":"Images- HM 105"},"content":{"rendered":"<ol>\n<li><strong>Marcel Tournier:<\/strong> <em>Vers la source dans le bois<\/em><\/li>\n<li><strong>H. Trne\u010dek \/ Bed\u0159ich Smetana:<\/strong> <em>Die Moldau<\/em><\/li>\n<li><strong>Alphonse Hasselmans:<\/strong> <em>La Source<\/em> Op.\u202f44<\/li>\n<\/ol>\n<p><strong>Marcel Tournier:<\/strong> <em>Suite Nr.\u202f4 \u201eImages\u201c<\/em><\/p>\n<ol start=\"4\">\n<li>La voli\u00e8re magique<\/li>\n<li>Cloches sous la neige<\/li>\n<li>La danse du moujik<\/li>\n<\/ol>\n<ol start=\"7\">\n<li><strong>Henriette Reni\u00e9:<\/strong> <em>Au bord du ruisseau<\/em><\/li>\n<li><strong>Camille Saint-Sa\u00ebns:<\/strong> <em>Der Schwan<\/em><\/li>\n<li><strong>Bernard Andr\u00e8s:<\/strong> <em>\u00c9l\u00e9gie pour la mort d\u2019un berger<\/em><\/li>\n<\/ol>\n<p><strong>Suzann McDonald \/ Linda Wood:<\/strong><em>Haikus for the Harp<\/em><\/p>\n<ol start=\"10\">\n<li>A stray cat\u2026<\/li>\n<li>Sacred music at night\u2026<\/li>\n<li>Even among insects in this world\u2026<\/li>\n<\/ol>\n<p><strong>Pearl Chertok:<\/strong> <em>O\u2019Clock Suite<\/em><\/p>\n<ol start=\"13\">\n<li>Ten Past Two<\/li>\n<li>Beige Nocturne<\/li>\n<li>Harpicide at Midnight<\/li>\n<li>The Morning After<\/li>\n<\/ol>\n<span class=\"et_bloom_bottom_trigger\"><\/span>","protected":false},"excerpt":{"rendered":"<p>Harfe und Wasser Harfe und Natur Musik in Bildern \u2013 als ich das Programm f\u00fcr diese CD zusammenstellte wurde mir ein weiteres Mal bewu\u00dft wie sehr sich mein Instrument f\u00fcr die musikalische Beschreibung der Elemente insbesondere des Wassers eignet.<br \/>\nAuch wenn fast keiner der KomponistInnen \u00fcber die Harfenwelt hinaus bekannt ist m\u00f6chte ich Sie mit diesen Solost\u00fccken \u00fcberraschen und einladen Neues zu entdecken. Die Tatsache die Harfe und deren komplizierte Technik genau zu kennen hat diesen \u201cMeistern aus der zweiter Reihe\u201d erst die M\u00f6glichkeit gegeben ad\u00e4quat f\u00fcr die Harfe zu komponieren.<\/p>\n","protected":false},"featured_media":4718,"comment_status":"open","ping_status":"closed","template":"","meta":{"_et_pb_use_builder":"","_et_pb_old_content":"","_et_gb_content_width":"","inline_featured_image":false},"product_brand":[],"product_cat":[90,91],"product_tag":[],"class_list":{"0":"post-4717","1":"product","2":"type-product","3":"status-publish","4":"has-post-thumbnail","6":"product_cat-cds","7":"product_cat-harp-solo","9":"first","10":"instock","11":"taxable","12":"shipping-taxable","13":"purchasable","14":"product-type-simple"},"yoast_head":"<!-- This site is optimized with the Yoast SEO plugin v27.4 - https:\/\/yoast.com\/product\/yoast-seo-wordpress\/ -->\n<title>Images- HM 105 - Harfenistin Silke Aichhorn<\/title>\n<meta name=\"robots\" content=\"index, follow, max-snippet:-1, max-image-preview:large, max-video-preview:-1\" \/>\n<link rel=\"canonical\" href=\"https:\/\/www.silkeaichhorn.de\/en\/product\/images-hm-105\/\" \/>\n<meta property=\"og:locale\" content=\"en_US\" \/>\n<meta property=\"og:type\" content=\"article\" \/>\n<meta property=\"og:title\" content=\"Images- HM 105 - Harfenistin Silke Aichhorn\" \/>\n<meta property=\"og:description\" content=\"Harfe und Wasser Harfe und Natur Musik in Bildern \u2013 als ich das Programm f\u00fcr diese CD zusammenstellte wurde mir ein weiteres Mal bewu\u00dft wie sehr sich mein Instrument f\u00fcr die musikalische Beschreibung der Elemente insbesondere des Wassers eignet. Auch wenn fast keiner der KomponistInnen \u00fcber die Harfenwelt hinaus bekannt ist m\u00f6chte ich Sie mit diesen Solost\u00fccken \u00fcberraschen und einladen Neues zu entdecken. Die Tatsache die Harfe und deren komplizierte Technik genau zu kennen hat diesen \u201cMeistern aus der zweiter Reihe\u201d erst die M\u00f6glichkeit gegeben ad\u00e4quat f\u00fcr die Harfe zu komponieren.\" \/>\n<meta property=\"og:url\" content=\"https:\/\/www.silkeaichhorn.de\/en\/product\/images-hm-105\/\" \/>\n<meta property=\"og:site_name\" content=\"Harfenistin Silke Aichhorn\" \/>\n<meta name=\"twitter:card\" content=\"summary_large_image\" \/>\n<script type=\"application\/ld+json\" class=\"yoast-schema-graph\">{\"@context\":\"https:\\\/\\\/schema.org\",\"@graph\":[{\"@type\":\"WebPage\",\"@id\":\"https:\\\/\\\/www.silkeaichhorn.de\\\/en\\\/product\\\/images-hm-105\\\/\",\"url\":\"https:\\\/\\\/www.silkeaichhorn.de\\\/en\\\/product\\\/images-hm-105\\\/\",\"name\":\"Images- HM 105 - Harfenistin Silke Aichhorn\",\"isPartOf\":{\"@id\":\"https:\\\/\\\/www.silkeaichhorn.de\\\/en\\\/#website\"},\"primaryImageOfPage\":{\"@id\":\"https:\\\/\\\/www.silkeaichhorn.de\\\/en\\\/product\\\/images-hm-105\\\/#primaryimage\"},\"image\":{\"@id\":\"https:\\\/\\\/www.silkeaichhorn.de\\\/en\\\/product\\\/images-hm-105\\\/#primaryimage\"},\"thumbnailUrl\":\"https:\\\/\\\/egi9mkoi56j.exactdn.com\\\/wp-content\\\/uploads\\\/2025\\\/05\\\/Shop-CD-Solo-Images.jpg?strip=all\",\"datePublished\":\"2025-05-20T14:14:42+00:00\",\"breadcrumb\":{\"@id\":\"https:\\\/\\\/www.silkeaichhorn.de\\\/en\\\/product\\\/images-hm-105\\\/#breadcrumb\"},\"inLanguage\":\"en-US\",\"potentialAction\":[{\"@type\":\"ReadAction\",\"target\":[\"https:\\\/\\\/www.silkeaichhorn.de\\\/en\\\/product\\\/images-hm-105\\\/\"]}]},{\"@type\":\"ImageObject\",\"inLanguage\":\"en-US\",\"@id\":\"https:\\\/\\\/www.silkeaichhorn.de\\\/en\\\/product\\\/images-hm-105\\\/#primaryimage\",\"url\":\"https:\\\/\\\/egi9mkoi56j.exactdn.com\\\/wp-content\\\/uploads\\\/2025\\\/05\\\/Shop-CD-Solo-Images.jpg?strip=all\",\"contentUrl\":\"https:\\\/\\\/egi9mkoi56j.exactdn.com\\\/wp-content\\\/uploads\\\/2025\\\/05\\\/Shop-CD-Solo-Images.jpg?strip=all\",\"width\":2000,\"height\":2000},{\"@type\":\"BreadcrumbList\",\"@id\":\"https:\\\/\\\/www.silkeaichhorn.de\\\/en\\\/product\\\/images-hm-105\\\/#breadcrumb\",\"itemListElement\":[{\"@type\":\"ListItem\",\"position\":1,\"name\":\"Startseite\",\"item\":\"https:\\\/\\\/www.silkeaichhorn.de\\\/en\\\/\"},{\"@type\":\"ListItem\",\"position\":2,\"name\":\"Shop\",\"item\":\"https:\\\/\\\/www.silkeaichhorn.de\\\/en\\\/shop\\\/\"},{\"@type\":\"ListItem\",\"position\":3,\"name\":\"Images- HM 105\"}]},{\"@type\":\"WebSite\",\"@id\":\"https:\\\/\\\/www.silkeaichhorn.de\\\/en\\\/#website\",\"url\":\"https:\\\/\\\/www.silkeaichhorn.de\\\/en\\\/\",\"name\":\"Harfenistin Silke Aichhorn\",\"description\":\"\",\"potentialAction\":[{\"@type\":\"SearchAction\",\"target\":{\"@type\":\"EntryPoint\",\"urlTemplate\":\"https:\\\/\\\/www.silkeaichhorn.de\\\/en\\\/?s={search_term_string}\"},\"query-input\":{\"@type\":\"PropertyValueSpecification\",\"valueRequired\":true,\"valueName\":\"search_term_string\"}}],\"inLanguage\":\"en-US\"}]}<\/script>\n<!-- \/ Yoast SEO plugin. -->","yoast_head_json":{"title":"Images- HM 105 - Harfenistin Silke Aichhorn","robots":{"index":"index","follow":"follow","max-snippet":"max-snippet:-1","max-image-preview":"max-image-preview:large","max-video-preview":"max-video-preview:-1"},"canonical":"https:\/\/www.silkeaichhorn.de\/en\/product\/images-hm-105\/","og_locale":"en_US","og_type":"article","og_title":"Images- HM 105 - Harfenistin Silke Aichhorn","og_description":"Harfe und Wasser Harfe und Natur Musik in Bildern \u2013 als ich das Programm f\u00fcr diese CD zusammenstellte wurde mir ein weiteres Mal bewu\u00dft wie sehr sich mein Instrument f\u00fcr die musikalische Beschreibung der Elemente insbesondere des Wassers eignet. Auch wenn fast keiner der KomponistInnen \u00fcber die Harfenwelt hinaus bekannt ist m\u00f6chte ich Sie mit diesen Solost\u00fccken \u00fcberraschen und einladen Neues zu entdecken. Die Tatsache die Harfe und deren komplizierte Technik genau zu kennen hat diesen \u201cMeistern aus der zweiter Reihe\u201d erst die M\u00f6glichkeit gegeben ad\u00e4quat f\u00fcr die Harfe zu komponieren.","og_url":"https:\/\/www.silkeaichhorn.de\/en\/product\/images-hm-105\/","og_site_name":"Harfenistin Silke Aichhorn","twitter_card":"summary_large_image","schema":{"@context":"https:\/\/schema.org","@graph":[{"@type":"WebPage","@id":"https:\/\/www.silkeaichhorn.de\/en\/product\/images-hm-105\/","url":"https:\/\/www.silkeaichhorn.de\/en\/product\/images-hm-105\/","name":"Images- HM 105 - Harfenistin Silke Aichhorn","isPartOf":{"@id":"https:\/\/www.silkeaichhorn.de\/en\/#website"},"primaryImageOfPage":{"@id":"https:\/\/www.silkeaichhorn.de\/en\/product\/images-hm-105\/#primaryimage"},"image":{"@id":"https:\/\/www.silkeaichhorn.de\/en\/product\/images-hm-105\/#primaryimage"},"thumbnailUrl":"https:\/\/egi9mkoi56j.exactdn.com\/wp-content\/uploads\/2025\/05\/Shop-CD-Solo-Images.jpg?strip=all","datePublished":"2025-05-20T14:14:42+00:00","breadcrumb":{"@id":"https:\/\/www.silkeaichhorn.de\/en\/product\/images-hm-105\/#breadcrumb"},"inLanguage":"en-US","potentialAction":[{"@type":"ReadAction","target":["https:\/\/www.silkeaichhorn.de\/en\/product\/images-hm-105\/"]}]},{"@type":"ImageObject","inLanguage":"en-US","@id":"https:\/\/www.silkeaichhorn.de\/en\/product\/images-hm-105\/#primaryimage","url":"https:\/\/egi9mkoi56j.exactdn.com\/wp-content\/uploads\/2025\/05\/Shop-CD-Solo-Images.jpg?strip=all","contentUrl":"https:\/\/egi9mkoi56j.exactdn.com\/wp-content\/uploads\/2025\/05\/Shop-CD-Solo-Images.jpg?strip=all","width":2000,"height":2000},{"@type":"BreadcrumbList","@id":"https:\/\/www.silkeaichhorn.de\/en\/product\/images-hm-105\/#breadcrumb","itemListElement":[{"@type":"ListItem","position":1,"name":"Startseite","item":"https:\/\/www.silkeaichhorn.de\/en\/"},{"@type":"ListItem","position":2,"name":"Shop","item":"https:\/\/www.silkeaichhorn.de\/en\/shop\/"},{"@type":"ListItem","position":3,"name":"Images- HM 105"}]},{"@type":"WebSite","@id":"https:\/\/www.silkeaichhorn.de\/en\/#website","url":"https:\/\/www.silkeaichhorn.de\/en\/","name":"Harfenistin Silke Aichhorn","description":"","potentialAction":[{"@type":"SearchAction","target":{"@type":"EntryPoint","urlTemplate":"https:\/\/www.silkeaichhorn.de\/en\/?s={search_term_string}"},"query-input":{"@type":"PropertyValueSpecification","valueRequired":true,"valueName":"search_term_string"}}],"inLanguage":"en-US"}]}},"_links":{"self":[{"href":"https:\/\/www.silkeaichhorn.de\/en\/wp-json\/wp\/v2\/product\/4717","targetHints":{"allow":["GET"]}}],"collection":[{"href":"https:\/\/www.silkeaichhorn.de\/en\/wp-json\/wp\/v2\/product"}],"about":[{"href":"https:\/\/www.silkeaichhorn.de\/en\/wp-json\/wp\/v2\/types\/product"}],"replies":[{"embeddable":true,"href":"https:\/\/www.silkeaichhorn.de\/en\/wp-json\/wp\/v2\/comments?post=4717"}],"wp:featuredmedia":[{"embeddable":true,"href":"https:\/\/www.silkeaichhorn.de\/en\/wp-json\/wp\/v2\/media\/4718"}],"wp:attachment":[{"href":"https:\/\/www.silkeaichhorn.de\/en\/wp-json\/wp\/v2\/media?parent=4717"}],"wp:term":[{"taxonomy":"product_brand","embeddable":true,"href":"https:\/\/www.silkeaichhorn.de\/en\/wp-json\/wp\/v2\/product_brand?post=4717"},{"taxonomy":"product_cat","embeddable":true,"href":"https:\/\/www.silkeaichhorn.de\/en\/wp-json\/wp\/v2\/product_cat?post=4717"},{"taxonomy":"product_tag","embeddable":true,"href":"https:\/\/www.silkeaichhorn.de\/en\/wp-json\/wp\/v2\/product_tag?post=4717"}],"curies":[{"name":"wp","href":"https:\/\/api.w.org\/{rel}","templated":true}]}}