{"id":4723,"date":"2025-05-20T16:14:33","date_gmt":"2025-05-20T14:14:33","guid":{"rendered":"https:\/\/www.silkeaichhorn.de\/produkt\/harfenklaenge-fuer-die-seele-nr-1\/"},"modified":"2025-05-20T16:14:33","modified_gmt":"2025-05-20T14:14:33","slug":"harfenklaenge-fuer-die-seele-nr-1","status":"publish","type":"product","link":"https:\/\/www.silkeaichhorn.de\/en\/product\/harfenklaenge-fuer-die-seele-nr-1\/","title":{"rendered":"Harfenkl\u00e4nge f\u00fcr die Seele Nr. 1- HM 104"},"content":{"rendered":"<p>Compilation-CD<\/p>\n<p>Die Werke dieser CD sind aus den CDs Miniaturen 1 \u2013 Nachtmusik und Himmlische Harfenkl\u00e4nge ausgekoppelt.<\/p>\n<ol>\n<li><strong>Alphonse Hasselmans:<\/strong> <em>Chanson de mai \u2013 Romance sans paroles<\/em> Op.\u202f40<\/li>\n<li><strong>F\u00e9lix Godefroid:<\/strong> <em>La S\u00e9r\u00e9nade \u2013 Fantaisie \u00fcber eine Melodie von Franz Schubert<\/em><\/li>\n<li><strong>Nicolas-Charles Bochsa:<\/strong> <em>Morceau d\u2019impression dans le style de Nocturne<\/em><\/li>\n<li><strong>Mikhail Glinka:<\/strong> <em>Nocturne<\/em><\/li>\n<li><strong>John Cheshire:<\/strong> <em>Cradle Song<\/em><\/li>\n<li><strong>John Cheshire:<\/strong> <em>Last Rose of Summer<\/em><\/li>\n<li><strong>Marcel Grandjany:<\/strong> <em>Siciliana<\/em> (aus *Petite Suite classique*)<\/li>\n<li><strong>Johann Sebastian Bach:<\/strong> <em>Largo<\/em> (aus der 3. Sonate f\u00fcr Violine)<\/li>\n<li><strong>Johann Pachelbel:<\/strong> <em>Kanon<\/em><\/li>\n<li><strong>Claude Debussy:<\/strong> <em>Clair de lune<\/em> (aus der *Suite bergamasque*)<\/li>\n<li><strong>Claude Debussy:<\/strong> <em>Arabesque Nr.\u202f1<\/em><\/li>\n<li><strong>Robert Schumann:<\/strong> <em>Schlummerlied<\/em> (aus den *Albumbl\u00e4ttern*)<\/li>\n<li><strong>Peter I. Tschaikowsky:<\/strong> <em>Gru\u00df aus der Ferne<\/em><\/li>\n<li><strong>Irische Volksweise:<\/strong> <em>Greensleeves<\/em><\/li>\n<li><strong>Johann Sebastian Bach:<\/strong> <em>Air<\/em> (aus der Orchestersuite Nr.\u202f3 D-Dur BWV 1068)<\/li>\n<li><strong>Johann Sebastian Bach:<\/strong> <em>Jesu bleibet meine Freude<\/em> (aus Kantate Nr.\u202f147)<\/li>\n<li><strong>Johann Sebastian Bach:<\/strong> <em>Sinfonia<\/em> (aus Kantate Nr.\u202f156)<\/li>\n<li><strong>Johannes Brahms:<\/strong> <em>Wiegenlied<\/em> Op.\u202f49 Nr.\u202f4<\/li>\n<\/ol>\n<span class=\"et_bloom_bottom_trigger\"><\/span>","protected":false},"excerpt":{"rendered":"<p>Auskoppelung ruhiger und melodi\u00f6ser Werke aus einigen Solo-CDs zum Trost zum Ruhe-finden zur Entspannung auch f\u00fcr Hospiz Beerdigungen<\/p>\n","protected":false},"featured_media":4724,"comment_status":"open","ping_status":"closed","template":"","meta":{"_et_pb_use_builder":"","_et_pb_old_content":"","_et_gb_content_width":"","inline_featured_image":false},"product_brand":[],"product_cat":[96,90,91],"product_tag":[],"class_list":{"0":"post-4723","1":"product","2":"type-product","3":"status-publish","4":"has-post-thumbnail","6":"product_cat-calm-cds","7":"product_cat-cds","8":"product_cat-harp-solo","10":"first","11":"instock","12":"taxable","13":"shipping-taxable","14":"purchasable","15":"product-type-simple"},"yoast_head":"<!-- This site is optimized with the Yoast SEO plugin v27.4 - https:\/\/yoast.com\/product\/yoast-seo-wordpress\/ -->\n<title>Harfenkl\u00e4nge f\u00fcr die Seele Nr. 1- HM 104 - Harfenistin Silke Aichhorn<\/title>\n<meta name=\"robots\" content=\"index, follow, max-snippet:-1, max-image-preview:large, max-video-preview:-1\" \/>\n<link rel=\"canonical\" href=\"https:\/\/www.silkeaichhorn.de\/en\/product\/harfenklaenge-fuer-die-seele-nr-1\/\" \/>\n<meta property=\"og:locale\" content=\"en_US\" \/>\n<meta property=\"og:type\" content=\"article\" \/>\n<meta property=\"og:title\" content=\"Harfenkl\u00e4nge f\u00fcr die Seele Nr. 1- HM 104 - Harfenistin Silke Aichhorn\" \/>\n<meta property=\"og:description\" content=\"Auskoppelung ruhiger und melodi\u00f6ser Werke aus einigen Solo-CDs zum Trost zum Ruhe-finden zur Entspannung auch f\u00fcr Hospiz Beerdigungen\" \/>\n<meta property=\"og:url\" content=\"https:\/\/www.silkeaichhorn.de\/en\/product\/harfenklaenge-fuer-die-seele-nr-1\/\" \/>\n<meta property=\"og:site_name\" content=\"Harfenistin Silke Aichhorn\" \/>\n<meta name=\"twitter:card\" content=\"summary_large_image\" \/>\n<meta name=\"twitter:label1\" content=\"Est. reading time\" \/>\n\t<meta name=\"twitter:data1\" content=\"1 minute\" \/>\n<script type=\"application\/ld+json\" class=\"yoast-schema-graph\">{\"@context\":\"https:\\\/\\\/schema.org\",\"@graph\":[{\"@type\":\"WebPage\",\"@id\":\"https:\\\/\\\/www.silkeaichhorn.de\\\/en\\\/product\\\/harfenklaenge-fuer-die-seele-nr-1\\\/\",\"url\":\"https:\\\/\\\/www.silkeaichhorn.de\\\/en\\\/product\\\/harfenklaenge-fuer-die-seele-nr-1\\\/\",\"name\":\"Harfenkl\u00e4nge f\u00fcr die Seele Nr. 1- HM 104 - Harfenistin Silke Aichhorn\",\"isPartOf\":{\"@id\":\"https:\\\/\\\/www.silkeaichhorn.de\\\/en\\\/#website\"},\"primaryImageOfPage\":{\"@id\":\"https:\\\/\\\/www.silkeaichhorn.de\\\/en\\\/product\\\/harfenklaenge-fuer-die-seele-nr-1\\\/#primaryimage\"},\"image\":{\"@id\":\"https:\\\/\\\/www.silkeaichhorn.de\\\/en\\\/product\\\/harfenklaenge-fuer-die-seele-nr-1\\\/#primaryimage\"},\"thumbnailUrl\":\"https:\\\/\\\/egi9mkoi56j.exactdn.com\\\/wp-content\\\/uploads\\\/2025\\\/05\\\/Shop-CD-Harfenklange-fur-die-seele.jpg?strip=all\",\"datePublished\":\"2025-05-20T14:14:33+00:00\",\"breadcrumb\":{\"@id\":\"https:\\\/\\\/www.silkeaichhorn.de\\\/en\\\/product\\\/harfenklaenge-fuer-die-seele-nr-1\\\/#breadcrumb\"},\"inLanguage\":\"en-US\",\"potentialAction\":[{\"@type\":\"ReadAction\",\"target\":[\"https:\\\/\\\/www.silkeaichhorn.de\\\/en\\\/product\\\/harfenklaenge-fuer-die-seele-nr-1\\\/\"]}]},{\"@type\":\"ImageObject\",\"inLanguage\":\"en-US\",\"@id\":\"https:\\\/\\\/www.silkeaichhorn.de\\\/en\\\/product\\\/harfenklaenge-fuer-die-seele-nr-1\\\/#primaryimage\",\"url\":\"https:\\\/\\\/egi9mkoi56j.exactdn.com\\\/wp-content\\\/uploads\\\/2025\\\/05\\\/Shop-CD-Harfenklange-fur-die-seele.jpg?strip=all\",\"contentUrl\":\"https:\\\/\\\/egi9mkoi56j.exactdn.com\\\/wp-content\\\/uploads\\\/2025\\\/05\\\/Shop-CD-Harfenklange-fur-die-seele.jpg?strip=all\",\"width\":2000,\"height\":2000},{\"@type\":\"BreadcrumbList\",\"@id\":\"https:\\\/\\\/www.silkeaichhorn.de\\\/en\\\/product\\\/harfenklaenge-fuer-die-seele-nr-1\\\/#breadcrumb\",\"itemListElement\":[{\"@type\":\"ListItem\",\"position\":1,\"name\":\"Startseite\",\"item\":\"https:\\\/\\\/www.silkeaichhorn.de\\\/en\\\/\"},{\"@type\":\"ListItem\",\"position\":2,\"name\":\"Shop\",\"item\":\"https:\\\/\\\/www.silkeaichhorn.de\\\/en\\\/shop\\\/\"},{\"@type\":\"ListItem\",\"position\":3,\"name\":\"Harfenkl\u00e4nge f\u00fcr die Seele Nr. 1- HM 104\"}]},{\"@type\":\"WebSite\",\"@id\":\"https:\\\/\\\/www.silkeaichhorn.de\\\/en\\\/#website\",\"url\":\"https:\\\/\\\/www.silkeaichhorn.de\\\/en\\\/\",\"name\":\"Harfenistin Silke Aichhorn\",\"description\":\"\",\"potentialAction\":[{\"@type\":\"SearchAction\",\"target\":{\"@type\":\"EntryPoint\",\"urlTemplate\":\"https:\\\/\\\/www.silkeaichhorn.de\\\/en\\\/?s={search_term_string}\"},\"query-input\":{\"@type\":\"PropertyValueSpecification\",\"valueRequired\":true,\"valueName\":\"search_term_string\"}}],\"inLanguage\":\"en-US\"}]}<\/script>\n<!-- \/ Yoast SEO plugin. -->","yoast_head_json":{"title":"Harfenkl\u00e4nge f\u00fcr die Seele Nr. 1- HM 104 - Harfenistin Silke Aichhorn","robots":{"index":"index","follow":"follow","max-snippet":"max-snippet:-1","max-image-preview":"max-image-preview:large","max-video-preview":"max-video-preview:-1"},"canonical":"https:\/\/www.silkeaichhorn.de\/en\/product\/harfenklaenge-fuer-die-seele-nr-1\/","og_locale":"en_US","og_type":"article","og_title":"Harfenkl\u00e4nge f\u00fcr die Seele Nr. 1- HM 104 - Harfenistin Silke Aichhorn","og_description":"Auskoppelung ruhiger und melodi\u00f6ser Werke aus einigen Solo-CDs zum Trost zum Ruhe-finden zur Entspannung auch f\u00fcr Hospiz Beerdigungen","og_url":"https:\/\/www.silkeaichhorn.de\/en\/product\/harfenklaenge-fuer-die-seele-nr-1\/","og_site_name":"Harfenistin Silke Aichhorn","twitter_card":"summary_large_image","twitter_misc":{"Est. reading time":"1 minute"},"schema":{"@context":"https:\/\/schema.org","@graph":[{"@type":"WebPage","@id":"https:\/\/www.silkeaichhorn.de\/en\/product\/harfenklaenge-fuer-die-seele-nr-1\/","url":"https:\/\/www.silkeaichhorn.de\/en\/product\/harfenklaenge-fuer-die-seele-nr-1\/","name":"Harfenkl\u00e4nge f\u00fcr die Seele Nr. 1- HM 104 - Harfenistin Silke Aichhorn","isPartOf":{"@id":"https:\/\/www.silkeaichhorn.de\/en\/#website"},"primaryImageOfPage":{"@id":"https:\/\/www.silkeaichhorn.de\/en\/product\/harfenklaenge-fuer-die-seele-nr-1\/#primaryimage"},"image":{"@id":"https:\/\/www.silkeaichhorn.de\/en\/product\/harfenklaenge-fuer-die-seele-nr-1\/#primaryimage"},"thumbnailUrl":"https:\/\/egi9mkoi56j.exactdn.com\/wp-content\/uploads\/2025\/05\/Shop-CD-Harfenklange-fur-die-seele.jpg?strip=all","datePublished":"2025-05-20T14:14:33+00:00","breadcrumb":{"@id":"https:\/\/www.silkeaichhorn.de\/en\/product\/harfenklaenge-fuer-die-seele-nr-1\/#breadcrumb"},"inLanguage":"en-US","potentialAction":[{"@type":"ReadAction","target":["https:\/\/www.silkeaichhorn.de\/en\/product\/harfenklaenge-fuer-die-seele-nr-1\/"]}]},{"@type":"ImageObject","inLanguage":"en-US","@id":"https:\/\/www.silkeaichhorn.de\/en\/product\/harfenklaenge-fuer-die-seele-nr-1\/#primaryimage","url":"https:\/\/egi9mkoi56j.exactdn.com\/wp-content\/uploads\/2025\/05\/Shop-CD-Harfenklange-fur-die-seele.jpg?strip=all","contentUrl":"https:\/\/egi9mkoi56j.exactdn.com\/wp-content\/uploads\/2025\/05\/Shop-CD-Harfenklange-fur-die-seele.jpg?strip=all","width":2000,"height":2000},{"@type":"BreadcrumbList","@id":"https:\/\/www.silkeaichhorn.de\/en\/product\/harfenklaenge-fuer-die-seele-nr-1\/#breadcrumb","itemListElement":[{"@type":"ListItem","position":1,"name":"Startseite","item":"https:\/\/www.silkeaichhorn.de\/en\/"},{"@type":"ListItem","position":2,"name":"Shop","item":"https:\/\/www.silkeaichhorn.de\/en\/shop\/"},{"@type":"ListItem","position":3,"name":"Harfenkl\u00e4nge f\u00fcr die Seele Nr. 1- HM 104"}]},{"@type":"WebSite","@id":"https:\/\/www.silkeaichhorn.de\/en\/#website","url":"https:\/\/www.silkeaichhorn.de\/en\/","name":"Harfenistin Silke Aichhorn","description":"","potentialAction":[{"@type":"SearchAction","target":{"@type":"EntryPoint","urlTemplate":"https:\/\/www.silkeaichhorn.de\/en\/?s={search_term_string}"},"query-input":{"@type":"PropertyValueSpecification","valueRequired":true,"valueName":"search_term_string"}}],"inLanguage":"en-US"}]}},"_links":{"self":[{"href":"https:\/\/www.silkeaichhorn.de\/en\/wp-json\/wp\/v2\/product\/4723","targetHints":{"allow":["GET"]}}],"collection":[{"href":"https:\/\/www.silkeaichhorn.de\/en\/wp-json\/wp\/v2\/product"}],"about":[{"href":"https:\/\/www.silkeaichhorn.de\/en\/wp-json\/wp\/v2\/types\/product"}],"replies":[{"embeddable":true,"href":"https:\/\/www.silkeaichhorn.de\/en\/wp-json\/wp\/v2\/comments?post=4723"}],"wp:featuredmedia":[{"embeddable":true,"href":"https:\/\/www.silkeaichhorn.de\/en\/wp-json\/wp\/v2\/media\/4724"}],"wp:attachment":[{"href":"https:\/\/www.silkeaichhorn.de\/en\/wp-json\/wp\/v2\/media?parent=4723"}],"wp:term":[{"taxonomy":"product_brand","embeddable":true,"href":"https:\/\/www.silkeaichhorn.de\/en\/wp-json\/wp\/v2\/product_brand?post=4723"},{"taxonomy":"product_cat","embeddable":true,"href":"https:\/\/www.silkeaichhorn.de\/en\/wp-json\/wp\/v2\/product_cat?post=4723"},{"taxonomy":"product_tag","embeddable":true,"href":"https:\/\/www.silkeaichhorn.de\/en\/wp-json\/wp\/v2\/product_tag?post=4723"}],"curies":[{"name":"wp","href":"https:\/\/api.w.org\/{rel}","templated":true}]}}