{"id":4729,"date":"2025-05-20T16:14:33","date_gmt":"2025-05-20T14:14:33","guid":{"rendered":"https:\/\/www.silkeaichhorn.de\/produkt\/harfenklaenge-fuer-die-seele-nr-3\/"},"modified":"2025-05-20T16:14:33","modified_gmt":"2025-05-20T14:14:33","slug":"harfenklaenge-fuer-die-seele-nr-3","status":"publish","type":"product","link":"https:\/\/www.silkeaichhorn.de\/en\/product\/harfenklaenge-fuer-die-seele-nr-3\/","title":{"rendered":"Harfenkl\u00e4nge f\u00fcr die Seele Nr. 3- HM 118"},"content":{"rendered":"<ol>\n<li><strong>Claude Debussy (1862\u20131918):<\/strong> *En bateau* aus der *Petite Suite* CD 71; L.\u202f65<\/li>\n<li><strong>Christoph Willibald Gluck (1714\u20131787):<\/strong> Reigen seliger Geister und Intermezzo aus *Orpheus und Eurydike*<\/li>\n<li><strong>Francis Thom\u00e9 (1850\u20131909) \/ Alphonse Hasselmans (1845\u20131912):<\/strong> *Simple aveu* Op.\u202f25<\/li>\n<li><strong>Domenico Scarlatti (1685\u20131757):<\/strong> Sonate K\u202f466<\/li>\n<li><strong>Georg Friedrich H\u00e4ndel (1685\u20131759):<\/strong> *Lascia ch\u2019io pianga* aus der Oper *Rinaldo* HWV 7a\/7b<\/li>\n<li><strong>Pietro Mascagni (1863\u20131945) \/ Charles Oberth\u00fcr (1819\u20131895):<\/strong> *Intermezzo sinfonico*<\/li>\n<li><strong>F\u00e9lix Godefroid (1818\u20131897):<\/strong> *Le D\u00e9sir* Op.\u202f201<\/li>\n<li><strong>Fritz Spindler (1817\u20131905):<\/strong> *Waldb\u00e4chlein* Op.\u202f75<\/li>\n<li><strong>Volksweise:<\/strong> Menuett aus Sachrang<\/li>\n<li><strong>Johann Sebastian Bach (1685\u20131750):<\/strong> *Erbarme dich* aus der *Matth\u00e4uspassion* BWV 244<\/li>\n<li><strong>John Field (1782\u20131837):<\/strong> Nocturne Nr.\u202f12<\/li>\n<li><strong>Richard Wagner (1813\u20131883) \/ Charles Oberth\u00fcr (1819\u20131895):<\/strong> *O du mein holder Abendstern*<\/li>\n<li><strong>Franz Schubert (1797\u20131828):<\/strong> Impromptu Ges-Dur D.\u202f899; Op.\u202f90<\/li>\n<li><strong>Enrique Granados (1867\u20131916):<\/strong> *Epilogo* aus *Escenas rom\u00e1nticas*<\/li>\n<li><strong>Alphonse Hasselmans (1845\u20131912):<\/strong> *La Source* Op.\u202f44<\/li>\n<li><strong>Johann Sebastian Bach (1685\u20131750) \/ Charles Gounod (1818\u20131893) \/ Charles Oberth\u00fcr (1819\u20131895):<\/strong> *Ave Maria*<\/li>\n<li><strong>Johann Sebastian Bach (1685\u20131750) \/ Ferruccio Busoni (1866\u20131924):<\/strong> *Ich ruf\u2019 zu dir* BWV 639 \/ BV b 27\/5<\/li>\n<\/ol>\n<span class=\"et_bloom_bottom_trigger\"><\/span>","protected":false},"excerpt":{"rendered":"<p>Beruhigend-tr\u00f6stend-entspannend<\/p>\n","protected":false},"featured_media":4730,"comment_status":"open","ping_status":"closed","template":"","meta":{"_et_pb_use_builder":"","_et_pb_old_content":"","_et_gb_content_width":"","inline_featured_image":false},"product_brand":[],"product_cat":[96,90,91],"product_tag":[],"class_list":{"0":"post-4729","1":"product","2":"type-product","3":"status-publish","4":"has-post-thumbnail","6":"product_cat-calm-cds","7":"product_cat-cds","8":"product_cat-harp-solo","10":"first","11":"instock","12":"taxable","13":"shipping-taxable","14":"purchasable","15":"product-type-simple"},"yoast_head":"<!-- This site is optimized with the Yoast SEO plugin v27.4 - https:\/\/yoast.com\/product\/yoast-seo-wordpress\/ -->\n<title>Harfenkl\u00e4nge f\u00fcr die Seele Nr. 3- HM 118 - Harfenistin Silke Aichhorn<\/title>\n<meta name=\"robots\" content=\"index, follow, max-snippet:-1, max-image-preview:large, max-video-preview:-1\" \/>\n<link rel=\"canonical\" href=\"https:\/\/www.silkeaichhorn.de\/en\/product\/harfenklaenge-fuer-die-seele-nr-3\/\" \/>\n<meta property=\"og:locale\" content=\"en_US\" \/>\n<meta property=\"og:type\" content=\"article\" \/>\n<meta property=\"og:title\" content=\"Harfenkl\u00e4nge f\u00fcr die Seele Nr. 3- HM 118 - Harfenistin Silke Aichhorn\" \/>\n<meta property=\"og:description\" content=\"Beruhigend-tr\u00f6stend-entspannend\" \/>\n<meta property=\"og:url\" content=\"https:\/\/www.silkeaichhorn.de\/en\/product\/harfenklaenge-fuer-die-seele-nr-3\/\" \/>\n<meta property=\"og:site_name\" content=\"Harfenistin Silke Aichhorn\" \/>\n<meta name=\"twitter:card\" content=\"summary_large_image\" \/>\n<meta name=\"twitter:label1\" content=\"Est. reading time\" \/>\n\t<meta name=\"twitter:data1\" content=\"1 minute\" \/>\n<script type=\"application\/ld+json\" class=\"yoast-schema-graph\">{\"@context\":\"https:\\\/\\\/schema.org\",\"@graph\":[{\"@type\":\"WebPage\",\"@id\":\"https:\\\/\\\/www.silkeaichhorn.de\\\/en\\\/product\\\/harfenklaenge-fuer-die-seele-nr-3\\\/\",\"url\":\"https:\\\/\\\/www.silkeaichhorn.de\\\/en\\\/product\\\/harfenklaenge-fuer-die-seele-nr-3\\\/\",\"name\":\"Harfenkl\u00e4nge f\u00fcr die Seele Nr. 3- HM 118 - Harfenistin Silke Aichhorn\",\"isPartOf\":{\"@id\":\"https:\\\/\\\/www.silkeaichhorn.de\\\/en\\\/#website\"},\"primaryImageOfPage\":{\"@id\":\"https:\\\/\\\/www.silkeaichhorn.de\\\/en\\\/product\\\/harfenklaenge-fuer-die-seele-nr-3\\\/#primaryimage\"},\"image\":{\"@id\":\"https:\\\/\\\/www.silkeaichhorn.de\\\/en\\\/product\\\/harfenklaenge-fuer-die-seele-nr-3\\\/#primaryimage\"},\"thumbnailUrl\":\"https:\\\/\\\/egi9mkoi56j.exactdn.com\\\/wp-content\\\/uploads\\\/2025\\\/05\\\/Shop-CD-Harfenklange-fur-die-seele-3.jpg?strip=all\",\"datePublished\":\"2025-05-20T14:14:33+00:00\",\"breadcrumb\":{\"@id\":\"https:\\\/\\\/www.silkeaichhorn.de\\\/en\\\/product\\\/harfenklaenge-fuer-die-seele-nr-3\\\/#breadcrumb\"},\"inLanguage\":\"en-US\",\"potentialAction\":[{\"@type\":\"ReadAction\",\"target\":[\"https:\\\/\\\/www.silkeaichhorn.de\\\/en\\\/product\\\/harfenklaenge-fuer-die-seele-nr-3\\\/\"]}]},{\"@type\":\"ImageObject\",\"inLanguage\":\"en-US\",\"@id\":\"https:\\\/\\\/www.silkeaichhorn.de\\\/en\\\/product\\\/harfenklaenge-fuer-die-seele-nr-3\\\/#primaryimage\",\"url\":\"https:\\\/\\\/egi9mkoi56j.exactdn.com\\\/wp-content\\\/uploads\\\/2025\\\/05\\\/Shop-CD-Harfenklange-fur-die-seele-3.jpg?strip=all\",\"contentUrl\":\"https:\\\/\\\/egi9mkoi56j.exactdn.com\\\/wp-content\\\/uploads\\\/2025\\\/05\\\/Shop-CD-Harfenklange-fur-die-seele-3.jpg?strip=all\",\"width\":2000,\"height\":2000},{\"@type\":\"BreadcrumbList\",\"@id\":\"https:\\\/\\\/www.silkeaichhorn.de\\\/en\\\/product\\\/harfenklaenge-fuer-die-seele-nr-3\\\/#breadcrumb\",\"itemListElement\":[{\"@type\":\"ListItem\",\"position\":1,\"name\":\"Startseite\",\"item\":\"https:\\\/\\\/www.silkeaichhorn.de\\\/en\\\/\"},{\"@type\":\"ListItem\",\"position\":2,\"name\":\"Shop\",\"item\":\"https:\\\/\\\/www.silkeaichhorn.de\\\/en\\\/shop\\\/\"},{\"@type\":\"ListItem\",\"position\":3,\"name\":\"Harfenkl\u00e4nge f\u00fcr die Seele Nr. 3- HM 118\"}]},{\"@type\":\"WebSite\",\"@id\":\"https:\\\/\\\/www.silkeaichhorn.de\\\/en\\\/#website\",\"url\":\"https:\\\/\\\/www.silkeaichhorn.de\\\/en\\\/\",\"name\":\"Harfenistin Silke Aichhorn\",\"description\":\"\",\"potentialAction\":[{\"@type\":\"SearchAction\",\"target\":{\"@type\":\"EntryPoint\",\"urlTemplate\":\"https:\\\/\\\/www.silkeaichhorn.de\\\/en\\\/?s={search_term_string}\"},\"query-input\":{\"@type\":\"PropertyValueSpecification\",\"valueRequired\":true,\"valueName\":\"search_term_string\"}}],\"inLanguage\":\"en-US\"}]}<\/script>\n<!-- \/ Yoast SEO plugin. -->","yoast_head_json":{"title":"Harfenkl\u00e4nge f\u00fcr die Seele Nr. 3- HM 118 - Harfenistin Silke Aichhorn","robots":{"index":"index","follow":"follow","max-snippet":"max-snippet:-1","max-image-preview":"max-image-preview:large","max-video-preview":"max-video-preview:-1"},"canonical":"https:\/\/www.silkeaichhorn.de\/en\/product\/harfenklaenge-fuer-die-seele-nr-3\/","og_locale":"en_US","og_type":"article","og_title":"Harfenkl\u00e4nge f\u00fcr die Seele Nr. 3- HM 118 - Harfenistin Silke Aichhorn","og_description":"Beruhigend-tr\u00f6stend-entspannend","og_url":"https:\/\/www.silkeaichhorn.de\/en\/product\/harfenklaenge-fuer-die-seele-nr-3\/","og_site_name":"Harfenistin Silke Aichhorn","twitter_card":"summary_large_image","twitter_misc":{"Est. reading time":"1 minute"},"schema":{"@context":"https:\/\/schema.org","@graph":[{"@type":"WebPage","@id":"https:\/\/www.silkeaichhorn.de\/en\/product\/harfenklaenge-fuer-die-seele-nr-3\/","url":"https:\/\/www.silkeaichhorn.de\/en\/product\/harfenklaenge-fuer-die-seele-nr-3\/","name":"Harfenkl\u00e4nge f\u00fcr die Seele Nr. 3- HM 118 - Harfenistin Silke Aichhorn","isPartOf":{"@id":"https:\/\/www.silkeaichhorn.de\/en\/#website"},"primaryImageOfPage":{"@id":"https:\/\/www.silkeaichhorn.de\/en\/product\/harfenklaenge-fuer-die-seele-nr-3\/#primaryimage"},"image":{"@id":"https:\/\/www.silkeaichhorn.de\/en\/product\/harfenklaenge-fuer-die-seele-nr-3\/#primaryimage"},"thumbnailUrl":"https:\/\/egi9mkoi56j.exactdn.com\/wp-content\/uploads\/2025\/05\/Shop-CD-Harfenklange-fur-die-seele-3.jpg?strip=all","datePublished":"2025-05-20T14:14:33+00:00","breadcrumb":{"@id":"https:\/\/www.silkeaichhorn.de\/en\/product\/harfenklaenge-fuer-die-seele-nr-3\/#breadcrumb"},"inLanguage":"en-US","potentialAction":[{"@type":"ReadAction","target":["https:\/\/www.silkeaichhorn.de\/en\/product\/harfenklaenge-fuer-die-seele-nr-3\/"]}]},{"@type":"ImageObject","inLanguage":"en-US","@id":"https:\/\/www.silkeaichhorn.de\/en\/product\/harfenklaenge-fuer-die-seele-nr-3\/#primaryimage","url":"https:\/\/egi9mkoi56j.exactdn.com\/wp-content\/uploads\/2025\/05\/Shop-CD-Harfenklange-fur-die-seele-3.jpg?strip=all","contentUrl":"https:\/\/egi9mkoi56j.exactdn.com\/wp-content\/uploads\/2025\/05\/Shop-CD-Harfenklange-fur-die-seele-3.jpg?strip=all","width":2000,"height":2000},{"@type":"BreadcrumbList","@id":"https:\/\/www.silkeaichhorn.de\/en\/product\/harfenklaenge-fuer-die-seele-nr-3\/#breadcrumb","itemListElement":[{"@type":"ListItem","position":1,"name":"Startseite","item":"https:\/\/www.silkeaichhorn.de\/en\/"},{"@type":"ListItem","position":2,"name":"Shop","item":"https:\/\/www.silkeaichhorn.de\/en\/shop\/"},{"@type":"ListItem","position":3,"name":"Harfenkl\u00e4nge f\u00fcr die Seele Nr. 3- HM 118"}]},{"@type":"WebSite","@id":"https:\/\/www.silkeaichhorn.de\/en\/#website","url":"https:\/\/www.silkeaichhorn.de\/en\/","name":"Harfenistin Silke Aichhorn","description":"","potentialAction":[{"@type":"SearchAction","target":{"@type":"EntryPoint","urlTemplate":"https:\/\/www.silkeaichhorn.de\/en\/?s={search_term_string}"},"query-input":{"@type":"PropertyValueSpecification","valueRequired":true,"valueName":"search_term_string"}}],"inLanguage":"en-US"}]}},"_links":{"self":[{"href":"https:\/\/www.silkeaichhorn.de\/en\/wp-json\/wp\/v2\/product\/4729","targetHints":{"allow":["GET"]}}],"collection":[{"href":"https:\/\/www.silkeaichhorn.de\/en\/wp-json\/wp\/v2\/product"}],"about":[{"href":"https:\/\/www.silkeaichhorn.de\/en\/wp-json\/wp\/v2\/types\/product"}],"replies":[{"embeddable":true,"href":"https:\/\/www.silkeaichhorn.de\/en\/wp-json\/wp\/v2\/comments?post=4729"}],"wp:featuredmedia":[{"embeddable":true,"href":"https:\/\/www.silkeaichhorn.de\/en\/wp-json\/wp\/v2\/media\/4730"}],"wp:attachment":[{"href":"https:\/\/www.silkeaichhorn.de\/en\/wp-json\/wp\/v2\/media?parent=4729"}],"wp:term":[{"taxonomy":"product_brand","embeddable":true,"href":"https:\/\/www.silkeaichhorn.de\/en\/wp-json\/wp\/v2\/product_brand?post=4729"},{"taxonomy":"product_cat","embeddable":true,"href":"https:\/\/www.silkeaichhorn.de\/en\/wp-json\/wp\/v2\/product_cat?post=4729"},{"taxonomy":"product_tag","embeddable":true,"href":"https:\/\/www.silkeaichhorn.de\/en\/wp-json\/wp\/v2\/product_tag?post=4729"}],"curies":[{"name":"wp","href":"https:\/\/api.w.org\/{rel}","templated":true}]}}