{"id":4733,"date":"2025-05-20T16:14:32","date_gmt":"2025-05-20T14:14:32","guid":{"rendered":"https:\/\/www.silkeaichhorn.de\/produkt\/noten-intermezzo-sinfonico-aus-cavalleria-rusticana\/"},"modified":"2025-05-20T16:14:32","modified_gmt":"2025-05-20T14:14:32","slug":"noten-intermezzo-sinfonico-aus-cavalleria-rusticana","status":"publish","type":"product","link":"https:\/\/www.silkeaichhorn.de\/en\/product\/noten-intermezzo-sinfonico-aus-cavalleria-rusticana\/","title":{"rendered":"NOTEN &#8220;Intermezzo sinfonico&#8221; aus Cavalleria Rusticana"},"content":{"rendered":"<div class=\"page\" title=\"Page 11\">\n<div class=\"layoutArea\">\n<div class=\"column\">\n<p>Die Oper \u201eCavalleria rusticana\u201c (Sizilianische Bauernehre) von Pietro Mascagni spielt in einem sizilianischen Dorf am Ostermorgen. Das Intermezzo sinfonico symbolisiert den Osterfrieden der frommen Kirchg\u00e4nger. F\u00fcr das Arrangement hat die Harfenistin Silke Aichhorn eigene Ideen mit Elementen von Felice Lebano und Charles Oberth\u00fcr kombiniert.<\/p>\n<p>Wenn Sie lieber selbst ausdrucken wollen die Noten gibt es auch zum Download unter\u00a0https:\/\/harpcolumn.com\/music\/all-music\/artists\/silke-aichhorn\/intermezzo-sinfonico\/<\/p>\n<p>Eine Einspielung des Werkes ist auf der CD \u201eHarfenkl\u00e4nge f\u00fcr die Seele 3\u201c von Silke Aichhorn Bestellnummer HM 118 zu h\u00f6ren.<\/p>\n<\/div>\n<\/div>\n<\/div>\n<span class=\"et_bloom_bottom_trigger\"><\/span>","protected":false},"excerpt":{"rendered":"<p>Die Oper \u201eCavalleria rusticana\u201c (Sizilianische Bauernehre) von Pietro Mascagni spielt in einem sizilianischen Dorf am Ostermorgen. Das Intermezzo sinfonico symbolisiert den Osterfrieden der frommen Kirchg\u00e4nger. F\u00fcr das Arrangement hat die Harfenistin Silke Aichhorn eigene Ideen mit Elementen von Felice Lebano und Charles Oberth\u00fcr kombiniert. Wenn Sie lieber selbst ausdrucken wollen die Noten gibt es auch [&hellip;]<\/p>\n","protected":false},"featured_media":4734,"comment_status":"open","ping_status":"closed","template":"","meta":{"_et_pb_use_builder":"","_et_pb_old_content":"","_et_gb_content_width":"","inline_featured_image":false},"product_brand":[],"product_cat":[99],"product_tag":[],"class_list":{"0":"post-4733","1":"product","2":"type-product","3":"status-publish","4":"has-post-thumbnail","6":"product_cat-notes","8":"first","9":"instock","10":"taxable","11":"shipping-taxable","12":"purchasable","13":"product-type-simple"},"yoast_head":"<!-- This site is optimized with the Yoast SEO plugin v27.4 - https:\/\/yoast.com\/product\/yoast-seo-wordpress\/ -->\n<title>NOTEN &quot;Intermezzo sinfonico&quot; aus Cavalleria Rusticana - Harfenistin Silke Aichhorn<\/title>\n<meta name=\"robots\" content=\"index, follow, max-snippet:-1, max-image-preview:large, max-video-preview:-1\" \/>\n<link rel=\"canonical\" href=\"https:\/\/www.silkeaichhorn.de\/en\/product\/noten-intermezzo-sinfonico-aus-cavalleria-rusticana\/\" \/>\n<meta property=\"og:locale\" content=\"en_US\" \/>\n<meta property=\"og:type\" content=\"article\" \/>\n<meta property=\"og:title\" content=\"NOTEN &quot;Intermezzo sinfonico&quot; aus Cavalleria Rusticana - Harfenistin Silke Aichhorn\" \/>\n<meta property=\"og:description\" content=\"Die Oper \u201eCavalleria rusticana\u201c (Sizilianische Bauernehre) von Pietro Mascagni spielt in einem sizilianischen Dorf am Ostermorgen. Das Intermezzo sinfonico symbolisiert den Osterfrieden der frommen Kirchg\u00e4nger. F\u00fcr das Arrangement hat die Harfenistin Silke Aichhorn eigene Ideen mit Elementen von Felice Lebano und Charles Oberth\u00fcr kombiniert. Wenn Sie lieber selbst ausdrucken wollen die Noten gibt es auch [&hellip;]\" \/>\n<meta property=\"og:url\" content=\"https:\/\/www.silkeaichhorn.de\/en\/product\/noten-intermezzo-sinfonico-aus-cavalleria-rusticana\/\" \/>\n<meta property=\"og:site_name\" content=\"Harfenistin Silke Aichhorn\" \/>\n<meta name=\"twitter:card\" content=\"summary_large_image\" \/>\n<script type=\"application\/ld+json\" class=\"yoast-schema-graph\">{\"@context\":\"https:\\\/\\\/schema.org\",\"@graph\":[{\"@type\":\"WebPage\",\"@id\":\"https:\\\/\\\/www.silkeaichhorn.de\\\/en\\\/product\\\/noten-intermezzo-sinfonico-aus-cavalleria-rusticana\\\/\",\"url\":\"https:\\\/\\\/www.silkeaichhorn.de\\\/en\\\/product\\\/noten-intermezzo-sinfonico-aus-cavalleria-rusticana\\\/\",\"name\":\"NOTEN \\\"Intermezzo sinfonico\\\" aus Cavalleria Rusticana - Harfenistin Silke Aichhorn\",\"isPartOf\":{\"@id\":\"https:\\\/\\\/www.silkeaichhorn.de\\\/en\\\/#website\"},\"primaryImageOfPage\":{\"@id\":\"https:\\\/\\\/www.silkeaichhorn.de\\\/en\\\/product\\\/noten-intermezzo-sinfonico-aus-cavalleria-rusticana\\\/#primaryimage\"},\"image\":{\"@id\":\"https:\\\/\\\/www.silkeaichhorn.de\\\/en\\\/product\\\/noten-intermezzo-sinfonico-aus-cavalleria-rusticana\\\/#primaryimage\"},\"thumbnailUrl\":\"https:\\\/\\\/egi9mkoi56j.exactdn.com\\\/wp-content\\\/uploads\\\/2025\\\/05\\\/Shop-Noten-Intermezzo-sinfonico.jpg?strip=all\",\"datePublished\":\"2025-05-20T14:14:32+00:00\",\"breadcrumb\":{\"@id\":\"https:\\\/\\\/www.silkeaichhorn.de\\\/en\\\/product\\\/noten-intermezzo-sinfonico-aus-cavalleria-rusticana\\\/#breadcrumb\"},\"inLanguage\":\"en-US\",\"potentialAction\":[{\"@type\":\"ReadAction\",\"target\":[\"https:\\\/\\\/www.silkeaichhorn.de\\\/en\\\/product\\\/noten-intermezzo-sinfonico-aus-cavalleria-rusticana\\\/\"]}]},{\"@type\":\"ImageObject\",\"inLanguage\":\"en-US\",\"@id\":\"https:\\\/\\\/www.silkeaichhorn.de\\\/en\\\/product\\\/noten-intermezzo-sinfonico-aus-cavalleria-rusticana\\\/#primaryimage\",\"url\":\"https:\\\/\\\/egi9mkoi56j.exactdn.com\\\/wp-content\\\/uploads\\\/2025\\\/05\\\/Shop-Noten-Intermezzo-sinfonico.jpg?strip=all\",\"contentUrl\":\"https:\\\/\\\/egi9mkoi56j.exactdn.com\\\/wp-content\\\/uploads\\\/2025\\\/05\\\/Shop-Noten-Intermezzo-sinfonico.jpg?strip=all\",\"width\":2000,\"height\":2000},{\"@type\":\"BreadcrumbList\",\"@id\":\"https:\\\/\\\/www.silkeaichhorn.de\\\/en\\\/product\\\/noten-intermezzo-sinfonico-aus-cavalleria-rusticana\\\/#breadcrumb\",\"itemListElement\":[{\"@type\":\"ListItem\",\"position\":1,\"name\":\"Startseite\",\"item\":\"https:\\\/\\\/www.silkeaichhorn.de\\\/en\\\/\"},{\"@type\":\"ListItem\",\"position\":2,\"name\":\"Shop\",\"item\":\"https:\\\/\\\/www.silkeaichhorn.de\\\/en\\\/shop\\\/\"},{\"@type\":\"ListItem\",\"position\":3,\"name\":\"NOTEN &#8220;Intermezzo sinfonico&#8221; aus Cavalleria Rusticana\"}]},{\"@type\":\"WebSite\",\"@id\":\"https:\\\/\\\/www.silkeaichhorn.de\\\/en\\\/#website\",\"url\":\"https:\\\/\\\/www.silkeaichhorn.de\\\/en\\\/\",\"name\":\"Harfenistin Silke Aichhorn\",\"description\":\"\",\"potentialAction\":[{\"@type\":\"SearchAction\",\"target\":{\"@type\":\"EntryPoint\",\"urlTemplate\":\"https:\\\/\\\/www.silkeaichhorn.de\\\/en\\\/?s={search_term_string}\"},\"query-input\":{\"@type\":\"PropertyValueSpecification\",\"valueRequired\":true,\"valueName\":\"search_term_string\"}}],\"inLanguage\":\"en-US\"}]}<\/script>\n<!-- \/ Yoast SEO plugin. -->","yoast_head_json":{"title":"NOTEN \"Intermezzo sinfonico\" aus Cavalleria Rusticana - Harfenistin Silke Aichhorn","robots":{"index":"index","follow":"follow","max-snippet":"max-snippet:-1","max-image-preview":"max-image-preview:large","max-video-preview":"max-video-preview:-1"},"canonical":"https:\/\/www.silkeaichhorn.de\/en\/product\/noten-intermezzo-sinfonico-aus-cavalleria-rusticana\/","og_locale":"en_US","og_type":"article","og_title":"NOTEN \"Intermezzo sinfonico\" aus Cavalleria Rusticana - Harfenistin Silke Aichhorn","og_description":"Die Oper \u201eCavalleria rusticana\u201c (Sizilianische Bauernehre) von Pietro Mascagni spielt in einem sizilianischen Dorf am Ostermorgen. Das Intermezzo sinfonico symbolisiert den Osterfrieden der frommen Kirchg\u00e4nger. F\u00fcr das Arrangement hat die Harfenistin Silke Aichhorn eigene Ideen mit Elementen von Felice Lebano und Charles Oberth\u00fcr kombiniert. Wenn Sie lieber selbst ausdrucken wollen die Noten gibt es auch [&hellip;]","og_url":"https:\/\/www.silkeaichhorn.de\/en\/product\/noten-intermezzo-sinfonico-aus-cavalleria-rusticana\/","og_site_name":"Harfenistin Silke Aichhorn","twitter_card":"summary_large_image","schema":{"@context":"https:\/\/schema.org","@graph":[{"@type":"WebPage","@id":"https:\/\/www.silkeaichhorn.de\/en\/product\/noten-intermezzo-sinfonico-aus-cavalleria-rusticana\/","url":"https:\/\/www.silkeaichhorn.de\/en\/product\/noten-intermezzo-sinfonico-aus-cavalleria-rusticana\/","name":"NOTEN \"Intermezzo sinfonico\" aus Cavalleria Rusticana - Harfenistin Silke Aichhorn","isPartOf":{"@id":"https:\/\/www.silkeaichhorn.de\/en\/#website"},"primaryImageOfPage":{"@id":"https:\/\/www.silkeaichhorn.de\/en\/product\/noten-intermezzo-sinfonico-aus-cavalleria-rusticana\/#primaryimage"},"image":{"@id":"https:\/\/www.silkeaichhorn.de\/en\/product\/noten-intermezzo-sinfonico-aus-cavalleria-rusticana\/#primaryimage"},"thumbnailUrl":"https:\/\/egi9mkoi56j.exactdn.com\/wp-content\/uploads\/2025\/05\/Shop-Noten-Intermezzo-sinfonico.jpg?strip=all","datePublished":"2025-05-20T14:14:32+00:00","breadcrumb":{"@id":"https:\/\/www.silkeaichhorn.de\/en\/product\/noten-intermezzo-sinfonico-aus-cavalleria-rusticana\/#breadcrumb"},"inLanguage":"en-US","potentialAction":[{"@type":"ReadAction","target":["https:\/\/www.silkeaichhorn.de\/en\/product\/noten-intermezzo-sinfonico-aus-cavalleria-rusticana\/"]}]},{"@type":"ImageObject","inLanguage":"en-US","@id":"https:\/\/www.silkeaichhorn.de\/en\/product\/noten-intermezzo-sinfonico-aus-cavalleria-rusticana\/#primaryimage","url":"https:\/\/egi9mkoi56j.exactdn.com\/wp-content\/uploads\/2025\/05\/Shop-Noten-Intermezzo-sinfonico.jpg?strip=all","contentUrl":"https:\/\/egi9mkoi56j.exactdn.com\/wp-content\/uploads\/2025\/05\/Shop-Noten-Intermezzo-sinfonico.jpg?strip=all","width":2000,"height":2000},{"@type":"BreadcrumbList","@id":"https:\/\/www.silkeaichhorn.de\/en\/product\/noten-intermezzo-sinfonico-aus-cavalleria-rusticana\/#breadcrumb","itemListElement":[{"@type":"ListItem","position":1,"name":"Startseite","item":"https:\/\/www.silkeaichhorn.de\/en\/"},{"@type":"ListItem","position":2,"name":"Shop","item":"https:\/\/www.silkeaichhorn.de\/en\/shop\/"},{"@type":"ListItem","position":3,"name":"NOTEN &#8220;Intermezzo sinfonico&#8221; aus Cavalleria Rusticana"}]},{"@type":"WebSite","@id":"https:\/\/www.silkeaichhorn.de\/en\/#website","url":"https:\/\/www.silkeaichhorn.de\/en\/","name":"Harfenistin Silke Aichhorn","description":"","potentialAction":[{"@type":"SearchAction","target":{"@type":"EntryPoint","urlTemplate":"https:\/\/www.silkeaichhorn.de\/en\/?s={search_term_string}"},"query-input":{"@type":"PropertyValueSpecification","valueRequired":true,"valueName":"search_term_string"}}],"inLanguage":"en-US"}]}},"_links":{"self":[{"href":"https:\/\/www.silkeaichhorn.de\/en\/wp-json\/wp\/v2\/product\/4733","targetHints":{"allow":["GET"]}}],"collection":[{"href":"https:\/\/www.silkeaichhorn.de\/en\/wp-json\/wp\/v2\/product"}],"about":[{"href":"https:\/\/www.silkeaichhorn.de\/en\/wp-json\/wp\/v2\/types\/product"}],"replies":[{"embeddable":true,"href":"https:\/\/www.silkeaichhorn.de\/en\/wp-json\/wp\/v2\/comments?post=4733"}],"wp:featuredmedia":[{"embeddable":true,"href":"https:\/\/www.silkeaichhorn.de\/en\/wp-json\/wp\/v2\/media\/4734"}],"wp:attachment":[{"href":"https:\/\/www.silkeaichhorn.de\/en\/wp-json\/wp\/v2\/media?parent=4733"}],"wp:term":[{"taxonomy":"product_brand","embeddable":true,"href":"https:\/\/www.silkeaichhorn.de\/en\/wp-json\/wp\/v2\/product_brand?post=4733"},{"taxonomy":"product_cat","embeddable":true,"href":"https:\/\/www.silkeaichhorn.de\/en\/wp-json\/wp\/v2\/product_cat?post=4733"},{"taxonomy":"product_tag","embeddable":true,"href":"https:\/\/www.silkeaichhorn.de\/en\/wp-json\/wp\/v2\/product_tag?post=4733"}],"curies":[{"name":"wp","href":"https:\/\/api.w.org\/{rel}","templated":true}]}}