{"id":4735,"date":"2025-05-20T16:14:32","date_gmt":"2025-05-20T14:14:32","guid":{"rendered":"https:\/\/www.silkeaichhorn.de\/produkt\/buch-nr-1-lebenslaenglich-frohlocken-skurriles-aus-dem-alltag-einer-harfenistin-hm-120\/"},"modified":"2025-05-20T16:14:32","modified_gmt":"2025-05-20T14:14:32","slug":"buch-nr-1-lebenslaenglich-frohlocken-skurriles-aus-dem-alltag-einer-harfenistin-hm-120","status":"publish","type":"product","link":"https:\/\/www.silkeaichhorn.de\/en\/product\/buch-nr-1-lebenslaenglich-frohlocken-skurriles-aus-dem-alltag-einer-harfenistin-hm-120\/","title":{"rendered":"BUCH 1: Lebensl\u00e4nglich Frohlocken \u2013 Skurriles aus dem Alltag einer Harfenistin &#8211; HM 120"},"content":{"rendered":"<p>Wer Aichhorns Geschichten liest lernt viel \u00fcber den Alltag eines selbstst\u00e4ndigen Musikers \u00fcber Musikliebhaber vor allen Dingen aber dar\u00fcber wie abenteuerlich das Leben sein kann wenn man ohne D\u00fcnkel musiziert.<\/p>\n<p>Ein Muss nicht nur f\u00fcr Harfen-Freaks sondern f\u00fcr jeden der an die Menschlichkeit der Musik glauben will.<\/p>\n<p>Ein sehr sehr lustiges am\u00fcsantes\u00a0<strong>Schl\u00fcsselloch-Buch<\/strong> das viel \u00fcber Missverst\u00e4ndnisse und Hoffnungen erz\u00e4hlt \u00fcber Menschen und Musik. (Axel Br\u00fcggemann \u2013 Journalist Moderator und Autor)<\/p>\n<p><strong>Pflichtlekt\u00fcre<\/strong>\u00a0f\u00fcr alle die ihre eigene Hochzeit oder Beerdigung planen! (Andreas Martin Hofmeir \u2013 Professor Tubist Kabarettist Autor )<\/p>\n<p>\u201eDem Buch fehlt ein <strong>Warnhinweis<\/strong>: Bitte vermeiden Sie es das Buch auf \u00f6ffentlichen Pl\u00e4tzen oder zum Beispiel im Zug zu lesen weil es durch unvermittelt auftretende Lachanf\u00e4lle Ihre Umgebung in h\u00f6chstem Ma\u00dfe irritieren k\u00f6nnte.\u201c (Gabriele H. eine besorgte Leserin)<\/p>\n<p>Zum <strong>H\u00f6rbuch<\/strong>\u00a0mit allen Texten und Musik gehts <a href=\"\/?product_cat=das-hoerbuch\">hier<\/a><\/p>\n<p><a href=\"https:\/\/o-ton.online\/medien\/o-ton-buch-lebenslaenglich-frohlocken-hoelscher-230504\/\">Rezension im Magazin O-Ton<\/a><\/p>\n<h2><strong>Seit 1.7.2022 NEUE ISBN-Nr: 978-3-98178-802-0<\/strong><\/h2>\n<p>F\u00fcr Buchhandlungen: Auslieferung schnell und unkompliziert direkt bei mir <a href=\"mailto:Silke@aichhorn.de\">Silke@aichhorn.de<\/a> oder <a href=\"tel:00491714166160\">0171-4166160<\/a><\/p>\n<span class=\"et_bloom_bottom_trigger\"><\/span>","protected":false},"excerpt":{"rendered":"<p>Lebensl\u00e4nglich Frohlocken-\u00a0Wahre Begebenheiten aus dem Leben einer der erfolgreichsten Harfenistinnen ihrer Zeit skurril absurd und herrlich komisch erz\u00e4hlt!<\/p>\n<p>So eine Harfe kann ein zickiges Instrument sein \u2013 aber lange nicht so zickig wie jene Menschen die eine Harfenistin buchen: aufgedonnerte Unternehmerinnen gockelhafte Mediziner verpeilte Hotelmitarbeiter lateinisch sprechende Hausmeister traurige Hochzeitsgesellschaften und schallend lachende Trauergemeinden.<\/p>\n<p>Durch dieses Publikums-Panoptikum rollt Silke Aichhorn ihre Harfe und schrumpft in ihren Erz\u00e4hlungen die Klassik auf die unendliche Gr\u00f6\u00dfe des all zu Menschlichen. Ihre Anekdoten sind der humorvoll-geniale Beweis dass Musik im Zentrum unserer wahnsinnigen Welt steht und dass sie besonders dann spannend wird wenn die au\u00dferordentliche Virtuosit\u00e4t einer klugen Harfenistin auf den liebensw\u00fcrdigen Allerwelts- Dilettantismus trifft.<\/p>\n","protected":false},"featured_media":4736,"comment_status":"open","ping_status":"closed","template":"","meta":{"_et_pb_use_builder":"","_et_pb_old_content":"","_et_gb_content_width":"","inline_featured_image":false},"product_brand":[],"product_cat":[89],"product_tag":[],"class_list":{"0":"post-4735","1":"product","2":"type-product","3":"status-publish","4":"has-post-thumbnail","6":"product_cat-books","8":"first","9":"instock","10":"taxable","11":"shipping-taxable","12":"purchasable","13":"product-type-simple"},"yoast_head":"<!-- This site is optimized with the Yoast SEO plugin v27.4 - https:\/\/yoast.com\/product\/yoast-seo-wordpress\/ -->\n<title>BUCH 1: Lebensl\u00e4nglich Frohlocken \u2013 Skurriles aus dem Alltag einer Harfenistin - HM 120 - Harfenistin Silke Aichhorn<\/title>\n<meta name=\"robots\" content=\"index, follow, max-snippet:-1, max-image-preview:large, max-video-preview:-1\" \/>\n<link rel=\"canonical\" href=\"https:\/\/www.silkeaichhorn.de\/en\/product\/buch-nr-1-lebenslaenglich-frohlocken-skurriles-aus-dem-alltag-einer-harfenistin-hm-120\/\" \/>\n<meta property=\"og:locale\" content=\"en_US\" \/>\n<meta property=\"og:type\" content=\"article\" \/>\n<meta property=\"og:title\" content=\"BUCH 1: Lebensl\u00e4nglich Frohlocken \u2013 Skurriles aus dem Alltag einer Harfenistin - HM 120 - Harfenistin Silke Aichhorn\" \/>\n<meta property=\"og:description\" content=\"Lebensl\u00e4nglich Frohlocken-\u00a0Wahre Begebenheiten aus dem Leben einer der erfolgreichsten Harfenistinnen ihrer Zeit skurril absurd und herrlich komisch erz\u00e4hlt!  So eine Harfe kann ein zickiges Instrument sein \u2013 aber lange nicht so zickig wie jene Menschen die eine Harfenistin buchen: aufgedonnerte Unternehmerinnen gockelhafte Mediziner verpeilte Hotelmitarbeiter lateinisch sprechende Hausmeister traurige Hochzeitsgesellschaften und schallend lachende Trauergemeinden.  Durch dieses Publikums-Panoptikum rollt Silke Aichhorn ihre Harfe und schrumpft in ihren Erz\u00e4hlungen die Klassik auf die unendliche Gr\u00f6\u00dfe des all zu Menschlichen. Ihre Anekdoten sind der humorvoll-geniale Beweis dass Musik im Zentrum unserer wahnsinnigen Welt steht und dass sie besonders dann spannend wird wenn die au\u00dferordentliche Virtuosit\u00e4t einer klugen Harfenistin auf den liebensw\u00fcrdigen Allerwelts- Dilettantismus trifft.\" \/>\n<meta property=\"og:url\" content=\"https:\/\/www.silkeaichhorn.de\/en\/product\/buch-nr-1-lebenslaenglich-frohlocken-skurriles-aus-dem-alltag-einer-harfenistin-hm-120\/\" \/>\n<meta property=\"og:site_name\" content=\"Harfenistin Silke Aichhorn\" \/>\n<meta name=\"twitter:card\" content=\"summary_large_image\" \/>\n<meta name=\"twitter:label1\" content=\"Est. reading time\" \/>\n\t<meta name=\"twitter:data1\" content=\"1 minute\" \/>\n<script type=\"application\/ld+json\" class=\"yoast-schema-graph\">{\"@context\":\"https:\\\/\\\/schema.org\",\"@graph\":[{\"@type\":\"WebPage\",\"@id\":\"https:\\\/\\\/www.silkeaichhorn.de\\\/en\\\/product\\\/buch-nr-1-lebenslaenglich-frohlocken-skurriles-aus-dem-alltag-einer-harfenistin-hm-120\\\/\",\"url\":\"https:\\\/\\\/www.silkeaichhorn.de\\\/en\\\/product\\\/buch-nr-1-lebenslaenglich-frohlocken-skurriles-aus-dem-alltag-einer-harfenistin-hm-120\\\/\",\"name\":\"BUCH 1: Lebensl\u00e4nglich Frohlocken \u2013 Skurriles aus dem Alltag einer Harfenistin - HM 120 - Harfenistin Silke Aichhorn\",\"isPartOf\":{\"@id\":\"https:\\\/\\\/www.silkeaichhorn.de\\\/en\\\/#website\"},\"primaryImageOfPage\":{\"@id\":\"https:\\\/\\\/www.silkeaichhorn.de\\\/en\\\/product\\\/buch-nr-1-lebenslaenglich-frohlocken-skurriles-aus-dem-alltag-einer-harfenistin-hm-120\\\/#primaryimage\"},\"image\":{\"@id\":\"https:\\\/\\\/www.silkeaichhorn.de\\\/en\\\/product\\\/buch-nr-1-lebenslaenglich-frohlocken-skurriles-aus-dem-alltag-einer-harfenistin-hm-120\\\/#primaryimage\"},\"thumbnailUrl\":\"https:\\\/\\\/egi9mkoi56j.exactdn.com\\\/wp-content\\\/uploads\\\/2025\\\/05\\\/Shop-Buch1-Lebenslanglich-Frohlocken.jpg?strip=all\",\"datePublished\":\"2025-05-20T14:14:32+00:00\",\"breadcrumb\":{\"@id\":\"https:\\\/\\\/www.silkeaichhorn.de\\\/en\\\/product\\\/buch-nr-1-lebenslaenglich-frohlocken-skurriles-aus-dem-alltag-einer-harfenistin-hm-120\\\/#breadcrumb\"},\"inLanguage\":\"en-US\",\"potentialAction\":[{\"@type\":\"ReadAction\",\"target\":[\"https:\\\/\\\/www.silkeaichhorn.de\\\/en\\\/product\\\/buch-nr-1-lebenslaenglich-frohlocken-skurriles-aus-dem-alltag-einer-harfenistin-hm-120\\\/\"]}]},{\"@type\":\"ImageObject\",\"inLanguage\":\"en-US\",\"@id\":\"https:\\\/\\\/www.silkeaichhorn.de\\\/en\\\/product\\\/buch-nr-1-lebenslaenglich-frohlocken-skurriles-aus-dem-alltag-einer-harfenistin-hm-120\\\/#primaryimage\",\"url\":\"https:\\\/\\\/egi9mkoi56j.exactdn.com\\\/wp-content\\\/uploads\\\/2025\\\/05\\\/Shop-Buch1-Lebenslanglich-Frohlocken.jpg?strip=all\",\"contentUrl\":\"https:\\\/\\\/egi9mkoi56j.exactdn.com\\\/wp-content\\\/uploads\\\/2025\\\/05\\\/Shop-Buch1-Lebenslanglich-Frohlocken.jpg?strip=all\",\"width\":2000,\"height\":2000},{\"@type\":\"BreadcrumbList\",\"@id\":\"https:\\\/\\\/www.silkeaichhorn.de\\\/en\\\/product\\\/buch-nr-1-lebenslaenglich-frohlocken-skurriles-aus-dem-alltag-einer-harfenistin-hm-120\\\/#breadcrumb\",\"itemListElement\":[{\"@type\":\"ListItem\",\"position\":1,\"name\":\"Startseite\",\"item\":\"https:\\\/\\\/www.silkeaichhorn.de\\\/en\\\/\"},{\"@type\":\"ListItem\",\"position\":2,\"name\":\"Shop\",\"item\":\"https:\\\/\\\/www.silkeaichhorn.de\\\/en\\\/shop\\\/\"},{\"@type\":\"ListItem\",\"position\":3,\"name\":\"BUCH 1: Lebensl\u00e4nglich Frohlocken \u2013 Skurriles aus dem Alltag einer Harfenistin &#8211; HM 120\"}]},{\"@type\":\"WebSite\",\"@id\":\"https:\\\/\\\/www.silkeaichhorn.de\\\/en\\\/#website\",\"url\":\"https:\\\/\\\/www.silkeaichhorn.de\\\/en\\\/\",\"name\":\"Harfenistin Silke Aichhorn\",\"description\":\"\",\"potentialAction\":[{\"@type\":\"SearchAction\",\"target\":{\"@type\":\"EntryPoint\",\"urlTemplate\":\"https:\\\/\\\/www.silkeaichhorn.de\\\/en\\\/?s={search_term_string}\"},\"query-input\":{\"@type\":\"PropertyValueSpecification\",\"valueRequired\":true,\"valueName\":\"search_term_string\"}}],\"inLanguage\":\"en-US\"}]}<\/script>\n<!-- \/ Yoast SEO plugin. -->","yoast_head_json":{"title":"BUCH 1: Lebensl\u00e4nglich Frohlocken \u2013 Skurriles aus dem Alltag einer Harfenistin - HM 120 - Harfenistin Silke Aichhorn","robots":{"index":"index","follow":"follow","max-snippet":"max-snippet:-1","max-image-preview":"max-image-preview:large","max-video-preview":"max-video-preview:-1"},"canonical":"https:\/\/www.silkeaichhorn.de\/en\/product\/buch-nr-1-lebenslaenglich-frohlocken-skurriles-aus-dem-alltag-einer-harfenistin-hm-120\/","og_locale":"en_US","og_type":"article","og_title":"BUCH 1: Lebensl\u00e4nglich Frohlocken \u2013 Skurriles aus dem Alltag einer Harfenistin - HM 120 - Harfenistin Silke Aichhorn","og_description":"Lebensl\u00e4nglich Frohlocken-\u00a0Wahre Begebenheiten aus dem Leben einer der erfolgreichsten Harfenistinnen ihrer Zeit skurril absurd und herrlich komisch erz\u00e4hlt!  So eine Harfe kann ein zickiges Instrument sein \u2013 aber lange nicht so zickig wie jene Menschen die eine Harfenistin buchen: aufgedonnerte Unternehmerinnen gockelhafte Mediziner verpeilte Hotelmitarbeiter lateinisch sprechende Hausmeister traurige Hochzeitsgesellschaften und schallend lachende Trauergemeinden.  Durch dieses Publikums-Panoptikum rollt Silke Aichhorn ihre Harfe und schrumpft in ihren Erz\u00e4hlungen die Klassik auf die unendliche Gr\u00f6\u00dfe des all zu Menschlichen. Ihre Anekdoten sind der humorvoll-geniale Beweis dass Musik im Zentrum unserer wahnsinnigen Welt steht und dass sie besonders dann spannend wird wenn die au\u00dferordentliche Virtuosit\u00e4t einer klugen Harfenistin auf den liebensw\u00fcrdigen Allerwelts- Dilettantismus trifft.","og_url":"https:\/\/www.silkeaichhorn.de\/en\/product\/buch-nr-1-lebenslaenglich-frohlocken-skurriles-aus-dem-alltag-einer-harfenistin-hm-120\/","og_site_name":"Harfenistin Silke Aichhorn","twitter_card":"summary_large_image","twitter_misc":{"Est. reading time":"1 minute"},"schema":{"@context":"https:\/\/schema.org","@graph":[{"@type":"WebPage","@id":"https:\/\/www.silkeaichhorn.de\/en\/product\/buch-nr-1-lebenslaenglich-frohlocken-skurriles-aus-dem-alltag-einer-harfenistin-hm-120\/","url":"https:\/\/www.silkeaichhorn.de\/en\/product\/buch-nr-1-lebenslaenglich-frohlocken-skurriles-aus-dem-alltag-einer-harfenistin-hm-120\/","name":"BUCH 1: Lebensl\u00e4nglich Frohlocken \u2013 Skurriles aus dem Alltag einer Harfenistin - HM 120 - Harfenistin Silke Aichhorn","isPartOf":{"@id":"https:\/\/www.silkeaichhorn.de\/en\/#website"},"primaryImageOfPage":{"@id":"https:\/\/www.silkeaichhorn.de\/en\/product\/buch-nr-1-lebenslaenglich-frohlocken-skurriles-aus-dem-alltag-einer-harfenistin-hm-120\/#primaryimage"},"image":{"@id":"https:\/\/www.silkeaichhorn.de\/en\/product\/buch-nr-1-lebenslaenglich-frohlocken-skurriles-aus-dem-alltag-einer-harfenistin-hm-120\/#primaryimage"},"thumbnailUrl":"https:\/\/egi9mkoi56j.exactdn.com\/wp-content\/uploads\/2025\/05\/Shop-Buch1-Lebenslanglich-Frohlocken.jpg?strip=all","datePublished":"2025-05-20T14:14:32+00:00","breadcrumb":{"@id":"https:\/\/www.silkeaichhorn.de\/en\/product\/buch-nr-1-lebenslaenglich-frohlocken-skurriles-aus-dem-alltag-einer-harfenistin-hm-120\/#breadcrumb"},"inLanguage":"en-US","potentialAction":[{"@type":"ReadAction","target":["https:\/\/www.silkeaichhorn.de\/en\/product\/buch-nr-1-lebenslaenglich-frohlocken-skurriles-aus-dem-alltag-einer-harfenistin-hm-120\/"]}]},{"@type":"ImageObject","inLanguage":"en-US","@id":"https:\/\/www.silkeaichhorn.de\/en\/product\/buch-nr-1-lebenslaenglich-frohlocken-skurriles-aus-dem-alltag-einer-harfenistin-hm-120\/#primaryimage","url":"https:\/\/egi9mkoi56j.exactdn.com\/wp-content\/uploads\/2025\/05\/Shop-Buch1-Lebenslanglich-Frohlocken.jpg?strip=all","contentUrl":"https:\/\/egi9mkoi56j.exactdn.com\/wp-content\/uploads\/2025\/05\/Shop-Buch1-Lebenslanglich-Frohlocken.jpg?strip=all","width":2000,"height":2000},{"@type":"BreadcrumbList","@id":"https:\/\/www.silkeaichhorn.de\/en\/product\/buch-nr-1-lebenslaenglich-frohlocken-skurriles-aus-dem-alltag-einer-harfenistin-hm-120\/#breadcrumb","itemListElement":[{"@type":"ListItem","position":1,"name":"Startseite","item":"https:\/\/www.silkeaichhorn.de\/en\/"},{"@type":"ListItem","position":2,"name":"Shop","item":"https:\/\/www.silkeaichhorn.de\/en\/shop\/"},{"@type":"ListItem","position":3,"name":"BUCH 1: Lebensl\u00e4nglich Frohlocken \u2013 Skurriles aus dem Alltag einer Harfenistin &#8211; HM 120"}]},{"@type":"WebSite","@id":"https:\/\/www.silkeaichhorn.de\/en\/#website","url":"https:\/\/www.silkeaichhorn.de\/en\/","name":"Harfenistin Silke Aichhorn","description":"","potentialAction":[{"@type":"SearchAction","target":{"@type":"EntryPoint","urlTemplate":"https:\/\/www.silkeaichhorn.de\/en\/?s={search_term_string}"},"query-input":{"@type":"PropertyValueSpecification","valueRequired":true,"valueName":"search_term_string"}}],"inLanguage":"en-US"}]}},"_links":{"self":[{"href":"https:\/\/www.silkeaichhorn.de\/en\/wp-json\/wp\/v2\/product\/4735","targetHints":{"allow":["GET"]}}],"collection":[{"href":"https:\/\/www.silkeaichhorn.de\/en\/wp-json\/wp\/v2\/product"}],"about":[{"href":"https:\/\/www.silkeaichhorn.de\/en\/wp-json\/wp\/v2\/types\/product"}],"replies":[{"embeddable":true,"href":"https:\/\/www.silkeaichhorn.de\/en\/wp-json\/wp\/v2\/comments?post=4735"}],"wp:featuredmedia":[{"embeddable":true,"href":"https:\/\/www.silkeaichhorn.de\/en\/wp-json\/wp\/v2\/media\/4736"}],"wp:attachment":[{"href":"https:\/\/www.silkeaichhorn.de\/en\/wp-json\/wp\/v2\/media?parent=4735"}],"wp:term":[{"taxonomy":"product_brand","embeddable":true,"href":"https:\/\/www.silkeaichhorn.de\/en\/wp-json\/wp\/v2\/product_brand?post=4735"},{"taxonomy":"product_cat","embeddable":true,"href":"https:\/\/www.silkeaichhorn.de\/en\/wp-json\/wp\/v2\/product_cat?post=4735"},{"taxonomy":"product_tag","embeddable":true,"href":"https:\/\/www.silkeaichhorn.de\/en\/wp-json\/wp\/v2\/product_tag?post=4735"}],"curies":[{"name":"wp","href":"https:\/\/api.w.org\/{rel}","templated":true}]}}