{"id":4739,"date":"2025-05-20T16:14:32","date_gmt":"2025-05-20T14:14:32","guid":{"rendered":"https:\/\/www.silkeaichhorn.de\/produkt\/noten-bauernhochzeit-als-einschub-zur-moldaubearbeitung-von-hans-trcenek\/"},"modified":"2025-05-20T16:14:32","modified_gmt":"2025-05-20T14:14:32","slug":"noten-bauernhochzeit-als-einschub-zur-moldaubearbeitung-von-hans-trcenek","status":"publish","type":"product","link":"https:\/\/www.silkeaichhorn.de\/en\/product\/noten-bauernhochzeit-als-einschub-zur-moldaubearbeitung-von-hans-trcenek\/","title":{"rendered":"NOTEN Bauernhochzeit- als Einschub zur Moldaubearbeitung von Hans Trcenek"},"content":{"rendered":"<div class=\"page\" title=\"Page 2\">\n<div class=\"layoutArea\">\n<div class=\"column\">\n<p>Der tschechische Harfenist Hanus Trne?ek hat mit der Transkription der weltber\u00fchmten sinfonischen Dichtung &#8220;Die Moldau&#8221; seines Landsmannes Bedrich Smetana ein Experiment gewagt.<br \/>\nDas Ergebnis ist ein rauschendes Poem von B\u00f6hmens Fl\u00fcssen wie man es original f\u00fcr die Harfe kaum effektvoller h\u00e4tte schreiben k\u00f6nnen.<\/p>\n<p>Neben den ersten Quellen der Moldau sind die Jagd eine Bauernhochzeit der Nymphenreigen in der Mondscheinnacht eine alte Burg die Sankt-Johann- Stromschnellen und am Schlu\u00df das Motiv f\u00fcr Vyseh?ad zu h\u00f6ren.<\/p>\n<p>Da die ber\u00fchmte Bauernhochzeit von Hanus Trne?ek leider nicht ber\u00fccksichtigt wurde habe ich diesen Teil f\u00fcr die Harfe arrangiert sowie die nachfolgenden Teile so bearbeitet da\u00df ein Einschub in die bestehende Zimmermann-Edition m\u00f6glich ist.<\/p>\n<p>Das vorliegende St\u00fcck beginnt im Takt 84 = 28. Takt der JAGD und endet nach der ALTEN BURGRUINE vor dem Piu mosso.<\/p>\n<\/div>\n<\/div>\n<\/div>\n<p>ACHTUNG: <strong>Die Ausgabe beinhaltet NUR den Einschub Sie ben\u00f6tigen dazu noch die originale\u00a0Trne?ek-Ausgabe!<\/strong><\/p>\n<p>Wenn Sie lieber selbst ausdrucken wollen die Noten gibt es auch zum Download unter https:\/\/harpcolumnmusic.com\/all-music\/artists\/silke-aichhorn\/moldau-insert\/<\/p>\n<p>Im Video auf Youtube h\u00f6ren Sie den Einschub von 2:39-7:20min<\/p>\n<span class=\"et_bloom_bottom_trigger\"><\/span>","protected":false},"excerpt":{"rendered":"<p>Der tschechische Harfenist Hanus Trne?ek hat mit der Transkription der weltber\u00fchmten sinfonischen Dichtung &#8220;Die Moldau&#8221; seines Landsmannes Bedrich Smetana ein Experiment gewagt. Das Ergebnis ist ein rauschendes Poem von B\u00f6hmens Fl\u00fcssen wie man es original f\u00fcr die Harfe kaum effektvoller h\u00e4tte schreiben k\u00f6nnen. Neben den ersten Quellen der Moldau sind die Jagd eine Bauernhochzeit der [&hellip;]<\/p>\n","protected":false},"featured_media":4740,"comment_status":"open","ping_status":"closed","template":"","meta":{"_et_pb_use_builder":"","_et_pb_old_content":"","_et_gb_content_width":"","inline_featured_image":false},"product_brand":[],"product_cat":[99],"product_tag":[],"class_list":{"0":"post-4739","1":"product","2":"type-product","3":"status-publish","4":"has-post-thumbnail","6":"product_cat-notes","8":"first","9":"instock","10":"taxable","11":"shipping-taxable","12":"purchasable","13":"product-type-simple"},"yoast_head":"<!-- This site is optimized with the Yoast SEO plugin v27.4 - https:\/\/yoast.com\/product\/yoast-seo-wordpress\/ -->\n<title>NOTEN Bauernhochzeit- als Einschub zur Moldaubearbeitung von Hans Trcenek - Harfenistin Silke Aichhorn<\/title>\n<meta name=\"robots\" content=\"index, follow, max-snippet:-1, max-image-preview:large, max-video-preview:-1\" \/>\n<link rel=\"canonical\" href=\"https:\/\/www.silkeaichhorn.de\/en\/product\/noten-bauernhochzeit-als-einschub-zur-moldaubearbeitung-von-hans-trcenek\/\" \/>\n<meta property=\"og:locale\" content=\"en_US\" \/>\n<meta property=\"og:type\" content=\"article\" \/>\n<meta property=\"og:title\" content=\"NOTEN Bauernhochzeit- als Einschub zur Moldaubearbeitung von Hans Trcenek - Harfenistin Silke Aichhorn\" \/>\n<meta property=\"og:description\" content=\"Der tschechische Harfenist Hanus Trne?ek hat mit der Transkription der weltber\u00fchmten sinfonischen Dichtung &#8220;Die Moldau&#8221; seines Landsmannes Bedrich Smetana ein Experiment gewagt. Das Ergebnis ist ein rauschendes Poem von B\u00f6hmens Fl\u00fcssen wie man es original f\u00fcr die Harfe kaum effektvoller h\u00e4tte schreiben k\u00f6nnen. Neben den ersten Quellen der Moldau sind die Jagd eine Bauernhochzeit der [&hellip;]\" \/>\n<meta property=\"og:url\" content=\"https:\/\/www.silkeaichhorn.de\/en\/product\/noten-bauernhochzeit-als-einschub-zur-moldaubearbeitung-von-hans-trcenek\/\" \/>\n<meta property=\"og:site_name\" content=\"Harfenistin Silke Aichhorn\" \/>\n<meta name=\"twitter:card\" content=\"summary_large_image\" \/>\n<meta name=\"twitter:label1\" content=\"Est. reading time\" \/>\n\t<meta name=\"twitter:data1\" content=\"1 minute\" \/>\n<script type=\"application\/ld+json\" class=\"yoast-schema-graph\">{\"@context\":\"https:\\\/\\\/schema.org\",\"@graph\":[{\"@type\":\"WebPage\",\"@id\":\"https:\\\/\\\/www.silkeaichhorn.de\\\/en\\\/product\\\/noten-bauernhochzeit-als-einschub-zur-moldaubearbeitung-von-hans-trcenek\\\/\",\"url\":\"https:\\\/\\\/www.silkeaichhorn.de\\\/en\\\/product\\\/noten-bauernhochzeit-als-einschub-zur-moldaubearbeitung-von-hans-trcenek\\\/\",\"name\":\"NOTEN Bauernhochzeit- als Einschub zur Moldaubearbeitung von Hans Trcenek - Harfenistin Silke Aichhorn\",\"isPartOf\":{\"@id\":\"https:\\\/\\\/www.silkeaichhorn.de\\\/en\\\/#website\"},\"primaryImageOfPage\":{\"@id\":\"https:\\\/\\\/www.silkeaichhorn.de\\\/en\\\/product\\\/noten-bauernhochzeit-als-einschub-zur-moldaubearbeitung-von-hans-trcenek\\\/#primaryimage\"},\"image\":{\"@id\":\"https:\\\/\\\/www.silkeaichhorn.de\\\/en\\\/product\\\/noten-bauernhochzeit-als-einschub-zur-moldaubearbeitung-von-hans-trcenek\\\/#primaryimage\"},\"thumbnailUrl\":\"https:\\\/\\\/egi9mkoi56j.exactdn.com\\\/wp-content\\\/uploads\\\/2025\\\/05\\\/Shop-Noten-Bauernhochzeit.jpg?strip=all\",\"datePublished\":\"2025-05-20T14:14:32+00:00\",\"breadcrumb\":{\"@id\":\"https:\\\/\\\/www.silkeaichhorn.de\\\/en\\\/product\\\/noten-bauernhochzeit-als-einschub-zur-moldaubearbeitung-von-hans-trcenek\\\/#breadcrumb\"},\"inLanguage\":\"en-US\",\"potentialAction\":[{\"@type\":\"ReadAction\",\"target\":[\"https:\\\/\\\/www.silkeaichhorn.de\\\/en\\\/product\\\/noten-bauernhochzeit-als-einschub-zur-moldaubearbeitung-von-hans-trcenek\\\/\"]}]},{\"@type\":\"ImageObject\",\"inLanguage\":\"en-US\",\"@id\":\"https:\\\/\\\/www.silkeaichhorn.de\\\/en\\\/product\\\/noten-bauernhochzeit-als-einschub-zur-moldaubearbeitung-von-hans-trcenek\\\/#primaryimage\",\"url\":\"https:\\\/\\\/egi9mkoi56j.exactdn.com\\\/wp-content\\\/uploads\\\/2025\\\/05\\\/Shop-Noten-Bauernhochzeit.jpg?strip=all\",\"contentUrl\":\"https:\\\/\\\/egi9mkoi56j.exactdn.com\\\/wp-content\\\/uploads\\\/2025\\\/05\\\/Shop-Noten-Bauernhochzeit.jpg?strip=all\",\"width\":2000,\"height\":2000},{\"@type\":\"BreadcrumbList\",\"@id\":\"https:\\\/\\\/www.silkeaichhorn.de\\\/en\\\/product\\\/noten-bauernhochzeit-als-einschub-zur-moldaubearbeitung-von-hans-trcenek\\\/#breadcrumb\",\"itemListElement\":[{\"@type\":\"ListItem\",\"position\":1,\"name\":\"Startseite\",\"item\":\"https:\\\/\\\/www.silkeaichhorn.de\\\/en\\\/\"},{\"@type\":\"ListItem\",\"position\":2,\"name\":\"Shop\",\"item\":\"https:\\\/\\\/www.silkeaichhorn.de\\\/en\\\/shop\\\/\"},{\"@type\":\"ListItem\",\"position\":3,\"name\":\"NOTEN Bauernhochzeit- als Einschub zur Moldaubearbeitung von Hans Trcenek\"}]},{\"@type\":\"WebSite\",\"@id\":\"https:\\\/\\\/www.silkeaichhorn.de\\\/en\\\/#website\",\"url\":\"https:\\\/\\\/www.silkeaichhorn.de\\\/en\\\/\",\"name\":\"Harfenistin Silke Aichhorn\",\"description\":\"\",\"potentialAction\":[{\"@type\":\"SearchAction\",\"target\":{\"@type\":\"EntryPoint\",\"urlTemplate\":\"https:\\\/\\\/www.silkeaichhorn.de\\\/en\\\/?s={search_term_string}\"},\"query-input\":{\"@type\":\"PropertyValueSpecification\",\"valueRequired\":true,\"valueName\":\"search_term_string\"}}],\"inLanguage\":\"en-US\"}]}<\/script>\n<!-- \/ Yoast SEO plugin. -->","yoast_head_json":{"title":"NOTEN Bauernhochzeit- als Einschub zur Moldaubearbeitung von Hans Trcenek - Harfenistin Silke Aichhorn","robots":{"index":"index","follow":"follow","max-snippet":"max-snippet:-1","max-image-preview":"max-image-preview:large","max-video-preview":"max-video-preview:-1"},"canonical":"https:\/\/www.silkeaichhorn.de\/en\/product\/noten-bauernhochzeit-als-einschub-zur-moldaubearbeitung-von-hans-trcenek\/","og_locale":"en_US","og_type":"article","og_title":"NOTEN Bauernhochzeit- als Einschub zur Moldaubearbeitung von Hans Trcenek - Harfenistin Silke Aichhorn","og_description":"Der tschechische Harfenist Hanus Trne?ek hat mit der Transkription der weltber\u00fchmten sinfonischen Dichtung &#8220;Die Moldau&#8221; seines Landsmannes Bedrich Smetana ein Experiment gewagt. Das Ergebnis ist ein rauschendes Poem von B\u00f6hmens Fl\u00fcssen wie man es original f\u00fcr die Harfe kaum effektvoller h\u00e4tte schreiben k\u00f6nnen. Neben den ersten Quellen der Moldau sind die Jagd eine Bauernhochzeit der [&hellip;]","og_url":"https:\/\/www.silkeaichhorn.de\/en\/product\/noten-bauernhochzeit-als-einschub-zur-moldaubearbeitung-von-hans-trcenek\/","og_site_name":"Harfenistin Silke Aichhorn","twitter_card":"summary_large_image","twitter_misc":{"Est. reading time":"1 minute"},"schema":{"@context":"https:\/\/schema.org","@graph":[{"@type":"WebPage","@id":"https:\/\/www.silkeaichhorn.de\/en\/product\/noten-bauernhochzeit-als-einschub-zur-moldaubearbeitung-von-hans-trcenek\/","url":"https:\/\/www.silkeaichhorn.de\/en\/product\/noten-bauernhochzeit-als-einschub-zur-moldaubearbeitung-von-hans-trcenek\/","name":"NOTEN Bauernhochzeit- als Einschub zur Moldaubearbeitung von Hans Trcenek - Harfenistin Silke Aichhorn","isPartOf":{"@id":"https:\/\/www.silkeaichhorn.de\/en\/#website"},"primaryImageOfPage":{"@id":"https:\/\/www.silkeaichhorn.de\/en\/product\/noten-bauernhochzeit-als-einschub-zur-moldaubearbeitung-von-hans-trcenek\/#primaryimage"},"image":{"@id":"https:\/\/www.silkeaichhorn.de\/en\/product\/noten-bauernhochzeit-als-einschub-zur-moldaubearbeitung-von-hans-trcenek\/#primaryimage"},"thumbnailUrl":"https:\/\/egi9mkoi56j.exactdn.com\/wp-content\/uploads\/2025\/05\/Shop-Noten-Bauernhochzeit.jpg?strip=all","datePublished":"2025-05-20T14:14:32+00:00","breadcrumb":{"@id":"https:\/\/www.silkeaichhorn.de\/en\/product\/noten-bauernhochzeit-als-einschub-zur-moldaubearbeitung-von-hans-trcenek\/#breadcrumb"},"inLanguage":"en-US","potentialAction":[{"@type":"ReadAction","target":["https:\/\/www.silkeaichhorn.de\/en\/product\/noten-bauernhochzeit-als-einschub-zur-moldaubearbeitung-von-hans-trcenek\/"]}]},{"@type":"ImageObject","inLanguage":"en-US","@id":"https:\/\/www.silkeaichhorn.de\/en\/product\/noten-bauernhochzeit-als-einschub-zur-moldaubearbeitung-von-hans-trcenek\/#primaryimage","url":"https:\/\/egi9mkoi56j.exactdn.com\/wp-content\/uploads\/2025\/05\/Shop-Noten-Bauernhochzeit.jpg?strip=all","contentUrl":"https:\/\/egi9mkoi56j.exactdn.com\/wp-content\/uploads\/2025\/05\/Shop-Noten-Bauernhochzeit.jpg?strip=all","width":2000,"height":2000},{"@type":"BreadcrumbList","@id":"https:\/\/www.silkeaichhorn.de\/en\/product\/noten-bauernhochzeit-als-einschub-zur-moldaubearbeitung-von-hans-trcenek\/#breadcrumb","itemListElement":[{"@type":"ListItem","position":1,"name":"Startseite","item":"https:\/\/www.silkeaichhorn.de\/en\/"},{"@type":"ListItem","position":2,"name":"Shop","item":"https:\/\/www.silkeaichhorn.de\/en\/shop\/"},{"@type":"ListItem","position":3,"name":"NOTEN Bauernhochzeit- als Einschub zur Moldaubearbeitung von Hans Trcenek"}]},{"@type":"WebSite","@id":"https:\/\/www.silkeaichhorn.de\/en\/#website","url":"https:\/\/www.silkeaichhorn.de\/en\/","name":"Harfenistin Silke Aichhorn","description":"","potentialAction":[{"@type":"SearchAction","target":{"@type":"EntryPoint","urlTemplate":"https:\/\/www.silkeaichhorn.de\/en\/?s={search_term_string}"},"query-input":{"@type":"PropertyValueSpecification","valueRequired":true,"valueName":"search_term_string"}}],"inLanguage":"en-US"}]}},"_links":{"self":[{"href":"https:\/\/www.silkeaichhorn.de\/en\/wp-json\/wp\/v2\/product\/4739","targetHints":{"allow":["GET"]}}],"collection":[{"href":"https:\/\/www.silkeaichhorn.de\/en\/wp-json\/wp\/v2\/product"}],"about":[{"href":"https:\/\/www.silkeaichhorn.de\/en\/wp-json\/wp\/v2\/types\/product"}],"replies":[{"embeddable":true,"href":"https:\/\/www.silkeaichhorn.de\/en\/wp-json\/wp\/v2\/comments?post=4739"}],"wp:featuredmedia":[{"embeddable":true,"href":"https:\/\/www.silkeaichhorn.de\/en\/wp-json\/wp\/v2\/media\/4740"}],"wp:attachment":[{"href":"https:\/\/www.silkeaichhorn.de\/en\/wp-json\/wp\/v2\/media?parent=4739"}],"wp:term":[{"taxonomy":"product_brand","embeddable":true,"href":"https:\/\/www.silkeaichhorn.de\/en\/wp-json\/wp\/v2\/product_brand?post=4739"},{"taxonomy":"product_cat","embeddable":true,"href":"https:\/\/www.silkeaichhorn.de\/en\/wp-json\/wp\/v2\/product_cat?post=4739"},{"taxonomy":"product_tag","embeddable":true,"href":"https:\/\/www.silkeaichhorn.de\/en\/wp-json\/wp\/v2\/product_tag?post=4739"}],"curies":[{"name":"wp","href":"https:\/\/api.w.org\/{rel}","templated":true}]}}