{"id":4741,"date":"2025-05-20T16:14:32","date_gmt":"2025-05-20T14:14:32","guid":{"rendered":"https:\/\/www.silkeaichhorn.de\/produkt\/noten-la-source-von-jakob-blumenthal-fuer-harfe-solo\/"},"modified":"2025-05-20T16:14:32","modified_gmt":"2025-05-20T14:14:32","slug":"noten-la-source-von-jakob-blumenthal-fuer-harfe-solo","status":"publish","type":"product","link":"https:\/\/www.silkeaichhorn.de\/en\/product\/noten-la-source-von-jakob-blumenthal-fuer-harfe-solo\/","title":{"rendered":"NOTEN La Source von Jakob Blumenthal f\u00fcr Harfe solo"},"content":{"rendered":"<div class=\"page\" title=\"Page 2\">\n<div class=\"layoutArea\">\n<div class=\"column\">\n<p>Jacques Blumenthal (4 Oktober 1829 \u2013 17 Mai 1908) war ein deutscher Pianist und Komponist a German. Geboren in Hamburg begann er seine musikalische Ausbildung im fr\u00fcher Alter bei Lehrern Friedrich Wilhelm Grund Carl Maria von Bocklet und Simon Sechter. 1846 trat er an das Conservatoire de Paris ein wo er Klavier bei Henri Herz und Fromental Hal\u00e9vy studierte. 1848 zog Blumenthal nach London um wo er Pianist von Queen Victoria wurde. Die Position trug dazu bei da\u00df er ein gefragter Lehrer in der Londoner Society wurde und davon sehr gut leben konnte.<\/p>\n<p>Blumenthal komponierte eine Vielzahl von Werken.<br \/>\nSeine kurzen Klavierst\u00fccke und Lieder erreichten bemerkenswerte Aufmerksamkeit was seinen gr\u00f6\u00dferen Werken leider nicht verg\u00f6nnt war.<br \/>\nEr starb in seim Haus in Chelsea im Mai 1908; seine Witwe L\u00e9onie Souvoroff Blumenthal geborene Gore vermachte die Rechte an seinen Werken an die Royal Society of Musicians.<br \/>\nLaut Riemann schrieb Blumenthal &#8220;viele brillante Salonst\u00fccke f\u00fcr Klavier&#8221;.<\/p>\n<p>In dieser Komposition verweisen perlende Arpeggien auf das programmatische Sujet des Titels.<\/p>\n<div class=\"page\" title=\"Page 11\">\n<div class=\"layoutArea\">\n<div class=\"column\">\n<p>Eine Einspielung des Werkes ist auf der CD \u201eHarfenkl\u00e4nge f\u00fcr die Seele Nr.2 \u201c Bestellnummer HM 114 Label H\u00d6RMUSIK zu h\u00f6ren.<\/p>\n<\/div>\n<\/div>\n<\/div>\n<\/div>\n<\/div>\n<\/div>\n<p>Wenn Sie lieber selbst ausdrucken wollen die Noten gibt es auch zum Download unter https:\/\/harpcolumnmusic.com\/all-music\/artists\/silke-aichhorn\/la-source\/<\/p>\n<span class=\"et_bloom_bottom_trigger\"><\/span>","protected":false},"excerpt":{"rendered":"<p>Jacques Blumenthal (4 Oktober 1829 \u2013 17 Mai 1908) war ein deutscher Pianist und Komponist a German. Geboren in Hamburg begann er seine musikalische Ausbildung im fr\u00fcher Alter bei Lehrern Friedrich Wilhelm Grund Carl Maria von Bocklet und Simon Sechter. 1846 trat er an das Conservatoire de Paris ein wo er Klavier bei Henri Herz [&hellip;]<\/p>\n","protected":false},"featured_media":4742,"comment_status":"open","ping_status":"closed","template":"","meta":{"_et_pb_use_builder":"","_et_pb_old_content":"","_et_gb_content_width":"","inline_featured_image":false},"product_brand":[],"product_cat":[99],"product_tag":[],"class_list":{"0":"post-4741","1":"product","2":"type-product","3":"status-publish","4":"has-post-thumbnail","6":"product_cat-notes","8":"first","9":"instock","10":"taxable","11":"shipping-taxable","12":"purchasable","13":"product-type-simple"},"yoast_head":"<!-- This site is optimized with the Yoast SEO plugin v27.4 - https:\/\/yoast.com\/product\/yoast-seo-wordpress\/ -->\n<title>NOTEN La Source von Jakob Blumenthal f\u00fcr Harfe solo - Harfenistin Silke Aichhorn<\/title>\n<meta name=\"robots\" content=\"index, follow, max-snippet:-1, max-image-preview:large, max-video-preview:-1\" \/>\n<link rel=\"canonical\" href=\"https:\/\/www.silkeaichhorn.de\/en\/product\/noten-la-source-von-jakob-blumenthal-fuer-harfe-solo\/\" \/>\n<meta property=\"og:locale\" content=\"en_US\" \/>\n<meta property=\"og:type\" content=\"article\" \/>\n<meta property=\"og:title\" content=\"NOTEN La Source von Jakob Blumenthal f\u00fcr Harfe solo - Harfenistin Silke Aichhorn\" \/>\n<meta property=\"og:description\" content=\"Jacques Blumenthal (4 Oktober 1829 \u2013 17 Mai 1908) war ein deutscher Pianist und Komponist a German. Geboren in Hamburg begann er seine musikalische Ausbildung im fr\u00fcher Alter bei Lehrern Friedrich Wilhelm Grund Carl Maria von Bocklet und Simon Sechter. 1846 trat er an das Conservatoire de Paris ein wo er Klavier bei Henri Herz [&hellip;]\" \/>\n<meta property=\"og:url\" content=\"https:\/\/www.silkeaichhorn.de\/en\/product\/noten-la-source-von-jakob-blumenthal-fuer-harfe-solo\/\" \/>\n<meta property=\"og:site_name\" content=\"Harfenistin Silke Aichhorn\" \/>\n<meta name=\"twitter:card\" content=\"summary_large_image\" \/>\n<meta name=\"twitter:label1\" content=\"Est. reading time\" \/>\n\t<meta name=\"twitter:data1\" content=\"1 minute\" \/>\n<script type=\"application\/ld+json\" class=\"yoast-schema-graph\">{\"@context\":\"https:\\\/\\\/schema.org\",\"@graph\":[{\"@type\":\"WebPage\",\"@id\":\"https:\\\/\\\/www.silkeaichhorn.de\\\/en\\\/product\\\/noten-la-source-von-jakob-blumenthal-fuer-harfe-solo\\\/\",\"url\":\"https:\\\/\\\/www.silkeaichhorn.de\\\/en\\\/product\\\/noten-la-source-von-jakob-blumenthal-fuer-harfe-solo\\\/\",\"name\":\"NOTEN La Source von Jakob Blumenthal f\u00fcr Harfe solo - Harfenistin Silke Aichhorn\",\"isPartOf\":{\"@id\":\"https:\\\/\\\/www.silkeaichhorn.de\\\/en\\\/#website\"},\"primaryImageOfPage\":{\"@id\":\"https:\\\/\\\/www.silkeaichhorn.de\\\/en\\\/product\\\/noten-la-source-von-jakob-blumenthal-fuer-harfe-solo\\\/#primaryimage\"},\"image\":{\"@id\":\"https:\\\/\\\/www.silkeaichhorn.de\\\/en\\\/product\\\/noten-la-source-von-jakob-blumenthal-fuer-harfe-solo\\\/#primaryimage\"},\"thumbnailUrl\":\"https:\\\/\\\/egi9mkoi56j.exactdn.com\\\/wp-content\\\/uploads\\\/2025\\\/05\\\/Shop-Noten-La-Source-von-Jakob-Blumenthal.jpg?strip=all\",\"datePublished\":\"2025-05-20T14:14:32+00:00\",\"breadcrumb\":{\"@id\":\"https:\\\/\\\/www.silkeaichhorn.de\\\/en\\\/product\\\/noten-la-source-von-jakob-blumenthal-fuer-harfe-solo\\\/#breadcrumb\"},\"inLanguage\":\"en-US\",\"potentialAction\":[{\"@type\":\"ReadAction\",\"target\":[\"https:\\\/\\\/www.silkeaichhorn.de\\\/en\\\/product\\\/noten-la-source-von-jakob-blumenthal-fuer-harfe-solo\\\/\"]}]},{\"@type\":\"ImageObject\",\"inLanguage\":\"en-US\",\"@id\":\"https:\\\/\\\/www.silkeaichhorn.de\\\/en\\\/product\\\/noten-la-source-von-jakob-blumenthal-fuer-harfe-solo\\\/#primaryimage\",\"url\":\"https:\\\/\\\/egi9mkoi56j.exactdn.com\\\/wp-content\\\/uploads\\\/2025\\\/05\\\/Shop-Noten-La-Source-von-Jakob-Blumenthal.jpg?strip=all\",\"contentUrl\":\"https:\\\/\\\/egi9mkoi56j.exactdn.com\\\/wp-content\\\/uploads\\\/2025\\\/05\\\/Shop-Noten-La-Source-von-Jakob-Blumenthal.jpg?strip=all\",\"width\":2000,\"height\":2000},{\"@type\":\"BreadcrumbList\",\"@id\":\"https:\\\/\\\/www.silkeaichhorn.de\\\/en\\\/product\\\/noten-la-source-von-jakob-blumenthal-fuer-harfe-solo\\\/#breadcrumb\",\"itemListElement\":[{\"@type\":\"ListItem\",\"position\":1,\"name\":\"Startseite\",\"item\":\"https:\\\/\\\/www.silkeaichhorn.de\\\/en\\\/\"},{\"@type\":\"ListItem\",\"position\":2,\"name\":\"Shop\",\"item\":\"https:\\\/\\\/www.silkeaichhorn.de\\\/en\\\/shop\\\/\"},{\"@type\":\"ListItem\",\"position\":3,\"name\":\"NOTEN La Source von Jakob Blumenthal f\u00fcr Harfe solo\"}]},{\"@type\":\"WebSite\",\"@id\":\"https:\\\/\\\/www.silkeaichhorn.de\\\/en\\\/#website\",\"url\":\"https:\\\/\\\/www.silkeaichhorn.de\\\/en\\\/\",\"name\":\"Harfenistin Silke Aichhorn\",\"description\":\"\",\"potentialAction\":[{\"@type\":\"SearchAction\",\"target\":{\"@type\":\"EntryPoint\",\"urlTemplate\":\"https:\\\/\\\/www.silkeaichhorn.de\\\/en\\\/?s={search_term_string}\"},\"query-input\":{\"@type\":\"PropertyValueSpecification\",\"valueRequired\":true,\"valueName\":\"search_term_string\"}}],\"inLanguage\":\"en-US\"}]}<\/script>\n<!-- \/ Yoast SEO plugin. -->","yoast_head_json":{"title":"NOTEN La Source von Jakob Blumenthal f\u00fcr Harfe solo - Harfenistin Silke Aichhorn","robots":{"index":"index","follow":"follow","max-snippet":"max-snippet:-1","max-image-preview":"max-image-preview:large","max-video-preview":"max-video-preview:-1"},"canonical":"https:\/\/www.silkeaichhorn.de\/en\/product\/noten-la-source-von-jakob-blumenthal-fuer-harfe-solo\/","og_locale":"en_US","og_type":"article","og_title":"NOTEN La Source von Jakob Blumenthal f\u00fcr Harfe solo - Harfenistin Silke Aichhorn","og_description":"Jacques Blumenthal (4 Oktober 1829 \u2013 17 Mai 1908) war ein deutscher Pianist und Komponist a German. Geboren in Hamburg begann er seine musikalische Ausbildung im fr\u00fcher Alter bei Lehrern Friedrich Wilhelm Grund Carl Maria von Bocklet und Simon Sechter. 1846 trat er an das Conservatoire de Paris ein wo er Klavier bei Henri Herz [&hellip;]","og_url":"https:\/\/www.silkeaichhorn.de\/en\/product\/noten-la-source-von-jakob-blumenthal-fuer-harfe-solo\/","og_site_name":"Harfenistin Silke Aichhorn","twitter_card":"summary_large_image","twitter_misc":{"Est. reading time":"1 minute"},"schema":{"@context":"https:\/\/schema.org","@graph":[{"@type":"WebPage","@id":"https:\/\/www.silkeaichhorn.de\/en\/product\/noten-la-source-von-jakob-blumenthal-fuer-harfe-solo\/","url":"https:\/\/www.silkeaichhorn.de\/en\/product\/noten-la-source-von-jakob-blumenthal-fuer-harfe-solo\/","name":"NOTEN La Source von Jakob Blumenthal f\u00fcr Harfe solo - Harfenistin Silke Aichhorn","isPartOf":{"@id":"https:\/\/www.silkeaichhorn.de\/en\/#website"},"primaryImageOfPage":{"@id":"https:\/\/www.silkeaichhorn.de\/en\/product\/noten-la-source-von-jakob-blumenthal-fuer-harfe-solo\/#primaryimage"},"image":{"@id":"https:\/\/www.silkeaichhorn.de\/en\/product\/noten-la-source-von-jakob-blumenthal-fuer-harfe-solo\/#primaryimage"},"thumbnailUrl":"https:\/\/egi9mkoi56j.exactdn.com\/wp-content\/uploads\/2025\/05\/Shop-Noten-La-Source-von-Jakob-Blumenthal.jpg?strip=all","datePublished":"2025-05-20T14:14:32+00:00","breadcrumb":{"@id":"https:\/\/www.silkeaichhorn.de\/en\/product\/noten-la-source-von-jakob-blumenthal-fuer-harfe-solo\/#breadcrumb"},"inLanguage":"en-US","potentialAction":[{"@type":"ReadAction","target":["https:\/\/www.silkeaichhorn.de\/en\/product\/noten-la-source-von-jakob-blumenthal-fuer-harfe-solo\/"]}]},{"@type":"ImageObject","inLanguage":"en-US","@id":"https:\/\/www.silkeaichhorn.de\/en\/product\/noten-la-source-von-jakob-blumenthal-fuer-harfe-solo\/#primaryimage","url":"https:\/\/egi9mkoi56j.exactdn.com\/wp-content\/uploads\/2025\/05\/Shop-Noten-La-Source-von-Jakob-Blumenthal.jpg?strip=all","contentUrl":"https:\/\/egi9mkoi56j.exactdn.com\/wp-content\/uploads\/2025\/05\/Shop-Noten-La-Source-von-Jakob-Blumenthal.jpg?strip=all","width":2000,"height":2000},{"@type":"BreadcrumbList","@id":"https:\/\/www.silkeaichhorn.de\/en\/product\/noten-la-source-von-jakob-blumenthal-fuer-harfe-solo\/#breadcrumb","itemListElement":[{"@type":"ListItem","position":1,"name":"Startseite","item":"https:\/\/www.silkeaichhorn.de\/en\/"},{"@type":"ListItem","position":2,"name":"Shop","item":"https:\/\/www.silkeaichhorn.de\/en\/shop\/"},{"@type":"ListItem","position":3,"name":"NOTEN La Source von Jakob Blumenthal f\u00fcr Harfe solo"}]},{"@type":"WebSite","@id":"https:\/\/www.silkeaichhorn.de\/en\/#website","url":"https:\/\/www.silkeaichhorn.de\/en\/","name":"Harfenistin Silke Aichhorn","description":"","potentialAction":[{"@type":"SearchAction","target":{"@type":"EntryPoint","urlTemplate":"https:\/\/www.silkeaichhorn.de\/en\/?s={search_term_string}"},"query-input":{"@type":"PropertyValueSpecification","valueRequired":true,"valueName":"search_term_string"}}],"inLanguage":"en-US"}]}},"_links":{"self":[{"href":"https:\/\/www.silkeaichhorn.de\/en\/wp-json\/wp\/v2\/product\/4741","targetHints":{"allow":["GET"]}}],"collection":[{"href":"https:\/\/www.silkeaichhorn.de\/en\/wp-json\/wp\/v2\/product"}],"about":[{"href":"https:\/\/www.silkeaichhorn.de\/en\/wp-json\/wp\/v2\/types\/product"}],"replies":[{"embeddable":true,"href":"https:\/\/www.silkeaichhorn.de\/en\/wp-json\/wp\/v2\/comments?post=4741"}],"wp:featuredmedia":[{"embeddable":true,"href":"https:\/\/www.silkeaichhorn.de\/en\/wp-json\/wp\/v2\/media\/4742"}],"wp:attachment":[{"href":"https:\/\/www.silkeaichhorn.de\/en\/wp-json\/wp\/v2\/media?parent=4741"}],"wp:term":[{"taxonomy":"product_brand","embeddable":true,"href":"https:\/\/www.silkeaichhorn.de\/en\/wp-json\/wp\/v2\/product_brand?post=4741"},{"taxonomy":"product_cat","embeddable":true,"href":"https:\/\/www.silkeaichhorn.de\/en\/wp-json\/wp\/v2\/product_cat?post=4741"},{"taxonomy":"product_tag","embeddable":true,"href":"https:\/\/www.silkeaichhorn.de\/en\/wp-json\/wp\/v2\/product_tag?post=4741"}],"curies":[{"name":"wp","href":"https:\/\/api.w.org\/{rel}","templated":true}]}}