{"id":4745,"date":"2025-05-20T16:14:32","date_gmt":"2025-05-20T14:14:32","guid":{"rendered":"https:\/\/www.silkeaichhorn.de\/produkt\/3-harfenkonzerte-von-johann-wilhelm-hertel\/"},"modified":"2025-05-20T16:14:32","modified_gmt":"2025-05-20T14:14:32","slug":"3-harfenkonzerte-von-johann-wilhelm-hertel","status":"publish","type":"product","link":"https:\/\/www.silkeaichhorn.de\/en\/product\/3-harfenkonzerte-von-johann-wilhelm-hertel\/","title":{"rendered":"3 Harfenkonzerte von Johann Wilhelm Hertel"},"content":{"rendered":"<span class=\"et_bloom_bottom_trigger\"><\/span>","protected":false},"excerpt":{"rendered":"<p>mit dem Kurpf\u00e4lzischen Kammerorchester unter der Leitung von Kevin Griffiths<\/p>\n<p><strong class=\"caption\">Charmante Vorklassik f\u00fcr ein vernachl\u00e4ssigtes Soloinstrument<\/strong><\/p>\n<div class=\"body\">&#8230;musizieren die Interpreten in den Konzerten virtuos geschmeidig und dem leicht beschwingten Kompositionsstil der Vorklassik sehr angemessen. Das ist unbeschwerte charmante und leicht fassliche Unterhaltungsmusik f\u00fcr hohe Anspr\u00fcche. Zudem bilden die Konzerte eine sehr zu begr\u00fc\u00dfende Bereicherung des Hertel-Repertoires.<br \/>\nTechnik und Qualit\u00e4t des Booklets sind bestens.<\/div>\n","protected":false},"featured_media":4746,"comment_status":"open","ping_status":"closed","template":"","meta":{"_et_pb_use_builder":"","_et_pb_old_content":"","_et_gb_content_width":"","inline_featured_image":false},"product_brand":[],"product_cat":[90,92],"product_tag":[],"class_list":{"0":"post-4745","1":"product","2":"type-product","3":"status-publish","4":"has-post-thumbnail","6":"product_cat-cds","7":"product_cat-harp-solo-with-orchestral-accompaniment","9":"first","10":"instock","11":"taxable","12":"shipping-taxable","13":"purchasable","14":"product-type-simple"},"yoast_head":"<!-- This site is optimized with the Yoast SEO plugin v27.4 - https:\/\/yoast.com\/product\/yoast-seo-wordpress\/ -->\n<title>3 Harfenkonzerte von Johann Wilhelm Hertel - Harfenistin Silke Aichhorn<\/title>\n<meta name=\"robots\" content=\"index, follow, max-snippet:-1, max-image-preview:large, max-video-preview:-1\" \/>\n<link rel=\"canonical\" href=\"https:\/\/www.silkeaichhorn.de\/en\/product\/3-harfenkonzerte-von-johann-wilhelm-hertel\/\" \/>\n<meta property=\"og:locale\" content=\"en_US\" \/>\n<meta property=\"og:type\" content=\"article\" \/>\n<meta property=\"og:title\" content=\"3 Harfenkonzerte von Johann Wilhelm Hertel - Harfenistin Silke Aichhorn\" \/>\n<meta property=\"og:description\" content=\"mit dem Kurpf\u00e4lzischen Kammerorchester unter der Leitung von Kevin Griffiths  Charmante Vorklassik f\u00fcr ein vernachl\u00e4ssigtes Soloinstrument ...musizieren die Interpreten in den Konzerten virtuos geschmeidig und dem leicht beschwingten Kompositionsstil der Vorklassik sehr angemessen. Das ist unbeschwerte charmante und leicht fassliche Unterhaltungsmusik f\u00fcr hohe Anspr\u00fcche. Zudem bilden die Konzerte eine sehr zu begr\u00fc\u00dfende Bereicherung des Hertel-Repertoires. Technik und Qualit\u00e4t des Booklets sind bestens.\" \/>\n<meta property=\"og:url\" content=\"https:\/\/www.silkeaichhorn.de\/en\/product\/3-harfenkonzerte-von-johann-wilhelm-hertel\/\" \/>\n<meta property=\"og:site_name\" content=\"Harfenistin Silke Aichhorn\" \/>\n<meta name=\"twitter:card\" content=\"summary_large_image\" \/>\n<script type=\"application\/ld+json\" class=\"yoast-schema-graph\">{\"@context\":\"https:\\\/\\\/schema.org\",\"@graph\":[{\"@type\":\"WebPage\",\"@id\":\"https:\\\/\\\/www.silkeaichhorn.de\\\/en\\\/product\\\/3-harfenkonzerte-von-johann-wilhelm-hertel\\\/\",\"url\":\"https:\\\/\\\/www.silkeaichhorn.de\\\/en\\\/product\\\/3-harfenkonzerte-von-johann-wilhelm-hertel\\\/\",\"name\":\"3 Harfenkonzerte von Johann Wilhelm Hertel - Harfenistin Silke Aichhorn\",\"isPartOf\":{\"@id\":\"https:\\\/\\\/www.silkeaichhorn.de\\\/en\\\/#website\"},\"primaryImageOfPage\":{\"@id\":\"https:\\\/\\\/www.silkeaichhorn.de\\\/en\\\/product\\\/3-harfenkonzerte-von-johann-wilhelm-hertel\\\/#primaryimage\"},\"image\":{\"@id\":\"https:\\\/\\\/www.silkeaichhorn.de\\\/en\\\/product\\\/3-harfenkonzerte-von-johann-wilhelm-hertel\\\/#primaryimage\"},\"thumbnailUrl\":\"https:\\\/\\\/egi9mkoi56j.exactdn.com\\\/wp-content\\\/uploads\\\/2025\\\/05\\\/Shop-Harfe-Solo-Orchester-Harfenkonzerte-Johann-Wilhelm-Hertel_.jpg?strip=all\",\"datePublished\":\"2025-05-20T14:14:32+00:00\",\"breadcrumb\":{\"@id\":\"https:\\\/\\\/www.silkeaichhorn.de\\\/en\\\/product\\\/3-harfenkonzerte-von-johann-wilhelm-hertel\\\/#breadcrumb\"},\"inLanguage\":\"en-US\",\"potentialAction\":[{\"@type\":\"ReadAction\",\"target\":[\"https:\\\/\\\/www.silkeaichhorn.de\\\/en\\\/product\\\/3-harfenkonzerte-von-johann-wilhelm-hertel\\\/\"]}]},{\"@type\":\"ImageObject\",\"inLanguage\":\"en-US\",\"@id\":\"https:\\\/\\\/www.silkeaichhorn.de\\\/en\\\/product\\\/3-harfenkonzerte-von-johann-wilhelm-hertel\\\/#primaryimage\",\"url\":\"https:\\\/\\\/egi9mkoi56j.exactdn.com\\\/wp-content\\\/uploads\\\/2025\\\/05\\\/Shop-Harfe-Solo-Orchester-Harfenkonzerte-Johann-Wilhelm-Hertel_.jpg?strip=all\",\"contentUrl\":\"https:\\\/\\\/egi9mkoi56j.exactdn.com\\\/wp-content\\\/uploads\\\/2025\\\/05\\\/Shop-Harfe-Solo-Orchester-Harfenkonzerte-Johann-Wilhelm-Hertel_.jpg?strip=all\",\"width\":2000,\"height\":2000},{\"@type\":\"BreadcrumbList\",\"@id\":\"https:\\\/\\\/www.silkeaichhorn.de\\\/en\\\/product\\\/3-harfenkonzerte-von-johann-wilhelm-hertel\\\/#breadcrumb\",\"itemListElement\":[{\"@type\":\"ListItem\",\"position\":1,\"name\":\"Startseite\",\"item\":\"https:\\\/\\\/www.silkeaichhorn.de\\\/en\\\/\"},{\"@type\":\"ListItem\",\"position\":2,\"name\":\"Shop\",\"item\":\"https:\\\/\\\/www.silkeaichhorn.de\\\/en\\\/shop\\\/\"},{\"@type\":\"ListItem\",\"position\":3,\"name\":\"3 Harfenkonzerte von Johann Wilhelm Hertel\"}]},{\"@type\":\"WebSite\",\"@id\":\"https:\\\/\\\/www.silkeaichhorn.de\\\/en\\\/#website\",\"url\":\"https:\\\/\\\/www.silkeaichhorn.de\\\/en\\\/\",\"name\":\"Harfenistin Silke Aichhorn\",\"description\":\"\",\"potentialAction\":[{\"@type\":\"SearchAction\",\"target\":{\"@type\":\"EntryPoint\",\"urlTemplate\":\"https:\\\/\\\/www.silkeaichhorn.de\\\/en\\\/?s={search_term_string}\"},\"query-input\":{\"@type\":\"PropertyValueSpecification\",\"valueRequired\":true,\"valueName\":\"search_term_string\"}}],\"inLanguage\":\"en-US\"}]}<\/script>\n<!-- \/ Yoast SEO plugin. -->","yoast_head_json":{"title":"3 Harfenkonzerte von Johann Wilhelm Hertel - Harfenistin Silke Aichhorn","robots":{"index":"index","follow":"follow","max-snippet":"max-snippet:-1","max-image-preview":"max-image-preview:large","max-video-preview":"max-video-preview:-1"},"canonical":"https:\/\/www.silkeaichhorn.de\/en\/product\/3-harfenkonzerte-von-johann-wilhelm-hertel\/","og_locale":"en_US","og_type":"article","og_title":"3 Harfenkonzerte von Johann Wilhelm Hertel - Harfenistin Silke Aichhorn","og_description":"mit dem Kurpf\u00e4lzischen Kammerorchester unter der Leitung von Kevin Griffiths  Charmante Vorklassik f\u00fcr ein vernachl\u00e4ssigtes Soloinstrument ...musizieren die Interpreten in den Konzerten virtuos geschmeidig und dem leicht beschwingten Kompositionsstil der Vorklassik sehr angemessen. Das ist unbeschwerte charmante und leicht fassliche Unterhaltungsmusik f\u00fcr hohe Anspr\u00fcche. Zudem bilden die Konzerte eine sehr zu begr\u00fc\u00dfende Bereicherung des Hertel-Repertoires. Technik und Qualit\u00e4t des Booklets sind bestens.","og_url":"https:\/\/www.silkeaichhorn.de\/en\/product\/3-harfenkonzerte-von-johann-wilhelm-hertel\/","og_site_name":"Harfenistin Silke Aichhorn","twitter_card":"summary_large_image","schema":{"@context":"https:\/\/schema.org","@graph":[{"@type":"WebPage","@id":"https:\/\/www.silkeaichhorn.de\/en\/product\/3-harfenkonzerte-von-johann-wilhelm-hertel\/","url":"https:\/\/www.silkeaichhorn.de\/en\/product\/3-harfenkonzerte-von-johann-wilhelm-hertel\/","name":"3 Harfenkonzerte von Johann Wilhelm Hertel - Harfenistin Silke Aichhorn","isPartOf":{"@id":"https:\/\/www.silkeaichhorn.de\/en\/#website"},"primaryImageOfPage":{"@id":"https:\/\/www.silkeaichhorn.de\/en\/product\/3-harfenkonzerte-von-johann-wilhelm-hertel\/#primaryimage"},"image":{"@id":"https:\/\/www.silkeaichhorn.de\/en\/product\/3-harfenkonzerte-von-johann-wilhelm-hertel\/#primaryimage"},"thumbnailUrl":"https:\/\/egi9mkoi56j.exactdn.com\/wp-content\/uploads\/2025\/05\/Shop-Harfe-Solo-Orchester-Harfenkonzerte-Johann-Wilhelm-Hertel_.jpg?strip=all","datePublished":"2025-05-20T14:14:32+00:00","breadcrumb":{"@id":"https:\/\/www.silkeaichhorn.de\/en\/product\/3-harfenkonzerte-von-johann-wilhelm-hertel\/#breadcrumb"},"inLanguage":"en-US","potentialAction":[{"@type":"ReadAction","target":["https:\/\/www.silkeaichhorn.de\/en\/product\/3-harfenkonzerte-von-johann-wilhelm-hertel\/"]}]},{"@type":"ImageObject","inLanguage":"en-US","@id":"https:\/\/www.silkeaichhorn.de\/en\/product\/3-harfenkonzerte-von-johann-wilhelm-hertel\/#primaryimage","url":"https:\/\/egi9mkoi56j.exactdn.com\/wp-content\/uploads\/2025\/05\/Shop-Harfe-Solo-Orchester-Harfenkonzerte-Johann-Wilhelm-Hertel_.jpg?strip=all","contentUrl":"https:\/\/egi9mkoi56j.exactdn.com\/wp-content\/uploads\/2025\/05\/Shop-Harfe-Solo-Orchester-Harfenkonzerte-Johann-Wilhelm-Hertel_.jpg?strip=all","width":2000,"height":2000},{"@type":"BreadcrumbList","@id":"https:\/\/www.silkeaichhorn.de\/en\/product\/3-harfenkonzerte-von-johann-wilhelm-hertel\/#breadcrumb","itemListElement":[{"@type":"ListItem","position":1,"name":"Startseite","item":"https:\/\/www.silkeaichhorn.de\/en\/"},{"@type":"ListItem","position":2,"name":"Shop","item":"https:\/\/www.silkeaichhorn.de\/en\/shop\/"},{"@type":"ListItem","position":3,"name":"3 Harfenkonzerte von Johann Wilhelm Hertel"}]},{"@type":"WebSite","@id":"https:\/\/www.silkeaichhorn.de\/en\/#website","url":"https:\/\/www.silkeaichhorn.de\/en\/","name":"Harfenistin Silke Aichhorn","description":"","potentialAction":[{"@type":"SearchAction","target":{"@type":"EntryPoint","urlTemplate":"https:\/\/www.silkeaichhorn.de\/en\/?s={search_term_string}"},"query-input":{"@type":"PropertyValueSpecification","valueRequired":true,"valueName":"search_term_string"}}],"inLanguage":"en-US"}]}},"_links":{"self":[{"href":"https:\/\/www.silkeaichhorn.de\/en\/wp-json\/wp\/v2\/product\/4745","targetHints":{"allow":["GET"]}}],"collection":[{"href":"https:\/\/www.silkeaichhorn.de\/en\/wp-json\/wp\/v2\/product"}],"about":[{"href":"https:\/\/www.silkeaichhorn.de\/en\/wp-json\/wp\/v2\/types\/product"}],"replies":[{"embeddable":true,"href":"https:\/\/www.silkeaichhorn.de\/en\/wp-json\/wp\/v2\/comments?post=4745"}],"wp:featuredmedia":[{"embeddable":true,"href":"https:\/\/www.silkeaichhorn.de\/en\/wp-json\/wp\/v2\/media\/4746"}],"wp:attachment":[{"href":"https:\/\/www.silkeaichhorn.de\/en\/wp-json\/wp\/v2\/media?parent=4745"}],"wp:term":[{"taxonomy":"product_brand","embeddable":true,"href":"https:\/\/www.silkeaichhorn.de\/en\/wp-json\/wp\/v2\/product_brand?post=4745"},{"taxonomy":"product_cat","embeddable":true,"href":"https:\/\/www.silkeaichhorn.de\/en\/wp-json\/wp\/v2\/product_cat?post=4745"},{"taxonomy":"product_tag","embeddable":true,"href":"https:\/\/www.silkeaichhorn.de\/en\/wp-json\/wp\/v2\/product_tag?post=4745"}],"curies":[{"name":"wp","href":"https:\/\/api.w.org\/{rel}","templated":true}]}}