{"id":4747,"date":"2025-05-20T16:14:32","date_gmt":"2025-05-20T14:14:32","guid":{"rendered":"https:\/\/www.silkeaichhorn.de\/produkt\/3er-cd-box-harfenklaenge-fuer-die-seele-1-3\/"},"modified":"2025-05-20T16:14:32","modified_gmt":"2025-05-20T14:14:32","slug":"3er-cd-box-harfenklaenge-fuer-die-seele-1-3","status":"publish","type":"product","link":"https:\/\/www.silkeaichhorn.de\/en\/product\/3er-cd-box-harfenklaenge-fuer-die-seele-1-3\/","title":{"rendered":"3er CD-Box Harfenkl\u00e4nge f\u00fcr die Seele 1-3- HM 119"},"content":{"rendered":"<h3>Harfenkl\u00e4nge f\u00fcr die Seele 1<\/h3>\n<ol>\n<li><em>Chanson de mai \u2013 Romance sans paroles Op.\u202f40<\/em><\/li>\n<li><em>La S\u00e9r\u00e9nade \u2013 Fantaisie \u00fcber eine Melodie von Franz Schubert Op.\u202f102<\/em><\/li>\n<li><em>Morceau d\u2019impression dans le style de Nocturne<\/em><\/li>\n<li><em>Nocturne Es-Dur<\/em><\/li>\n<li><em>Cradle Song<\/em><\/li>\n<li><em>Last Rose of Summer<\/em><\/li>\n<li><em>Sicilienne<\/em><\/li>\n<li><em>Largo (aus der 3. Sonate f\u00fcr Violine) BWV 1005<\/em><\/li>\n<li><em>Kanon<\/em><\/li>\n<li><em>Clair de lune aus der \u201eSuite bergamasque\u201c L.\u202f75<\/em><\/li>\n<li><em>Arabesque Nr.\u202f1 CD 74; L.\u202f66<\/em><\/li>\n<li><em>Schlummerlied aus den \u201eAlbumbl\u00e4ttern\u201c Op.\u202f125 Nr.\u202f16<\/em><\/li>\n<li><em>Gru\u00df aus der Ferne Op.\u202f72 Nr.\u202f17<\/em><\/li>\n<li><em>Greensleeves<\/em><\/li>\n<li><em>Air aus der Orchestersuite Nr.\u202f3 BWV 1068<\/em><\/li>\n<li><em>Choral \u201eJesu bleibet meine Freude\u201c BWV 147<\/em><\/li>\n<li><em>Sinfonia BWV 156<\/em><\/li>\n<li><em>Guten Abend, gut\u2019 Nacht Op.\u202f46<\/em><\/li>\n<\/ol>\n<h3>Harfenkl\u00e4nge f\u00fcr die Seele 2<\/h3>\n<ol>\n<li><em>Andante aus der Sonate f\u00fcr Violine Nr.\u202f2 BWV 1003<\/em><\/li>\n<li><em>\u00c9l\u00e9gie (dem Gedenken Mikhail Glinkas)<\/em><\/li>\n<li><em>La Source \u2013 Caprice f\u00fcr Klavier Op.\u202f1<\/em><\/li>\n<li><em>Lachrimae or Seven Tears<\/em><\/li>\n<li><em>Choral \u201eJesu bleibet meine Freude\u201c BWV 147<\/em><\/li>\n<li><em>The Miller\u2019s Daughter<\/em><\/li>\n<li><em>Barcarolle aus den \u201eJahreszeiten\u201c Op.\u202f37a<\/em><\/li>\n<li><em>\u201eAbendsegen\u201c aus H\u00e4nsel und Gretel<\/em><\/li>\n<li><em>Chaconne T.\u202f202<\/em><\/li>\n<li><em>Impromptu Op.\u202f90 D.\u202f899<\/em><\/li>\n<li><em>Kim<\/em><\/li>\n<li><em>Confidence Op.\u202f24<\/em><\/li>\n<li><em>\u201eDavid\u2019s Harp Solo\u201c aus dem Oratorium Saul HWV 53<\/em><\/li>\n<li><em>Sarabande aus der Suite Nr.\u202f4 HWV 437<\/em><\/li>\n<li><em>My Love is Like a Red, Red Rose<\/em><\/li>\n<li><em>Im Rhein, im sch\u00f6nen Strome Nr.\u202f1 S.\u202f531 Nr.\u202f2<\/em><\/li>\n<li><em>Aria aus den Goldberg-Variationen BWV 988<\/em><\/li>\n<li><em>Irischer Reisesegen<\/em><\/li>\n<\/ol>\n<h3>Harfenkl\u00e4nge f\u00fcr die Seele 3<\/h3>\n<ol>\n<li><em>\u201eEn bateau\u201c aus der Petite Suite CD 71; L.\u202f65<\/em><\/li>\n<li><em>Reigen seliger Geister \u2013 Intermezzo aus \u201eOrpheus und Eurydike\u201c, Balletsuite Nr.\u202f1<\/em><\/li>\n<li><em>Simple aveu Op.\u202f25<\/em><\/li>\n<li><em>Sonate K\u202f466<\/em><\/li>\n<li><em>\u201eLascia ch\u2019io pianga\u201c aus der Oper Rinaldo HWV 7a\/7b<\/em><\/li>\n<li><em>\u201eIntermezzo sinfonico\u201c aus Cavalleria rusticana<\/em><\/li>\n<li><em>Le d\u00e9sir Op.\u202f201 \u00fcber eine Melodie von Franz Schubert<\/em><\/li>\n<li><em>Waldb\u00e4chlein Op.\u202f75<\/em><\/li>\n<li><em>Menuett aus Sachrang<\/em><\/li>\n<li><em>\u201eErbarme dich\u201c aus der Matth\u00e4uspassion BWV 244<\/em><\/li>\n<li><em>Nocturne Nr.\u202f12<\/em><\/li>\n<li><em>\u201eO du mein holder Abendstern\u201c aus Tannh\u00e4user WWV 70<\/em><\/li>\n<li><em>Impromptu Ges-Dur D.\u202f899; Op.\u202f90<\/em><\/li>\n<li><em>Epilogo aus Escenas rom\u00e1nticas<\/em><\/li>\n<li><em>La Source Op.\u202f44<\/em><\/li>\n<li><em>Ave Maria<\/em><\/li>\n<li><em>Choral \u201eIch ruf\u2019 zu dir\u201c BWV 639 \/ BV b 27 Nr.\u202f5<\/em><\/li>\n<\/ol>\n<span class=\"et_bloom_bottom_trigger\"><\/span>","protected":false},"excerpt":{"rendered":"<p>\u201eMusik die die Seele streichelt\u201c gespielt von Silke Aichhorn einer der bekanntesten Harfen-Solistinnen Europas und Hospizbotschafterin der Caritas Traunstein und der Hospizbewegung D\u00fcren\/J\u00fclich.<\/p>\n<p>In belastenden Situationen kann Musik Trost sein und die Lebensqualit\u00e4t entscheidend verbessern.<br \/>\nDie Harfe eines der \u00e4ltesten Instrumente der Menschheit ist hierf\u00fcr ein wunderbarer Helfer.<\/p>\n<p>Die Kartonbox enth\u00e4lt drei einzeln cellophanierte CDs mit jeweils eigenem Booklet.<br \/>\nZu h\u00f6ren sind 53 gemafreie Werke mit beruhigender entspannender und tr\u00f6stender Instrumentalmusik u.a. von J.S. Bach (Ave Maria Air Jesu bleibet meine Freude Erbarme Dich) H\u00e4ndel (Lascia ch&#8217;io pianga) Pachelbel (Kanon) Gluck (Reigen seliger Geister) Brahms (Guten Abend gut` Nacht) Debussy (Clair de lune) Wagner (Lied an den Abendstern) Field Schubert Granados Mascagni Scarlatti Dowland Tschaikowsky Irischer Reisesegen Greensleeves u.v.m<\/p>\n<p>&#8230;so nahm David die Harfe und spielte mit seiner Hand; so erquickte sich Saul und es ward besser mit ihm und der b\u00f6se Geist wich von ihm&#8230;<br \/>\n(1 Samuel 16:23)<\/p>\n<p>Limitierte Sammelbox.<\/p>\n<p>F\u00fcr Hospize und Palliativstationen werden bei der Rechnung 5.- abgezogen! Bitte in der Bestellung extra vermerken!!<\/p>\n<p>&nbsp;<\/p>\n","protected":false},"featured_media":4748,"comment_status":"open","ping_status":"closed","template":"","meta":{"_et_pb_use_builder":"","_et_pb_old_content":"","_et_gb_content_width":"","inline_featured_image":false},"product_brand":[],"product_cat":[96,90,91],"product_tag":[],"class_list":{"0":"post-4747","1":"product","2":"type-product","3":"status-publish","4":"has-post-thumbnail","6":"product_cat-calm-cds","7":"product_cat-cds","8":"product_cat-harp-solo","10":"first","11":"instock","12":"taxable","13":"shipping-taxable","14":"purchasable","15":"product-type-simple"},"yoast_head":"<!-- This site is optimized with the Yoast SEO plugin v27.4 - https:\/\/yoast.com\/product\/yoast-seo-wordpress\/ -->\n<title>3er CD-Box Harfenkl\u00e4nge f\u00fcr die Seele 1-3- HM 119 - Harfenistin Silke Aichhorn<\/title>\n<meta name=\"robots\" content=\"index, follow, max-snippet:-1, max-image-preview:large, max-video-preview:-1\" \/>\n<link rel=\"canonical\" href=\"https:\/\/www.silkeaichhorn.de\/en\/product\/3er-cd-box-harfenklaenge-fuer-die-seele-1-3\/\" \/>\n<meta property=\"og:locale\" content=\"en_US\" \/>\n<meta property=\"og:type\" content=\"article\" \/>\n<meta property=\"og:title\" content=\"3er CD-Box Harfenkl\u00e4nge f\u00fcr die Seele 1-3- HM 119 - Harfenistin Silke Aichhorn\" \/>\n<meta property=\"og:description\" content=\"\u201eMusik die die Seele streichelt\u201c gespielt von Silke Aichhorn einer der bekanntesten Harfen-Solistinnen Europas und Hospizbotschafterin der Caritas Traunstein und der Hospizbewegung D\u00fcren\/J\u00fclich.  In belastenden Situationen kann Musik Trost sein und die Lebensqualit\u00e4t entscheidend verbessern. Die Harfe eines der \u00e4ltesten Instrumente der Menschheit ist hierf\u00fcr ein wunderbarer Helfer.  Die Kartonbox enth\u00e4lt drei einzeln cellophanierte CDs mit jeweils eigenem Booklet. Zu h\u00f6ren sind 53 gemafreie Werke mit beruhigender entspannender und tr\u00f6stender Instrumentalmusik u.a. von J.S. Bach (Ave Maria Air Jesu bleibet meine Freude Erbarme Dich) H\u00e4ndel (Lascia ch&#039;io pianga) Pachelbel (Kanon) Gluck (Reigen seliger Geister) Brahms (Guten Abend gut` Nacht) Debussy (Clair de lune) Wagner (Lied an den Abendstern) Field Schubert Granados Mascagni Scarlatti Dowland Tschaikowsky Irischer Reisesegen Greensleeves u.v.m  ...so nahm David die Harfe und spielte mit seiner Hand; so erquickte sich Saul und es ward besser mit ihm und der b\u00f6se Geist wich von ihm... (1 Samuel 16:23)  Limitierte Sammelbox.  F\u00fcr Hospize und Palliativstationen werden bei der Rechnung 5.- abgezogen! Bitte in der Bestellung extra vermerken!!  &nbsp;\" \/>\n<meta property=\"og:url\" content=\"https:\/\/www.silkeaichhorn.de\/en\/product\/3er-cd-box-harfenklaenge-fuer-die-seele-1-3\/\" \/>\n<meta property=\"og:site_name\" content=\"Harfenistin Silke Aichhorn\" \/>\n<meta name=\"twitter:card\" content=\"summary_large_image\" \/>\n<meta name=\"twitter:label1\" content=\"Est. reading time\" \/>\n\t<meta name=\"twitter:data1\" content=\"1 minute\" \/>\n<script type=\"application\/ld+json\" class=\"yoast-schema-graph\">{\"@context\":\"https:\\\/\\\/schema.org\",\"@graph\":[{\"@type\":\"WebPage\",\"@id\":\"https:\\\/\\\/www.silkeaichhorn.de\\\/en\\\/product\\\/3er-cd-box-harfenklaenge-fuer-die-seele-1-3\\\/\",\"url\":\"https:\\\/\\\/www.silkeaichhorn.de\\\/en\\\/product\\\/3er-cd-box-harfenklaenge-fuer-die-seele-1-3\\\/\",\"name\":\"3er CD-Box Harfenkl\u00e4nge f\u00fcr die Seele 1-3- HM 119 - Harfenistin Silke Aichhorn\",\"isPartOf\":{\"@id\":\"https:\\\/\\\/www.silkeaichhorn.de\\\/en\\\/#website\"},\"primaryImageOfPage\":{\"@id\":\"https:\\\/\\\/www.silkeaichhorn.de\\\/en\\\/product\\\/3er-cd-box-harfenklaenge-fuer-die-seele-1-3\\\/#primaryimage\"},\"image\":{\"@id\":\"https:\\\/\\\/www.silkeaichhorn.de\\\/en\\\/product\\\/3er-cd-box-harfenklaenge-fuer-die-seele-1-3\\\/#primaryimage\"},\"thumbnailUrl\":\"https:\\\/\\\/egi9mkoi56j.exactdn.com\\\/wp-content\\\/uploads\\\/2025\\\/05\\\/Shop-CD-solo-2024-Cover-Miniaturen-5-scaled-1.jpg?strip=all\",\"datePublished\":\"2025-05-20T14:14:32+00:00\",\"breadcrumb\":{\"@id\":\"https:\\\/\\\/www.silkeaichhorn.de\\\/en\\\/product\\\/3er-cd-box-harfenklaenge-fuer-die-seele-1-3\\\/#breadcrumb\"},\"inLanguage\":\"en-US\",\"potentialAction\":[{\"@type\":\"ReadAction\",\"target\":[\"https:\\\/\\\/www.silkeaichhorn.de\\\/en\\\/product\\\/3er-cd-box-harfenklaenge-fuer-die-seele-1-3\\\/\"]}]},{\"@type\":\"ImageObject\",\"inLanguage\":\"en-US\",\"@id\":\"https:\\\/\\\/www.silkeaichhorn.de\\\/en\\\/product\\\/3er-cd-box-harfenklaenge-fuer-die-seele-1-3\\\/#primaryimage\",\"url\":\"https:\\\/\\\/egi9mkoi56j.exactdn.com\\\/wp-content\\\/uploads\\\/2025\\\/05\\\/Shop-CD-solo-2024-Cover-Miniaturen-5-scaled-1.jpg?strip=all\",\"contentUrl\":\"https:\\\/\\\/egi9mkoi56j.exactdn.com\\\/wp-content\\\/uploads\\\/2025\\\/05\\\/Shop-CD-solo-2024-Cover-Miniaturen-5-scaled-1.jpg?strip=all\",\"width\":1500,\"height\":1500},{\"@type\":\"BreadcrumbList\",\"@id\":\"https:\\\/\\\/www.silkeaichhorn.de\\\/en\\\/product\\\/3er-cd-box-harfenklaenge-fuer-die-seele-1-3\\\/#breadcrumb\",\"itemListElement\":[{\"@type\":\"ListItem\",\"position\":1,\"name\":\"Startseite\",\"item\":\"https:\\\/\\\/www.silkeaichhorn.de\\\/en\\\/\"},{\"@type\":\"ListItem\",\"position\":2,\"name\":\"Shop\",\"item\":\"https:\\\/\\\/www.silkeaichhorn.de\\\/en\\\/shop\\\/\"},{\"@type\":\"ListItem\",\"position\":3,\"name\":\"3er CD-Box Harfenkl\u00e4nge f\u00fcr die Seele 1-3- HM 119\"}]},{\"@type\":\"WebSite\",\"@id\":\"https:\\\/\\\/www.silkeaichhorn.de\\\/en\\\/#website\",\"url\":\"https:\\\/\\\/www.silkeaichhorn.de\\\/en\\\/\",\"name\":\"Harfenistin Silke Aichhorn\",\"description\":\"\",\"potentialAction\":[{\"@type\":\"SearchAction\",\"target\":{\"@type\":\"EntryPoint\",\"urlTemplate\":\"https:\\\/\\\/www.silkeaichhorn.de\\\/en\\\/?s={search_term_string}\"},\"query-input\":{\"@type\":\"PropertyValueSpecification\",\"valueRequired\":true,\"valueName\":\"search_term_string\"}}],\"inLanguage\":\"en-US\"}]}<\/script>\n<!-- \/ Yoast SEO plugin. -->","yoast_head_json":{"title":"3er CD-Box Harfenkl\u00e4nge f\u00fcr die Seele 1-3- HM 119 - Harfenistin Silke Aichhorn","robots":{"index":"index","follow":"follow","max-snippet":"max-snippet:-1","max-image-preview":"max-image-preview:large","max-video-preview":"max-video-preview:-1"},"canonical":"https:\/\/www.silkeaichhorn.de\/en\/product\/3er-cd-box-harfenklaenge-fuer-die-seele-1-3\/","og_locale":"en_US","og_type":"article","og_title":"3er CD-Box Harfenkl\u00e4nge f\u00fcr die Seele 1-3- HM 119 - Harfenistin Silke Aichhorn","og_description":"\u201eMusik die die Seele streichelt\u201c gespielt von Silke Aichhorn einer der bekanntesten Harfen-Solistinnen Europas und Hospizbotschafterin der Caritas Traunstein und der Hospizbewegung D\u00fcren\/J\u00fclich.  In belastenden Situationen kann Musik Trost sein und die Lebensqualit\u00e4t entscheidend verbessern. Die Harfe eines der \u00e4ltesten Instrumente der Menschheit ist hierf\u00fcr ein wunderbarer Helfer.  Die Kartonbox enth\u00e4lt drei einzeln cellophanierte CDs mit jeweils eigenem Booklet. Zu h\u00f6ren sind 53 gemafreie Werke mit beruhigender entspannender und tr\u00f6stender Instrumentalmusik u.a. von J.S. Bach (Ave Maria Air Jesu bleibet meine Freude Erbarme Dich) H\u00e4ndel (Lascia ch'io pianga) Pachelbel (Kanon) Gluck (Reigen seliger Geister) Brahms (Guten Abend gut` Nacht) Debussy (Clair de lune) Wagner (Lied an den Abendstern) Field Schubert Granados Mascagni Scarlatti Dowland Tschaikowsky Irischer Reisesegen Greensleeves u.v.m  ...so nahm David die Harfe und spielte mit seiner Hand; so erquickte sich Saul und es ward besser mit ihm und der b\u00f6se Geist wich von ihm... (1 Samuel 16:23)  Limitierte Sammelbox.  F\u00fcr Hospize und Palliativstationen werden bei der Rechnung 5.- abgezogen! Bitte in der Bestellung extra vermerken!!  &nbsp;","og_url":"https:\/\/www.silkeaichhorn.de\/en\/product\/3er-cd-box-harfenklaenge-fuer-die-seele-1-3\/","og_site_name":"Harfenistin Silke Aichhorn","twitter_card":"summary_large_image","twitter_misc":{"Est. reading time":"1 minute"},"schema":{"@context":"https:\/\/schema.org","@graph":[{"@type":"WebPage","@id":"https:\/\/www.silkeaichhorn.de\/en\/product\/3er-cd-box-harfenklaenge-fuer-die-seele-1-3\/","url":"https:\/\/www.silkeaichhorn.de\/en\/product\/3er-cd-box-harfenklaenge-fuer-die-seele-1-3\/","name":"3er CD-Box Harfenkl\u00e4nge f\u00fcr die Seele 1-3- HM 119 - Harfenistin Silke Aichhorn","isPartOf":{"@id":"https:\/\/www.silkeaichhorn.de\/en\/#website"},"primaryImageOfPage":{"@id":"https:\/\/www.silkeaichhorn.de\/en\/product\/3er-cd-box-harfenklaenge-fuer-die-seele-1-3\/#primaryimage"},"image":{"@id":"https:\/\/www.silkeaichhorn.de\/en\/product\/3er-cd-box-harfenklaenge-fuer-die-seele-1-3\/#primaryimage"},"thumbnailUrl":"https:\/\/egi9mkoi56j.exactdn.com\/wp-content\/uploads\/2025\/05\/Shop-CD-solo-2024-Cover-Miniaturen-5-scaled-1.jpg?strip=all","datePublished":"2025-05-20T14:14:32+00:00","breadcrumb":{"@id":"https:\/\/www.silkeaichhorn.de\/en\/product\/3er-cd-box-harfenklaenge-fuer-die-seele-1-3\/#breadcrumb"},"inLanguage":"en-US","potentialAction":[{"@type":"ReadAction","target":["https:\/\/www.silkeaichhorn.de\/en\/product\/3er-cd-box-harfenklaenge-fuer-die-seele-1-3\/"]}]},{"@type":"ImageObject","inLanguage":"en-US","@id":"https:\/\/www.silkeaichhorn.de\/en\/product\/3er-cd-box-harfenklaenge-fuer-die-seele-1-3\/#primaryimage","url":"https:\/\/egi9mkoi56j.exactdn.com\/wp-content\/uploads\/2025\/05\/Shop-CD-solo-2024-Cover-Miniaturen-5-scaled-1.jpg?strip=all","contentUrl":"https:\/\/egi9mkoi56j.exactdn.com\/wp-content\/uploads\/2025\/05\/Shop-CD-solo-2024-Cover-Miniaturen-5-scaled-1.jpg?strip=all","width":1500,"height":1500},{"@type":"BreadcrumbList","@id":"https:\/\/www.silkeaichhorn.de\/en\/product\/3er-cd-box-harfenklaenge-fuer-die-seele-1-3\/#breadcrumb","itemListElement":[{"@type":"ListItem","position":1,"name":"Startseite","item":"https:\/\/www.silkeaichhorn.de\/en\/"},{"@type":"ListItem","position":2,"name":"Shop","item":"https:\/\/www.silkeaichhorn.de\/en\/shop\/"},{"@type":"ListItem","position":3,"name":"3er CD-Box Harfenkl\u00e4nge f\u00fcr die Seele 1-3- HM 119"}]},{"@type":"WebSite","@id":"https:\/\/www.silkeaichhorn.de\/en\/#website","url":"https:\/\/www.silkeaichhorn.de\/en\/","name":"Harfenistin Silke Aichhorn","description":"","potentialAction":[{"@type":"SearchAction","target":{"@type":"EntryPoint","urlTemplate":"https:\/\/www.silkeaichhorn.de\/en\/?s={search_term_string}"},"query-input":{"@type":"PropertyValueSpecification","valueRequired":true,"valueName":"search_term_string"}}],"inLanguage":"en-US"}]}},"_links":{"self":[{"href":"https:\/\/www.silkeaichhorn.de\/en\/wp-json\/wp\/v2\/product\/4747","targetHints":{"allow":["GET"]}}],"collection":[{"href":"https:\/\/www.silkeaichhorn.de\/en\/wp-json\/wp\/v2\/product"}],"about":[{"href":"https:\/\/www.silkeaichhorn.de\/en\/wp-json\/wp\/v2\/types\/product"}],"replies":[{"embeddable":true,"href":"https:\/\/www.silkeaichhorn.de\/en\/wp-json\/wp\/v2\/comments?post=4747"}],"wp:featuredmedia":[{"embeddable":true,"href":"https:\/\/www.silkeaichhorn.de\/en\/wp-json\/wp\/v2\/media\/4748"}],"wp:attachment":[{"href":"https:\/\/www.silkeaichhorn.de\/en\/wp-json\/wp\/v2\/media?parent=4747"}],"wp:term":[{"taxonomy":"product_brand","embeddable":true,"href":"https:\/\/www.silkeaichhorn.de\/en\/wp-json\/wp\/v2\/product_brand?post=4747"},{"taxonomy":"product_cat","embeddable":true,"href":"https:\/\/www.silkeaichhorn.de\/en\/wp-json\/wp\/v2\/product_cat?post=4747"},{"taxonomy":"product_tag","embeddable":true,"href":"https:\/\/www.silkeaichhorn.de\/en\/wp-json\/wp\/v2\/product_tag?post=4747"}],"curies":[{"name":"wp","href":"https:\/\/api.w.org\/{rel}","templated":true}]}}