{"id":4749,"date":"2025-05-20T16:14:32","date_gmt":"2025-05-20T14:14:32","guid":{"rendered":"https:\/\/www.silkeaichhorn.de\/produkt\/noten-la-priere-des-bardes-felix-godefroid-fuer-harfenduo\/"},"modified":"2025-05-20T16:14:32","modified_gmt":"2025-05-20T14:14:32","slug":"noten-la-priere-des-bardes-felix-godefroid-fuer-harfenduo","status":"publish","type":"product","link":"https:\/\/www.silkeaichhorn.de\/en\/product\/noten-la-priere-des-bardes-felix-godefroid-fuer-harfenduo\/","title":{"rendered":"NOTEN La Pri\u00e8re des Bardes &#8211; Felix Godefroid f\u00fcr Harfenduo"},"content":{"rendered":"<p>In einer Bearbeitung von Regine Kofler und Silke Aichhorn<\/p>\n<p>Der Vater von F\u00e9lix Godefroid (1818\u20131897) gr\u00fcndete im franz\u00f6sischen Boulogne-sur-Mer eine Harfenschule, wo der Sohn das Harfenspiel erlernte. Ab 1832 war er Student am Pariser Konservatorium. Als gro\u00dfer Bewunderer der 1811 von S\u00e9bastien \u00c9rard entwickelten Doppelpedalharfe verlie\u00df Godefroid das Konservatorium, um sich auf diesem neuartigen Instrument zu perfektionieren.<\/p>\n<p>Ab 1839 begann er eine beachtenswerte Karriere als Harfensolist, die ihn durch ganz Europa und bis in den Vorderen Orient f\u00fchrte. 1847 lie\u00df er sich in Paris nieder.<\/p>\n<p>Als Komponist schrieb er sowohl f\u00fcr Harfe als auch f\u00fcr Klavier, welches er ebenfalls virtuos beherrschte. Dar\u00fcber hinaus komponierte er mehrere Messen sowie die beiden Opern <em>La Harpe d\u2019or<\/em> und <em>La Fille de Sa\u00fcl<\/em>. Sein Lehrwerk <em>Mes exercices pour la harpe<\/em> wurde von mehreren Generationen von Harfensch\u00fclern als Standardwerk verwendet.<\/p>\n<p><em>Pri\u00e8re des bardes<\/em> (Gebet der Barden) zeigt seine Liebe zum Sch\u00f6nklang, verbunden mit einem hohen technischen Anspruch f\u00fcr die Harfe am Ende des 19. Jahrhunderts. Das Werk ist ausschlie\u00dflich auf Doppelpedalharfen spielbar.<\/p>\n<p>Wenn Sie lieber selbst ausdrucken m\u00f6chten: Die Noten gibt es zum Download unter<br \/>\n<a href=\"https:\/\/harpcolumnmusic.com\/all-music\/artists\/silke-aichhorn\/la-priere-des-bardes\/\" target=\"_blank\" rel=\"noopener\">https:\/\/harpcolumnmusic.com\/all-music\/artists\/silke-aichhorn\/la-priere-des-bardes\/<\/a><\/p>\n<p>Eine Einspielung des Werkes ist auf der CD <em>Harfenduo Regine Kofler \u2013 Silke Aichhorn<\/em> (Bestellnummer HM 116, Label H\u00d6RMUSIK) zu h\u00f6ren.<\/p>\n<span class=\"et_bloom_bottom_trigger\"><\/span>","protected":false},"excerpt":{"rendered":"<p>In einer Bearbeitung von Regine Kofler und Silke Aichhorn Der Vater von F\u00e9lix Godefroid (1818\u20131897) gr\u00fcndete im franz\u00f6sischen Boulogne-sur-Mer eine Harfenschule, wo der Sohn das Harfenspiel erlernte. Ab 1832 war er Student am Pariser Konservatorium. Als gro\u00dfer Bewunderer der 1811 von S\u00e9bastien \u00c9rard entwickelten Doppelpedalharfe verlie\u00df Godefroid das Konservatorium, um sich auf diesem neuartigen Instrument [&hellip;]<\/p>\n","protected":false},"featured_media":4750,"comment_status":"open","ping_status":"closed","template":"","meta":{"_et_pb_use_builder":"","_et_pb_old_content":"","_et_gb_content_width":"","inline_featured_image":false},"product_brand":[],"product_cat":[99],"product_tag":[],"class_list":{"0":"post-4749","1":"product","2":"type-product","3":"status-publish","4":"has-post-thumbnail","6":"product_cat-notes","8":"first","9":"instock","10":"taxable","11":"shipping-taxable","12":"purchasable","13":"product-type-simple"},"yoast_head":"<!-- This site is optimized with the Yoast SEO plugin v27.4 - https:\/\/yoast.com\/product\/yoast-seo-wordpress\/ -->\n<title>NOTEN La Pri\u00e8re des Bardes - Felix Godefroid f\u00fcr Harfenduo - Harfenistin Silke Aichhorn<\/title>\n<meta name=\"robots\" content=\"index, follow, max-snippet:-1, max-image-preview:large, max-video-preview:-1\" \/>\n<link rel=\"canonical\" href=\"https:\/\/www.silkeaichhorn.de\/en\/product\/noten-la-priere-des-bardes-felix-godefroid-fuer-harfenduo\/\" \/>\n<meta property=\"og:locale\" content=\"en_US\" \/>\n<meta property=\"og:type\" content=\"article\" \/>\n<meta property=\"og:title\" content=\"NOTEN La Pri\u00e8re des Bardes - Felix Godefroid f\u00fcr Harfenduo - Harfenistin Silke Aichhorn\" \/>\n<meta property=\"og:description\" content=\"In einer Bearbeitung von Regine Kofler und Silke Aichhorn Der Vater von F\u00e9lix Godefroid (1818\u20131897) gr\u00fcndete im franz\u00f6sischen Boulogne-sur-Mer eine Harfenschule, wo der Sohn das Harfenspiel erlernte. Ab 1832 war er Student am Pariser Konservatorium. Als gro\u00dfer Bewunderer der 1811 von S\u00e9bastien \u00c9rard entwickelten Doppelpedalharfe verlie\u00df Godefroid das Konservatorium, um sich auf diesem neuartigen Instrument [&hellip;]\" \/>\n<meta property=\"og:url\" content=\"https:\/\/www.silkeaichhorn.de\/en\/product\/noten-la-priere-des-bardes-felix-godefroid-fuer-harfenduo\/\" \/>\n<meta property=\"og:site_name\" content=\"Harfenistin Silke Aichhorn\" \/>\n<meta name=\"twitter:card\" content=\"summary_large_image\" \/>\n<meta name=\"twitter:label1\" content=\"Est. reading time\" \/>\n\t<meta name=\"twitter:data1\" content=\"1 minute\" \/>\n<script type=\"application\/ld+json\" class=\"yoast-schema-graph\">{\"@context\":\"https:\\\/\\\/schema.org\",\"@graph\":[{\"@type\":\"WebPage\",\"@id\":\"https:\\\/\\\/www.silkeaichhorn.de\\\/en\\\/product\\\/noten-la-priere-des-bardes-felix-godefroid-fuer-harfenduo\\\/\",\"url\":\"https:\\\/\\\/www.silkeaichhorn.de\\\/en\\\/product\\\/noten-la-priere-des-bardes-felix-godefroid-fuer-harfenduo\\\/\",\"name\":\"NOTEN La Pri\u00e8re des Bardes - Felix Godefroid f\u00fcr Harfenduo - Harfenistin Silke Aichhorn\",\"isPartOf\":{\"@id\":\"https:\\\/\\\/www.silkeaichhorn.de\\\/en\\\/#website\"},\"primaryImageOfPage\":{\"@id\":\"https:\\\/\\\/www.silkeaichhorn.de\\\/en\\\/product\\\/noten-la-priere-des-bardes-felix-godefroid-fuer-harfenduo\\\/#primaryimage\"},\"image\":{\"@id\":\"https:\\\/\\\/www.silkeaichhorn.de\\\/en\\\/product\\\/noten-la-priere-des-bardes-felix-godefroid-fuer-harfenduo\\\/#primaryimage\"},\"thumbnailUrl\":\"https:\\\/\\\/egi9mkoi56j.exactdn.com\\\/wp-content\\\/uploads\\\/2025\\\/05\\\/Shop-Noten-NOTEN-La-Priere-des-Bardes\u2013Felix-Godefroid-fuer-Harfenduo.jpg?strip=all\",\"datePublished\":\"2025-05-20T14:14:32+00:00\",\"breadcrumb\":{\"@id\":\"https:\\\/\\\/www.silkeaichhorn.de\\\/en\\\/product\\\/noten-la-priere-des-bardes-felix-godefroid-fuer-harfenduo\\\/#breadcrumb\"},\"inLanguage\":\"en-US\",\"potentialAction\":[{\"@type\":\"ReadAction\",\"target\":[\"https:\\\/\\\/www.silkeaichhorn.de\\\/en\\\/product\\\/noten-la-priere-des-bardes-felix-godefroid-fuer-harfenduo\\\/\"]}]},{\"@type\":\"ImageObject\",\"inLanguage\":\"en-US\",\"@id\":\"https:\\\/\\\/www.silkeaichhorn.de\\\/en\\\/product\\\/noten-la-priere-des-bardes-felix-godefroid-fuer-harfenduo\\\/#primaryimage\",\"url\":\"https:\\\/\\\/egi9mkoi56j.exactdn.com\\\/wp-content\\\/uploads\\\/2025\\\/05\\\/Shop-Noten-NOTEN-La-Priere-des-Bardes\u2013Felix-Godefroid-fuer-Harfenduo.jpg?strip=all\",\"contentUrl\":\"https:\\\/\\\/egi9mkoi56j.exactdn.com\\\/wp-content\\\/uploads\\\/2025\\\/05\\\/Shop-Noten-NOTEN-La-Priere-des-Bardes\u2013Felix-Godefroid-fuer-Harfenduo.jpg?strip=all\",\"width\":1024,\"height\":1024},{\"@type\":\"BreadcrumbList\",\"@id\":\"https:\\\/\\\/www.silkeaichhorn.de\\\/en\\\/product\\\/noten-la-priere-des-bardes-felix-godefroid-fuer-harfenduo\\\/#breadcrumb\",\"itemListElement\":[{\"@type\":\"ListItem\",\"position\":1,\"name\":\"Startseite\",\"item\":\"https:\\\/\\\/www.silkeaichhorn.de\\\/en\\\/\"},{\"@type\":\"ListItem\",\"position\":2,\"name\":\"Shop\",\"item\":\"https:\\\/\\\/www.silkeaichhorn.de\\\/en\\\/shop\\\/\"},{\"@type\":\"ListItem\",\"position\":3,\"name\":\"NOTEN La Pri\u00e8re des Bardes &#8211; Felix Godefroid f\u00fcr Harfenduo\"}]},{\"@type\":\"WebSite\",\"@id\":\"https:\\\/\\\/www.silkeaichhorn.de\\\/en\\\/#website\",\"url\":\"https:\\\/\\\/www.silkeaichhorn.de\\\/en\\\/\",\"name\":\"Harfenistin Silke Aichhorn\",\"description\":\"\",\"potentialAction\":[{\"@type\":\"SearchAction\",\"target\":{\"@type\":\"EntryPoint\",\"urlTemplate\":\"https:\\\/\\\/www.silkeaichhorn.de\\\/en\\\/?s={search_term_string}\"},\"query-input\":{\"@type\":\"PropertyValueSpecification\",\"valueRequired\":true,\"valueName\":\"search_term_string\"}}],\"inLanguage\":\"en-US\"}]}<\/script>\n<!-- \/ Yoast SEO plugin. -->","yoast_head_json":{"title":"NOTEN La Pri\u00e8re des Bardes - Felix Godefroid f\u00fcr Harfenduo - Harfenistin Silke Aichhorn","robots":{"index":"index","follow":"follow","max-snippet":"max-snippet:-1","max-image-preview":"max-image-preview:large","max-video-preview":"max-video-preview:-1"},"canonical":"https:\/\/www.silkeaichhorn.de\/en\/product\/noten-la-priere-des-bardes-felix-godefroid-fuer-harfenduo\/","og_locale":"en_US","og_type":"article","og_title":"NOTEN La Pri\u00e8re des Bardes - Felix Godefroid f\u00fcr Harfenduo - Harfenistin Silke Aichhorn","og_description":"In einer Bearbeitung von Regine Kofler und Silke Aichhorn Der Vater von F\u00e9lix Godefroid (1818\u20131897) gr\u00fcndete im franz\u00f6sischen Boulogne-sur-Mer eine Harfenschule, wo der Sohn das Harfenspiel erlernte. Ab 1832 war er Student am Pariser Konservatorium. Als gro\u00dfer Bewunderer der 1811 von S\u00e9bastien \u00c9rard entwickelten Doppelpedalharfe verlie\u00df Godefroid das Konservatorium, um sich auf diesem neuartigen Instrument [&hellip;]","og_url":"https:\/\/www.silkeaichhorn.de\/en\/product\/noten-la-priere-des-bardes-felix-godefroid-fuer-harfenduo\/","og_site_name":"Harfenistin Silke Aichhorn","twitter_card":"summary_large_image","twitter_misc":{"Est. reading time":"1 minute"},"schema":{"@context":"https:\/\/schema.org","@graph":[{"@type":"WebPage","@id":"https:\/\/www.silkeaichhorn.de\/en\/product\/noten-la-priere-des-bardes-felix-godefroid-fuer-harfenduo\/","url":"https:\/\/www.silkeaichhorn.de\/en\/product\/noten-la-priere-des-bardes-felix-godefroid-fuer-harfenduo\/","name":"NOTEN La Pri\u00e8re des Bardes - Felix Godefroid f\u00fcr Harfenduo - Harfenistin Silke Aichhorn","isPartOf":{"@id":"https:\/\/www.silkeaichhorn.de\/en\/#website"},"primaryImageOfPage":{"@id":"https:\/\/www.silkeaichhorn.de\/en\/product\/noten-la-priere-des-bardes-felix-godefroid-fuer-harfenduo\/#primaryimage"},"image":{"@id":"https:\/\/www.silkeaichhorn.de\/en\/product\/noten-la-priere-des-bardes-felix-godefroid-fuer-harfenduo\/#primaryimage"},"thumbnailUrl":"https:\/\/egi9mkoi56j.exactdn.com\/wp-content\/uploads\/2025\/05\/Shop-Noten-NOTEN-La-Priere-des-Bardes\u2013Felix-Godefroid-fuer-Harfenduo.jpg?strip=all","datePublished":"2025-05-20T14:14:32+00:00","breadcrumb":{"@id":"https:\/\/www.silkeaichhorn.de\/en\/product\/noten-la-priere-des-bardes-felix-godefroid-fuer-harfenduo\/#breadcrumb"},"inLanguage":"en-US","potentialAction":[{"@type":"ReadAction","target":["https:\/\/www.silkeaichhorn.de\/en\/product\/noten-la-priere-des-bardes-felix-godefroid-fuer-harfenduo\/"]}]},{"@type":"ImageObject","inLanguage":"en-US","@id":"https:\/\/www.silkeaichhorn.de\/en\/product\/noten-la-priere-des-bardes-felix-godefroid-fuer-harfenduo\/#primaryimage","url":"https:\/\/egi9mkoi56j.exactdn.com\/wp-content\/uploads\/2025\/05\/Shop-Noten-NOTEN-La-Priere-des-Bardes\u2013Felix-Godefroid-fuer-Harfenduo.jpg?strip=all","contentUrl":"https:\/\/egi9mkoi56j.exactdn.com\/wp-content\/uploads\/2025\/05\/Shop-Noten-NOTEN-La-Priere-des-Bardes\u2013Felix-Godefroid-fuer-Harfenduo.jpg?strip=all","width":1024,"height":1024},{"@type":"BreadcrumbList","@id":"https:\/\/www.silkeaichhorn.de\/en\/product\/noten-la-priere-des-bardes-felix-godefroid-fuer-harfenduo\/#breadcrumb","itemListElement":[{"@type":"ListItem","position":1,"name":"Startseite","item":"https:\/\/www.silkeaichhorn.de\/en\/"},{"@type":"ListItem","position":2,"name":"Shop","item":"https:\/\/www.silkeaichhorn.de\/en\/shop\/"},{"@type":"ListItem","position":3,"name":"NOTEN La Pri\u00e8re des Bardes &#8211; Felix Godefroid f\u00fcr Harfenduo"}]},{"@type":"WebSite","@id":"https:\/\/www.silkeaichhorn.de\/en\/#website","url":"https:\/\/www.silkeaichhorn.de\/en\/","name":"Harfenistin Silke Aichhorn","description":"","potentialAction":[{"@type":"SearchAction","target":{"@type":"EntryPoint","urlTemplate":"https:\/\/www.silkeaichhorn.de\/en\/?s={search_term_string}"},"query-input":{"@type":"PropertyValueSpecification","valueRequired":true,"valueName":"search_term_string"}}],"inLanguage":"en-US"}]}},"_links":{"self":[{"href":"https:\/\/www.silkeaichhorn.de\/en\/wp-json\/wp\/v2\/product\/4749","targetHints":{"allow":["GET"]}}],"collection":[{"href":"https:\/\/www.silkeaichhorn.de\/en\/wp-json\/wp\/v2\/product"}],"about":[{"href":"https:\/\/www.silkeaichhorn.de\/en\/wp-json\/wp\/v2\/types\/product"}],"replies":[{"embeddable":true,"href":"https:\/\/www.silkeaichhorn.de\/en\/wp-json\/wp\/v2\/comments?post=4749"}],"wp:featuredmedia":[{"embeddable":true,"href":"https:\/\/www.silkeaichhorn.de\/en\/wp-json\/wp\/v2\/media\/4750"}],"wp:attachment":[{"href":"https:\/\/www.silkeaichhorn.de\/en\/wp-json\/wp\/v2\/media?parent=4749"}],"wp:term":[{"taxonomy":"product_brand","embeddable":true,"href":"https:\/\/www.silkeaichhorn.de\/en\/wp-json\/wp\/v2\/product_brand?post=4749"},{"taxonomy":"product_cat","embeddable":true,"href":"https:\/\/www.silkeaichhorn.de\/en\/wp-json\/wp\/v2\/product_cat?post=4749"},{"taxonomy":"product_tag","embeddable":true,"href":"https:\/\/www.silkeaichhorn.de\/en\/wp-json\/wp\/v2\/product_tag?post=4749"}],"curies":[{"name":"wp","href":"https:\/\/api.w.org\/{rel}","templated":true}]}}