{"id":4755,"date":"2025-05-20T16:14:31","date_gmt":"2025-05-20T14:14:31","guid":{"rendered":"https:\/\/www.silkeaichhorn.de\/produkt\/traummusik-harfenklaenge-zum-einschlafen-hm-125\/"},"modified":"2025-05-20T16:14:31","modified_gmt":"2025-05-20T14:14:31","slug":"traummusik-harfenklaenge-zum-einschlafen-hm-125","status":"publish","type":"product","link":"https:\/\/www.silkeaichhorn.de\/en\/product\/traummusik-harfenklaenge-zum-einschlafen-hm-125\/","title":{"rendered":"Traummusik \u2013 Harfenkl\u00e4nge zum Einschlafen- HM 125"},"content":{"rendered":"<ul>\n<li><strong>Johannes Brahms:<\/strong> <em>Guten Abend, gut\u2019 Nacht<\/em><\/li>\n<li><strong>Johann Baptist Krumpholtz:<\/strong> <em>Romanze<\/em><\/li>\n<li><strong>Volksweise:<\/strong> <em>Die Bl\u00fcmelein, sie schlafen<\/em><\/li>\n<li><strong>Robert Schumann:<\/strong> <em>Der Nu\u00dfbaum aus \u201eMyrthen\u201c op. 25<\/em><\/li>\n<li><strong>Johann Sebastian Bach:<\/strong> <em>Nun ruhen alle W\u00e4lder<\/em><\/li>\n<li><strong>Mikhail Mchedelov:<\/strong> <em>Aljonushka<\/em><\/li>\n<li><strong>Matthias Claudius:<\/strong> <em>Der Mond ist aufgegangen<\/em><\/li>\n<li><strong>Karel Svoboda:<\/strong> <em>Drei N\u00fcsse f\u00fcr Aschenbr\u00f6del<\/em><\/li>\n<li><strong>Volkslied aus dem Rheinland:<\/strong> <em>Gute Nacht, gute Nacht, mein feines Lieb<\/em><\/li>\n<li><strong>Josef Gabriel Rheinberger:<\/strong> <em>Abendlied JWV 149<\/em><\/li>\n<li><strong>Volkslied:<\/strong> <em>Guter Mond, du gehst so stille<\/em><\/li>\n<li><strong>Edvard Grieg:<\/strong> <em>Solveigs Lied aus \u201ePeer Gynt Suite Nr. 2\u201c, op. 55<\/em><\/li>\n<li><strong>Volksweise aus Salzburg:<\/strong> <em>Heidschi Bumbeidschi<\/em><\/li>\n<li><strong>Roger van Veachton:<\/strong> <em>Impromptu<\/em><\/li>\n<li><strong>Hirtenlied aus Tirol:<\/strong> <em>Es werd scho glei dumpa<\/em><\/li>\n<li><strong>Tobi Reiser:<\/strong> <em>Die sch\u00f6ne Weis<\/em><\/li>\n<li><strong>Volksweise:<\/strong> <em>Wei\u00dft du, wieviel Sternlein stehen<\/em><\/li>\n<li><strong>Daniele Garella:<\/strong> <em>Rian<\/em><\/li>\n<li><strong>Franz Schubert:<\/strong> <em>Wiegenlied op. 98 Nr. 2, D 498<\/em><\/li>\n<li><strong>Giovanni Pescetti:<\/strong> <em>Sonata VI per il Cembalo, 2. Moderato<\/em><\/li>\n<li><strong>Wilhelm Taubert:<\/strong> <em>Wiegenlied op. 27 Nr. 7<\/em><\/li>\n<li><strong>Francisco T\u00e1rrega:<\/strong> <em>Recuerdos de la Alhambra<\/em><\/li>\n<li><strong>Wilhelm Taubert:<\/strong> <em>Schlaf in guter Ruh! op. 27 Nr. 5<\/em><\/li>\n<li><strong>Irische Volksweise:<\/strong> <em>The Parting Glass<\/em><\/li>\n<li><strong>Carl Maria von Weber:<\/strong> <em>Schlaf, Herzenss\u00f6hnchen op. 13 Nr. 2<\/em><\/li>\n<li><strong>Hans Auer:<\/strong> <em>A staade Weis<\/em><\/li>\n<li><strong>Engelbert Humperdinck:<\/strong> <em>Abendsegen<\/em><\/li>\n<li><strong>Turlough O\u2019Carolan:<\/strong> <em>Eleanor Plunkett<\/em><\/li>\n<\/ul>\n<span class=\"et_bloom_bottom_trigger\"><\/span>","protected":false},"excerpt":{"rendered":"<p>Entspannung pur!<\/p>\n<p>Vertraute Melodien \u2013 auch zum Mitsingen \u2013 eing\u00e4ngig und detailreich gespielt auf einem der \u00e4ltesten Instrumente der Menschheit: Schlaf- und Abendlieder abwechselnd mit ruhigen Harfenwerken. Musik von Brahms, Schumann, Schubert, Humperdinck, Grieg, Bach, bayerische und irische Volksweisen, &#8220;Drei N\u00fcsse f\u00fcr Aschenbr\u00f6del&#8221; u.v.a.m.<\/p>\n<p>Mit viel Leidenschaft und Eigeninitiative widmete sich die Harfenistin w\u00e4hrend des Lockdowns einem ganz besonderen Wunsch aus dem Kreis ihrer Familie:<br \/>\n\u201eNimm doch bitte eine Einschlaf-CD auf \u2013 nur Harfe alleine, ohne elektronische Effekte, M\u00f6wengezwitscher und Ged\u00f6ns.\u201c<\/p>\n<p><strong><br \/>\n\u201eNachdem dann auch noch meine Nichte erz\u00e4hlte, dass ihre Kinder immer mit meiner Musik ins Bett gehen, machte ich mich endlich an die Traummusik. Eine Pandemie, mehr Zeit als sonst in meinen Notenbergen zu w\u00fchlen und ein Stipendium von NEUSTART KULTUR haben diese Einspielung jetzt entstehen lassen.\u201c<br \/>\nRelease: 1.11.2021<br \/>\n<\/strong><\/p>\n","protected":false},"featured_media":4756,"comment_status":"open","ping_status":"closed","template":"","meta":{"_et_pb_use_builder":"","_et_pb_old_content":"","_et_gb_content_width":"","inline_featured_image":false},"product_brand":[],"product_cat":[96,90,94,91],"product_tag":[],"class_list":{"0":"post-4755","1":"product","2":"type-product","3":"status-publish","4":"has-post-thumbnail","6":"product_cat-calm-cds","7":"product_cat-cds","8":"product_cat-childrens-cd","9":"product_cat-harp-solo","11":"first","12":"instock","13":"taxable","14":"shipping-taxable","15":"purchasable","16":"product-type-simple"},"yoast_head":"<!-- This site is optimized with the Yoast SEO plugin v27.4 - https:\/\/yoast.com\/product\/yoast-seo-wordpress\/ -->\n<title>Traummusik \u2013 Harfenkl\u00e4nge zum Einschlafen- HM 125 - Harfenistin Silke Aichhorn<\/title>\n<meta name=\"robots\" content=\"index, follow, max-snippet:-1, max-image-preview:large, max-video-preview:-1\" \/>\n<link rel=\"canonical\" href=\"https:\/\/www.silkeaichhorn.de\/en\/product\/traummusik-harfenklaenge-zum-einschlafen-hm-125\/\" \/>\n<meta property=\"og:locale\" content=\"en_US\" \/>\n<meta property=\"og:type\" content=\"article\" \/>\n<meta property=\"og:title\" content=\"Traummusik \u2013 Harfenkl\u00e4nge zum Einschlafen- HM 125 - Harfenistin Silke Aichhorn\" \/>\n<meta property=\"og:description\" content=\"Entspannung pur!  Vertraute Melodien \u2013 auch zum Mitsingen \u2013 eing\u00e4ngig und detailreich gespielt auf einem der \u00e4ltesten Instrumente der Menschheit: Schlaf- und Abendlieder abwechselnd mit ruhigen Harfenwerken. Musik von Brahms, Schumann, Schubert, Humperdinck, Grieg, Bach, bayerische und irische Volksweisen, &quot;Drei N\u00fcsse f\u00fcr Aschenbr\u00f6del&quot; u.v.a.m.  Mit viel Leidenschaft und Eigeninitiative widmete sich die Harfenistin w\u00e4hrend des Lockdowns einem ganz besonderen Wunsch aus dem Kreis ihrer Familie: \u201eNimm doch bitte eine Einschlaf-CD auf \u2013 nur Harfe alleine, ohne elektronische Effekte, M\u00f6wengezwitscher und Ged\u00f6ns.\u201c   \u201eNachdem dann auch noch meine Nichte erz\u00e4hlte, dass ihre Kinder immer mit meiner Musik ins Bett gehen, machte ich mich endlich an die Traummusik. Eine Pandemie, mehr Zeit als sonst in meinen Notenbergen zu w\u00fchlen und ein Stipendium von NEUSTART KULTUR haben diese Einspielung jetzt entstehen lassen.\u201c Release: 1.11.2021\" \/>\n<meta property=\"og:url\" content=\"https:\/\/www.silkeaichhorn.de\/en\/product\/traummusik-harfenklaenge-zum-einschlafen-hm-125\/\" \/>\n<meta property=\"og:site_name\" content=\"Harfenistin Silke Aichhorn\" \/>\n<meta name=\"twitter:card\" content=\"summary_large_image\" \/>\n<meta name=\"twitter:label1\" content=\"Est. reading time\" \/>\n\t<meta name=\"twitter:data1\" content=\"1 minute\" \/>\n<script type=\"application\/ld+json\" class=\"yoast-schema-graph\">{\"@context\":\"https:\\\/\\\/schema.org\",\"@graph\":[{\"@type\":\"WebPage\",\"@id\":\"https:\\\/\\\/www.silkeaichhorn.de\\\/en\\\/product\\\/traummusik-harfenklaenge-zum-einschlafen-hm-125\\\/\",\"url\":\"https:\\\/\\\/www.silkeaichhorn.de\\\/en\\\/product\\\/traummusik-harfenklaenge-zum-einschlafen-hm-125\\\/\",\"name\":\"Traummusik \u2013 Harfenkl\u00e4nge zum Einschlafen- HM 125 - Harfenistin Silke Aichhorn\",\"isPartOf\":{\"@id\":\"https:\\\/\\\/www.silkeaichhorn.de\\\/en\\\/#website\"},\"primaryImageOfPage\":{\"@id\":\"https:\\\/\\\/www.silkeaichhorn.de\\\/en\\\/product\\\/traummusik-harfenklaenge-zum-einschlafen-hm-125\\\/#primaryimage\"},\"image\":{\"@id\":\"https:\\\/\\\/www.silkeaichhorn.de\\\/en\\\/product\\\/traummusik-harfenklaenge-zum-einschlafen-hm-125\\\/#primaryimage\"},\"thumbnailUrl\":\"https:\\\/\\\/egi9mkoi56j.exactdn.com\\\/wp-content\\\/uploads\\\/2025\\\/05\\\/Traummusik_Silke-Aichhorn_Cover_1500px.jpg?strip=all\",\"datePublished\":\"2025-05-20T14:14:31+00:00\",\"breadcrumb\":{\"@id\":\"https:\\\/\\\/www.silkeaichhorn.de\\\/en\\\/product\\\/traummusik-harfenklaenge-zum-einschlafen-hm-125\\\/#breadcrumb\"},\"inLanguage\":\"en-US\",\"potentialAction\":[{\"@type\":\"ReadAction\",\"target\":[\"https:\\\/\\\/www.silkeaichhorn.de\\\/en\\\/product\\\/traummusik-harfenklaenge-zum-einschlafen-hm-125\\\/\"]}]},{\"@type\":\"ImageObject\",\"inLanguage\":\"en-US\",\"@id\":\"https:\\\/\\\/www.silkeaichhorn.de\\\/en\\\/product\\\/traummusik-harfenklaenge-zum-einschlafen-hm-125\\\/#primaryimage\",\"url\":\"https:\\\/\\\/egi9mkoi56j.exactdn.com\\\/wp-content\\\/uploads\\\/2025\\\/05\\\/Traummusik_Silke-Aichhorn_Cover_1500px.jpg?strip=all\",\"contentUrl\":\"https:\\\/\\\/egi9mkoi56j.exactdn.com\\\/wp-content\\\/uploads\\\/2025\\\/05\\\/Traummusik_Silke-Aichhorn_Cover_1500px.jpg?strip=all\",\"width\":2000,\"height\":2000},{\"@type\":\"BreadcrumbList\",\"@id\":\"https:\\\/\\\/www.silkeaichhorn.de\\\/en\\\/product\\\/traummusik-harfenklaenge-zum-einschlafen-hm-125\\\/#breadcrumb\",\"itemListElement\":[{\"@type\":\"ListItem\",\"position\":1,\"name\":\"Startseite\",\"item\":\"https:\\\/\\\/www.silkeaichhorn.de\\\/en\\\/\"},{\"@type\":\"ListItem\",\"position\":2,\"name\":\"Shop\",\"item\":\"https:\\\/\\\/www.silkeaichhorn.de\\\/en\\\/shop\\\/\"},{\"@type\":\"ListItem\",\"position\":3,\"name\":\"Traummusik \u2013 Harfenkl\u00e4nge zum Einschlafen- HM 125\"}]},{\"@type\":\"WebSite\",\"@id\":\"https:\\\/\\\/www.silkeaichhorn.de\\\/en\\\/#website\",\"url\":\"https:\\\/\\\/www.silkeaichhorn.de\\\/en\\\/\",\"name\":\"Harfenistin Silke Aichhorn\",\"description\":\"\",\"potentialAction\":[{\"@type\":\"SearchAction\",\"target\":{\"@type\":\"EntryPoint\",\"urlTemplate\":\"https:\\\/\\\/www.silkeaichhorn.de\\\/en\\\/?s={search_term_string}\"},\"query-input\":{\"@type\":\"PropertyValueSpecification\",\"valueRequired\":true,\"valueName\":\"search_term_string\"}}],\"inLanguage\":\"en-US\"}]}<\/script>\n<!-- \/ Yoast SEO plugin. -->","yoast_head_json":{"title":"Traummusik \u2013 Harfenkl\u00e4nge zum Einschlafen- HM 125 - Harfenistin Silke Aichhorn","robots":{"index":"index","follow":"follow","max-snippet":"max-snippet:-1","max-image-preview":"max-image-preview:large","max-video-preview":"max-video-preview:-1"},"canonical":"https:\/\/www.silkeaichhorn.de\/en\/product\/traummusik-harfenklaenge-zum-einschlafen-hm-125\/","og_locale":"en_US","og_type":"article","og_title":"Traummusik \u2013 Harfenkl\u00e4nge zum Einschlafen- HM 125 - Harfenistin Silke Aichhorn","og_description":"Entspannung pur!  Vertraute Melodien \u2013 auch zum Mitsingen \u2013 eing\u00e4ngig und detailreich gespielt auf einem der \u00e4ltesten Instrumente der Menschheit: Schlaf- und Abendlieder abwechselnd mit ruhigen Harfenwerken. Musik von Brahms, Schumann, Schubert, Humperdinck, Grieg, Bach, bayerische und irische Volksweisen, \"Drei N\u00fcsse f\u00fcr Aschenbr\u00f6del\" u.v.a.m.  Mit viel Leidenschaft und Eigeninitiative widmete sich die Harfenistin w\u00e4hrend des Lockdowns einem ganz besonderen Wunsch aus dem Kreis ihrer Familie: \u201eNimm doch bitte eine Einschlaf-CD auf \u2013 nur Harfe alleine, ohne elektronische Effekte, M\u00f6wengezwitscher und Ged\u00f6ns.\u201c   \u201eNachdem dann auch noch meine Nichte erz\u00e4hlte, dass ihre Kinder immer mit meiner Musik ins Bett gehen, machte ich mich endlich an die Traummusik. Eine Pandemie, mehr Zeit als sonst in meinen Notenbergen zu w\u00fchlen und ein Stipendium von NEUSTART KULTUR haben diese Einspielung jetzt entstehen lassen.\u201c Release: 1.11.2021","og_url":"https:\/\/www.silkeaichhorn.de\/en\/product\/traummusik-harfenklaenge-zum-einschlafen-hm-125\/","og_site_name":"Harfenistin Silke Aichhorn","twitter_card":"summary_large_image","twitter_misc":{"Est. reading time":"1 minute"},"schema":{"@context":"https:\/\/schema.org","@graph":[{"@type":"WebPage","@id":"https:\/\/www.silkeaichhorn.de\/en\/product\/traummusik-harfenklaenge-zum-einschlafen-hm-125\/","url":"https:\/\/www.silkeaichhorn.de\/en\/product\/traummusik-harfenklaenge-zum-einschlafen-hm-125\/","name":"Traummusik \u2013 Harfenkl\u00e4nge zum Einschlafen- HM 125 - Harfenistin Silke Aichhorn","isPartOf":{"@id":"https:\/\/www.silkeaichhorn.de\/en\/#website"},"primaryImageOfPage":{"@id":"https:\/\/www.silkeaichhorn.de\/en\/product\/traummusik-harfenklaenge-zum-einschlafen-hm-125\/#primaryimage"},"image":{"@id":"https:\/\/www.silkeaichhorn.de\/en\/product\/traummusik-harfenklaenge-zum-einschlafen-hm-125\/#primaryimage"},"thumbnailUrl":"https:\/\/egi9mkoi56j.exactdn.com\/wp-content\/uploads\/2025\/05\/Traummusik_Silke-Aichhorn_Cover_1500px.jpg?strip=all","datePublished":"2025-05-20T14:14:31+00:00","breadcrumb":{"@id":"https:\/\/www.silkeaichhorn.de\/en\/product\/traummusik-harfenklaenge-zum-einschlafen-hm-125\/#breadcrumb"},"inLanguage":"en-US","potentialAction":[{"@type":"ReadAction","target":["https:\/\/www.silkeaichhorn.de\/en\/product\/traummusik-harfenklaenge-zum-einschlafen-hm-125\/"]}]},{"@type":"ImageObject","inLanguage":"en-US","@id":"https:\/\/www.silkeaichhorn.de\/en\/product\/traummusik-harfenklaenge-zum-einschlafen-hm-125\/#primaryimage","url":"https:\/\/egi9mkoi56j.exactdn.com\/wp-content\/uploads\/2025\/05\/Traummusik_Silke-Aichhorn_Cover_1500px.jpg?strip=all","contentUrl":"https:\/\/egi9mkoi56j.exactdn.com\/wp-content\/uploads\/2025\/05\/Traummusik_Silke-Aichhorn_Cover_1500px.jpg?strip=all","width":2000,"height":2000},{"@type":"BreadcrumbList","@id":"https:\/\/www.silkeaichhorn.de\/en\/product\/traummusik-harfenklaenge-zum-einschlafen-hm-125\/#breadcrumb","itemListElement":[{"@type":"ListItem","position":1,"name":"Startseite","item":"https:\/\/www.silkeaichhorn.de\/en\/"},{"@type":"ListItem","position":2,"name":"Shop","item":"https:\/\/www.silkeaichhorn.de\/en\/shop\/"},{"@type":"ListItem","position":3,"name":"Traummusik \u2013 Harfenkl\u00e4nge zum Einschlafen- HM 125"}]},{"@type":"WebSite","@id":"https:\/\/www.silkeaichhorn.de\/en\/#website","url":"https:\/\/www.silkeaichhorn.de\/en\/","name":"Harfenistin Silke Aichhorn","description":"","potentialAction":[{"@type":"SearchAction","target":{"@type":"EntryPoint","urlTemplate":"https:\/\/www.silkeaichhorn.de\/en\/?s={search_term_string}"},"query-input":{"@type":"PropertyValueSpecification","valueRequired":true,"valueName":"search_term_string"}}],"inLanguage":"en-US"}]}},"_links":{"self":[{"href":"https:\/\/www.silkeaichhorn.de\/en\/wp-json\/wp\/v2\/product\/4755","targetHints":{"allow":["GET"]}}],"collection":[{"href":"https:\/\/www.silkeaichhorn.de\/en\/wp-json\/wp\/v2\/product"}],"about":[{"href":"https:\/\/www.silkeaichhorn.de\/en\/wp-json\/wp\/v2\/types\/product"}],"replies":[{"embeddable":true,"href":"https:\/\/www.silkeaichhorn.de\/en\/wp-json\/wp\/v2\/comments?post=4755"}],"wp:featuredmedia":[{"embeddable":true,"href":"https:\/\/www.silkeaichhorn.de\/en\/wp-json\/wp\/v2\/media\/4756"}],"wp:attachment":[{"href":"https:\/\/www.silkeaichhorn.de\/en\/wp-json\/wp\/v2\/media?parent=4755"}],"wp:term":[{"taxonomy":"product_brand","embeddable":true,"href":"https:\/\/www.silkeaichhorn.de\/en\/wp-json\/wp\/v2\/product_brand?post=4755"},{"taxonomy":"product_cat","embeddable":true,"href":"https:\/\/www.silkeaichhorn.de\/en\/wp-json\/wp\/v2\/product_cat?post=4755"},{"taxonomy":"product_tag","embeddable":true,"href":"https:\/\/www.silkeaichhorn.de\/en\/wp-json\/wp\/v2\/product_tag?post=4755"}],"curies":[{"name":"wp","href":"https:\/\/api.w.org\/{rel}","templated":true}]}}