{"id":4759,"date":"2025-05-20T16:14:31","date_gmt":"2025-05-20T14:14:31","guid":{"rendered":"https:\/\/www.silkeaichhorn.de\/produkt\/miniaturen-4-hm-122\/"},"modified":"2025-05-20T16:14:31","modified_gmt":"2025-05-20T14:14:31","slug":"miniaturen-4-hm-122","status":"publish","type":"product","link":"https:\/\/www.silkeaichhorn.de\/en\/product\/miniaturen-4-hm-122\/","title":{"rendered":"Miniaturen 4- HM 122"},"content":{"rendered":"<ol>\n<li><strong>Kurt Gillmann:<\/strong> Walzer Op.\u202f35 <em>(Ersteinspielung)<\/em><\/li>\n<li><strong>Ludwig van Beethoven \/ Charles Oberth\u00fcr:<\/strong> Gems of German Song Op.\u202f61: Nr.\u202f1 Forth I Wander \u2013 *Adelaide* <em>(Ersteinspielung)<\/em><\/li>\n<li><strong>Johannes Brahms:<\/strong> Sechs St\u00fccke f\u00fcr Klavier Op.\u202f118 Nr.\u202f2: Intermezzo A-Dur<\/li>\n<li><strong>Gottfried Heinrich St\u00f6lzel \/ Johann Sebastian Bach:<\/strong> Bist du bei mir, geh ich mit Freuden BWV 508 <em>(Ersteinspielung)<\/em><\/li>\n<li><strong>Silvius Leopold Weiss:<\/strong> Aus der Sonata V f\u00fcr Laute: Pr\u00e9lude \u2013 Allemande \u2013 Courante <em>(Ersteinspielung)<\/em><\/li>\n<li><strong>Volksweise:<\/strong> Inis Oirr<\/li>\n<li><strong>John Thomas:<\/strong> David of the White Rock <em>(Ersteinspielung)<\/em><\/li>\n<li><strong>Gabriel Piern\u00e9:<\/strong> Impromptu Caprice Op.\u202f9<\/li>\n<li><strong>F\u00e9lix Godefroid:<\/strong> Venise \u2013 Barcarolle <em>(Ersteinspielung)<\/em><\/li>\n<li><strong>Elias Parish-Alvars:<\/strong> Aus *Grand Fantasia on Italian Themes* Op.\u202f57: Introduction, Cadenza &amp; Rondo<\/li>\n<li><strong>Mikhail Glinka:<\/strong> Die Lerche <em>(Ersteinspielung)<\/em><\/li>\n<li><strong>\u00c7a\u011fatay Akyol:<\/strong> Hittite Suite <em>(Ersteinspielung)<\/em><\/li>\n<li><strong>John Williams:<\/strong> Thema aus *Schindler\u2019s Liste* <em>(Ersteinspielung)<\/em><\/li>\n<li><strong>Johann Sebastian Bach:<\/strong> Gottes Zeit ist die allerbeste Zeit BWV 106 <em>(Ersteinspielung)<\/em><\/li>\n<\/ol>\n<span class=\"et_bloom_bottom_trigger\"><\/span>","protected":false},"excerpt":{"rendered":"<p>Musik f\u00fcr Harfe solo vom Barock bis zur Filmmusik. Silke Aichhorn \u00fcberzeugt einmal mehr mit ihrem&nbsp;lyrischen Spiel kraftvoller Virtuosit\u00e4t ungew\u00f6hnlicher Repertoireauswahl und feiner Musikalit\u00e4t. 9 Weltersteinspielungen f\u00fcr Harfe!<\/p>\n<p>Silke Aichhorn geh\u00f6rt zu jener Generation von Harfenisten die einem bei jedem Ton einen Schauer \u00fcber den R\u00fccken jagt und die einen nie m\u00fcde werden l\u00e4\u00dft da das Instrument so gro\u00dfartig genutzt wird. (Classique HD)<\/p>\n<p>Harfenmusik macht mir in meinem sonstigen Musikprogramm<span style=\"font-style: inherit !important;font-weight: inherit !important\">&nbsp;immer wieder in angenehmer Weise \u201cdie Ohren frei\u201d und nicht nur zu diesem Zweck ist Silke Aichhorns neues Album \u201cMiniaturen 4\u201d treffend geeignet. (orchestergraben.com)<\/span><\/p>\n","protected":false},"featured_media":4760,"comment_status":"open","ping_status":"closed","template":"","meta":{"_et_pb_use_builder":"","_et_pb_old_content":"","_et_gb_content_width":"","inline_featured_image":false},"product_brand":[],"product_cat":[90,91],"product_tag":[],"class_list":{"0":"post-4759","1":"product","2":"type-product","3":"status-publish","4":"has-post-thumbnail","6":"product_cat-cds","7":"product_cat-harp-solo","9":"first","10":"instock","11":"taxable","12":"shipping-taxable","13":"purchasable","14":"product-type-simple"},"yoast_head":"<!-- This site is optimized with the Yoast SEO plugin v27.4 - https:\/\/yoast.com\/product\/yoast-seo-wordpress\/ -->\n<title>Miniaturen 4- HM 122 - Harfenistin Silke Aichhorn<\/title>\n<meta name=\"robots\" content=\"index, follow, max-snippet:-1, max-image-preview:large, max-video-preview:-1\" \/>\n<link rel=\"canonical\" href=\"https:\/\/www.silkeaichhorn.de\/en\/product\/miniaturen-4-hm-122\/\" \/>\n<meta property=\"og:locale\" content=\"en_US\" \/>\n<meta property=\"og:type\" content=\"article\" \/>\n<meta property=\"og:title\" content=\"Miniaturen 4- HM 122 - Harfenistin Silke Aichhorn\" \/>\n<meta property=\"og:description\" content=\"Musik f\u00fcr Harfe solo vom Barock bis zur Filmmusik. Silke Aichhorn \u00fcberzeugt einmal mehr mit ihrem&nbsp;lyrischen Spiel kraftvoller Virtuosit\u00e4t ungew\u00f6hnlicher Repertoireauswahl und feiner Musikalit\u00e4t. 9 Weltersteinspielungen f\u00fcr Harfe!  Silke Aichhorn geh\u00f6rt zu jener Generation von Harfenisten die einem bei jedem Ton einen Schauer \u00fcber den R\u00fccken jagt und die einen nie m\u00fcde werden l\u00e4\u00dft da das Instrument so gro\u00dfartig genutzt wird. (Classique HD)  Harfenmusik macht mir in meinem sonstigen Musikprogramm&nbsp;immer wieder in angenehmer Weise \u201cdie Ohren frei\u201d und nicht nur zu diesem Zweck ist Silke Aichhorns neues Album \u201cMiniaturen 4\u201d treffend geeignet. (orchestergraben.com)\" \/>\n<meta property=\"og:url\" content=\"https:\/\/www.silkeaichhorn.de\/en\/product\/miniaturen-4-hm-122\/\" \/>\n<meta property=\"og:site_name\" content=\"Harfenistin Silke Aichhorn\" \/>\n<meta name=\"twitter:card\" content=\"summary_large_image\" \/>\n<meta name=\"twitter:label1\" content=\"Est. reading time\" \/>\n\t<meta name=\"twitter:data1\" content=\"1 minute\" \/>\n<script type=\"application\/ld+json\" class=\"yoast-schema-graph\">{\"@context\":\"https:\\\/\\\/schema.org\",\"@graph\":[{\"@type\":\"WebPage\",\"@id\":\"https:\\\/\\\/www.silkeaichhorn.de\\\/en\\\/product\\\/miniaturen-4-hm-122\\\/\",\"url\":\"https:\\\/\\\/www.silkeaichhorn.de\\\/en\\\/product\\\/miniaturen-4-hm-122\\\/\",\"name\":\"Miniaturen 4- HM 122 - Harfenistin Silke Aichhorn\",\"isPartOf\":{\"@id\":\"https:\\\/\\\/www.silkeaichhorn.de\\\/en\\\/#website\"},\"primaryImageOfPage\":{\"@id\":\"https:\\\/\\\/www.silkeaichhorn.de\\\/en\\\/product\\\/miniaturen-4-hm-122\\\/#primaryimage\"},\"image\":{\"@id\":\"https:\\\/\\\/www.silkeaichhorn.de\\\/en\\\/product\\\/miniaturen-4-hm-122\\\/#primaryimage\"},\"thumbnailUrl\":\"https:\\\/\\\/egi9mkoi56j.exactdn.com\\\/wp-content\\\/uploads\\\/2025\\\/05\\\/Shop-CD-solo-Booklet-Titel_CD-Miniaturen-4.jpg?strip=all\",\"datePublished\":\"2025-05-20T14:14:31+00:00\",\"breadcrumb\":{\"@id\":\"https:\\\/\\\/www.silkeaichhorn.de\\\/en\\\/product\\\/miniaturen-4-hm-122\\\/#breadcrumb\"},\"inLanguage\":\"en-US\",\"potentialAction\":[{\"@type\":\"ReadAction\",\"target\":[\"https:\\\/\\\/www.silkeaichhorn.de\\\/en\\\/product\\\/miniaturen-4-hm-122\\\/\"]}]},{\"@type\":\"ImageObject\",\"inLanguage\":\"en-US\",\"@id\":\"https:\\\/\\\/www.silkeaichhorn.de\\\/en\\\/product\\\/miniaturen-4-hm-122\\\/#primaryimage\",\"url\":\"https:\\\/\\\/egi9mkoi56j.exactdn.com\\\/wp-content\\\/uploads\\\/2025\\\/05\\\/Shop-CD-solo-Booklet-Titel_CD-Miniaturen-4.jpg?strip=all\",\"contentUrl\":\"https:\\\/\\\/egi9mkoi56j.exactdn.com\\\/wp-content\\\/uploads\\\/2025\\\/05\\\/Shop-CD-solo-Booklet-Titel_CD-Miniaturen-4.jpg?strip=all\",\"width\":2000,\"height\":2000},{\"@type\":\"BreadcrumbList\",\"@id\":\"https:\\\/\\\/www.silkeaichhorn.de\\\/en\\\/product\\\/miniaturen-4-hm-122\\\/#breadcrumb\",\"itemListElement\":[{\"@type\":\"ListItem\",\"position\":1,\"name\":\"Startseite\",\"item\":\"https:\\\/\\\/www.silkeaichhorn.de\\\/en\\\/\"},{\"@type\":\"ListItem\",\"position\":2,\"name\":\"Shop\",\"item\":\"https:\\\/\\\/www.silkeaichhorn.de\\\/en\\\/shop\\\/\"},{\"@type\":\"ListItem\",\"position\":3,\"name\":\"Miniaturen 4- HM 122\"}]},{\"@type\":\"WebSite\",\"@id\":\"https:\\\/\\\/www.silkeaichhorn.de\\\/en\\\/#website\",\"url\":\"https:\\\/\\\/www.silkeaichhorn.de\\\/en\\\/\",\"name\":\"Harfenistin Silke Aichhorn\",\"description\":\"\",\"potentialAction\":[{\"@type\":\"SearchAction\",\"target\":{\"@type\":\"EntryPoint\",\"urlTemplate\":\"https:\\\/\\\/www.silkeaichhorn.de\\\/en\\\/?s={search_term_string}\"},\"query-input\":{\"@type\":\"PropertyValueSpecification\",\"valueRequired\":true,\"valueName\":\"search_term_string\"}}],\"inLanguage\":\"en-US\"}]}<\/script>\n<!-- \/ Yoast SEO plugin. -->","yoast_head_json":{"title":"Miniaturen 4- HM 122 - Harfenistin Silke Aichhorn","robots":{"index":"index","follow":"follow","max-snippet":"max-snippet:-1","max-image-preview":"max-image-preview:large","max-video-preview":"max-video-preview:-1"},"canonical":"https:\/\/www.silkeaichhorn.de\/en\/product\/miniaturen-4-hm-122\/","og_locale":"en_US","og_type":"article","og_title":"Miniaturen 4- HM 122 - Harfenistin Silke Aichhorn","og_description":"Musik f\u00fcr Harfe solo vom Barock bis zur Filmmusik. Silke Aichhorn \u00fcberzeugt einmal mehr mit ihrem&nbsp;lyrischen Spiel kraftvoller Virtuosit\u00e4t ungew\u00f6hnlicher Repertoireauswahl und feiner Musikalit\u00e4t. 9 Weltersteinspielungen f\u00fcr Harfe!  Silke Aichhorn geh\u00f6rt zu jener Generation von Harfenisten die einem bei jedem Ton einen Schauer \u00fcber den R\u00fccken jagt und die einen nie m\u00fcde werden l\u00e4\u00dft da das Instrument so gro\u00dfartig genutzt wird. (Classique HD)  Harfenmusik macht mir in meinem sonstigen Musikprogramm&nbsp;immer wieder in angenehmer Weise \u201cdie Ohren frei\u201d und nicht nur zu diesem Zweck ist Silke Aichhorns neues Album \u201cMiniaturen 4\u201d treffend geeignet. (orchestergraben.com)","og_url":"https:\/\/www.silkeaichhorn.de\/en\/product\/miniaturen-4-hm-122\/","og_site_name":"Harfenistin Silke Aichhorn","twitter_card":"summary_large_image","twitter_misc":{"Est. reading time":"1 minute"},"schema":{"@context":"https:\/\/schema.org","@graph":[{"@type":"WebPage","@id":"https:\/\/www.silkeaichhorn.de\/en\/product\/miniaturen-4-hm-122\/","url":"https:\/\/www.silkeaichhorn.de\/en\/product\/miniaturen-4-hm-122\/","name":"Miniaturen 4- HM 122 - Harfenistin Silke Aichhorn","isPartOf":{"@id":"https:\/\/www.silkeaichhorn.de\/en\/#website"},"primaryImageOfPage":{"@id":"https:\/\/www.silkeaichhorn.de\/en\/product\/miniaturen-4-hm-122\/#primaryimage"},"image":{"@id":"https:\/\/www.silkeaichhorn.de\/en\/product\/miniaturen-4-hm-122\/#primaryimage"},"thumbnailUrl":"https:\/\/egi9mkoi56j.exactdn.com\/wp-content\/uploads\/2025\/05\/Shop-CD-solo-Booklet-Titel_CD-Miniaturen-4.jpg?strip=all","datePublished":"2025-05-20T14:14:31+00:00","breadcrumb":{"@id":"https:\/\/www.silkeaichhorn.de\/en\/product\/miniaturen-4-hm-122\/#breadcrumb"},"inLanguage":"en-US","potentialAction":[{"@type":"ReadAction","target":["https:\/\/www.silkeaichhorn.de\/en\/product\/miniaturen-4-hm-122\/"]}]},{"@type":"ImageObject","inLanguage":"en-US","@id":"https:\/\/www.silkeaichhorn.de\/en\/product\/miniaturen-4-hm-122\/#primaryimage","url":"https:\/\/egi9mkoi56j.exactdn.com\/wp-content\/uploads\/2025\/05\/Shop-CD-solo-Booklet-Titel_CD-Miniaturen-4.jpg?strip=all","contentUrl":"https:\/\/egi9mkoi56j.exactdn.com\/wp-content\/uploads\/2025\/05\/Shop-CD-solo-Booklet-Titel_CD-Miniaturen-4.jpg?strip=all","width":2000,"height":2000},{"@type":"BreadcrumbList","@id":"https:\/\/www.silkeaichhorn.de\/en\/product\/miniaturen-4-hm-122\/#breadcrumb","itemListElement":[{"@type":"ListItem","position":1,"name":"Startseite","item":"https:\/\/www.silkeaichhorn.de\/en\/"},{"@type":"ListItem","position":2,"name":"Shop","item":"https:\/\/www.silkeaichhorn.de\/en\/shop\/"},{"@type":"ListItem","position":3,"name":"Miniaturen 4- HM 122"}]},{"@type":"WebSite","@id":"https:\/\/www.silkeaichhorn.de\/en\/#website","url":"https:\/\/www.silkeaichhorn.de\/en\/","name":"Harfenistin Silke Aichhorn","description":"","potentialAction":[{"@type":"SearchAction","target":{"@type":"EntryPoint","urlTemplate":"https:\/\/www.silkeaichhorn.de\/en\/?s={search_term_string}"},"query-input":{"@type":"PropertyValueSpecification","valueRequired":true,"valueName":"search_term_string"}}],"inLanguage":"en-US"}]}},"_links":{"self":[{"href":"https:\/\/www.silkeaichhorn.de\/en\/wp-json\/wp\/v2\/product\/4759","targetHints":{"allow":["GET"]}}],"collection":[{"href":"https:\/\/www.silkeaichhorn.de\/en\/wp-json\/wp\/v2\/product"}],"about":[{"href":"https:\/\/www.silkeaichhorn.de\/en\/wp-json\/wp\/v2\/types\/product"}],"replies":[{"embeddable":true,"href":"https:\/\/www.silkeaichhorn.de\/en\/wp-json\/wp\/v2\/comments?post=4759"}],"wp:featuredmedia":[{"embeddable":true,"href":"https:\/\/www.silkeaichhorn.de\/en\/wp-json\/wp\/v2\/media\/4760"}],"wp:attachment":[{"href":"https:\/\/www.silkeaichhorn.de\/en\/wp-json\/wp\/v2\/media?parent=4759"}],"wp:term":[{"taxonomy":"product_brand","embeddable":true,"href":"https:\/\/www.silkeaichhorn.de\/en\/wp-json\/wp\/v2\/product_brand?post=4759"},{"taxonomy":"product_cat","embeddable":true,"href":"https:\/\/www.silkeaichhorn.de\/en\/wp-json\/wp\/v2\/product_cat?post=4759"},{"taxonomy":"product_tag","embeddable":true,"href":"https:\/\/www.silkeaichhorn.de\/en\/wp-json\/wp\/v2\/product_tag?post=4759"}],"curies":[{"name":"wp","href":"https:\/\/api.w.org\/{rel}","templated":true}]}}