{"id":4767,"date":"2025-05-20T16:14:30","date_gmt":"2025-05-20T14:14:30","guid":{"rendered":"https:\/\/www.silkeaichhorn.de\/produkt\/bach-hm-126\/"},"modified":"2025-05-20T16:14:30","modified_gmt":"2025-05-20T14:14:30","slug":"bach-hm-126","status":"publish","type":"product","link":"https:\/\/www.silkeaichhorn.de\/en\/product\/bach-hm-126\/","title":{"rendered":"Bach- HM 126"},"content":{"rendered":"<p><strong>C.P.E Bach 1714-1788<\/strong><\/p>\n<p>Hamburger Sonate G-Dur Fl\u00f6te-Harfe Wq 133<br \/>\nAllegretto<br \/>\nRondo Presto<\/p>\n<p><strong>J. Chr. Bach 1735-1782\u00a0<\/strong><\/p>\n<p>Sinfonia Concerto Harfe \u2013 Streichquartett (Arr. David Watkins)<br \/>\nAllegro assai<br \/>\nAndante<br \/>\nPresto<\/p>\n<p><strong>C.P.E Bach 1714-1788<\/strong><\/p>\n<p>Solo f\u00fcr Harfe Wq 139 (Arr. Chantal Mathieu)<br \/>\nAdagio un poco<br \/>\nAllegro<br \/>\nAllegro<\/p>\n<p><strong>C.P.E Bach 1714-1788<\/strong><\/p>\n<p>Sonate g-moll Fl\u00f6te-Harfe BWV Anh. III 184<br \/>\nAllegro<br \/>\nAdagio<br \/>\nAllegro<\/p>\n<p><strong>J. S. Bach 1685-1750\u00a0<\/strong><\/p>\n<p>aus der Partita Nr.1 f\u00fcr Violine h-moll BWV 1002 (Arr. Marcel Grandjany)<br \/>\n3. Sarabande<br \/>\n4. Bourr\u00e9e<\/p>\n<p><strong>J. S. Bach\/F. Busoni 1685-1750 \u2013 1866-1924<\/strong><\/p>\n<p>Wachet auf ruft uns die Stimme (BV B 27\/2)<\/p>\n<p><strong>J. S. Bach 1685-1750\u00a0<\/strong><\/p>\n<p>Konzert f-moll BWV 1056 Harfe &#8211; Streichquartett<br \/>\nAllegro<br \/>\nLargo<br \/>\nPresto<\/p>\n<p><strong>J. S. Bach 1685-1750\u00a0<\/strong><\/p>\n<p>Gottes Zeit ist die allerbeste Zeit &#8211; Sonatina (Arr. Jacques Erdos)<br \/>\n\u201eActus Tragicus\u201c BWV 106<\/p>\n<span class=\"et_bloom_bottom_trigger\"><\/span>","protected":false},"excerpt":{"rendered":"<p>Mit meiner mittlerweile 30. CD stelle ich Johann Sebastian Bach sowie seine S\u00f6hne Carl Philipp Emanuel und Johann Christian in den Mittelpunkt.<\/p>\n<p>In Transkriptionen und Originalwerken f\u00fcr Harfe Solo im Duo mit Fl\u00f6te und zusammen mit Streichquartett ist\u00a0Dank des besonderen Klangs und vielleicht auch Zaubers der Harfe die Musik der Bachfamilie wieder einmal neu zu h\u00f6ren zu erleben und zu genie\u00dfen.<\/p>\n<p>So wird die Tradition fortgeschrieben und bewiesen dass auch knapp dreihundert Jahre sp\u00e4ter diese Musik\u00a0nichts von ihrem Reiz und ihrer Aktualit\u00e4t verloren hat.<\/p>\n<p>Ein lang angedachtes Projekt das mit Hilfe eines Neustart Kultur-Stipendiums und der Kooperation mit SWR2 m\u00f6glich wurde!<\/p>\n","protected":false},"featured_media":4653,"comment_status":"open","ping_status":"closed","template":"","meta":{"_et_pb_use_builder":"","_et_pb_old_content":"","_et_gb_content_width":"","inline_featured_image":false},"product_brand":[],"product_cat":[90,93,91],"product_tag":[],"class_list":{"0":"post-4767","1":"product","2":"type-product","3":"status-publish","4":"has-post-thumbnail","6":"product_cat-cds","7":"product_cat-chamber-music","8":"product_cat-harp-solo","10":"first","11":"instock","12":"taxable","13":"shipping-taxable","14":"purchasable","15":"product-type-simple"},"yoast_head":"<!-- This site is optimized with the Yoast SEO plugin v27.4 - https:\/\/yoast.com\/product\/yoast-seo-wordpress\/ -->\n<title>Bach- HM 126 - Harfenistin Silke Aichhorn<\/title>\n<meta name=\"robots\" content=\"index, follow, max-snippet:-1, max-image-preview:large, max-video-preview:-1\" \/>\n<link rel=\"canonical\" href=\"https:\/\/www.silkeaichhorn.de\/en\/product\/bach-hm-126\/\" \/>\n<meta property=\"og:locale\" content=\"en_US\" \/>\n<meta property=\"og:type\" content=\"article\" \/>\n<meta property=\"og:title\" content=\"Bach- HM 126 - Harfenistin Silke Aichhorn\" \/>\n<meta property=\"og:description\" content=\"Mit meiner mittlerweile 30. CD stelle ich Johann Sebastian Bach sowie seine S\u00f6hne Carl Philipp Emanuel und Johann Christian in den Mittelpunkt.  In Transkriptionen und Originalwerken f\u00fcr Harfe Solo im Duo mit Fl\u00f6te und zusammen mit Streichquartett ist\u00a0Dank des besonderen Klangs und vielleicht auch Zaubers der Harfe die Musik der Bachfamilie wieder einmal neu zu h\u00f6ren zu erleben und zu genie\u00dfen.  So wird die Tradition fortgeschrieben und bewiesen dass auch knapp dreihundert Jahre sp\u00e4ter diese Musik\u00a0nichts von ihrem Reiz und ihrer Aktualit\u00e4t verloren hat.  Ein lang angedachtes Projekt das mit Hilfe eines Neustart Kultur-Stipendiums und der Kooperation mit SWR2 m\u00f6glich wurde!\" \/>\n<meta property=\"og:url\" content=\"https:\/\/www.silkeaichhorn.de\/en\/product\/bach-hm-126\/\" \/>\n<meta property=\"og:site_name\" content=\"Harfenistin Silke Aichhorn\" \/>\n<meta name=\"twitter:card\" content=\"summary_large_image\" \/>\n<meta name=\"twitter:label1\" content=\"Est. reading time\" \/>\n\t<meta name=\"twitter:data1\" content=\"1 minute\" \/>\n<script type=\"application\/ld+json\" class=\"yoast-schema-graph\">{\"@context\":\"https:\\\/\\\/schema.org\",\"@graph\":[{\"@type\":\"WebPage\",\"@id\":\"https:\\\/\\\/www.silkeaichhorn.de\\\/en\\\/product\\\/bach-hm-126\\\/\",\"url\":\"https:\\\/\\\/www.silkeaichhorn.de\\\/en\\\/product\\\/bach-hm-126\\\/\",\"name\":\"Bach- HM 126 - Harfenistin Silke Aichhorn\",\"isPartOf\":{\"@id\":\"https:\\\/\\\/www.silkeaichhorn.de\\\/en\\\/#website\"},\"primaryImageOfPage\":{\"@id\":\"https:\\\/\\\/www.silkeaichhorn.de\\\/en\\\/product\\\/bach-hm-126\\\/#primaryimage\"},\"image\":{\"@id\":\"https:\\\/\\\/www.silkeaichhorn.de\\\/en\\\/product\\\/bach-hm-126\\\/#primaryimage\"},\"thumbnailUrl\":\"https:\\\/\\\/egi9mkoi56j.exactdn.com\\\/wp-content\\\/uploads\\\/2025\\\/05\\\/Shop-CD-solo-2024-Cover-Miniaturen-5-scaled-2.jpg?strip=all\",\"datePublished\":\"2025-05-20T14:14:30+00:00\",\"breadcrumb\":{\"@id\":\"https:\\\/\\\/www.silkeaichhorn.de\\\/en\\\/product\\\/bach-hm-126\\\/#breadcrumb\"},\"inLanguage\":\"en-US\",\"potentialAction\":[{\"@type\":\"ReadAction\",\"target\":[\"https:\\\/\\\/www.silkeaichhorn.de\\\/en\\\/product\\\/bach-hm-126\\\/\"]}]},{\"@type\":\"ImageObject\",\"inLanguage\":\"en-US\",\"@id\":\"https:\\\/\\\/www.silkeaichhorn.de\\\/en\\\/product\\\/bach-hm-126\\\/#primaryimage\",\"url\":\"https:\\\/\\\/egi9mkoi56j.exactdn.com\\\/wp-content\\\/uploads\\\/2025\\\/05\\\/Shop-CD-solo-2024-Cover-Miniaturen-5-scaled-2.jpg?strip=all\",\"contentUrl\":\"https:\\\/\\\/egi9mkoi56j.exactdn.com\\\/wp-content\\\/uploads\\\/2025\\\/05\\\/Shop-CD-solo-2024-Cover-Miniaturen-5-scaled-2.jpg?strip=all\",\"width\":2000,\"height\":2000},{\"@type\":\"BreadcrumbList\",\"@id\":\"https:\\\/\\\/www.silkeaichhorn.de\\\/en\\\/product\\\/bach-hm-126\\\/#breadcrumb\",\"itemListElement\":[{\"@type\":\"ListItem\",\"position\":1,\"name\":\"Startseite\",\"item\":\"https:\\\/\\\/www.silkeaichhorn.de\\\/en\\\/\"},{\"@type\":\"ListItem\",\"position\":2,\"name\":\"Shop\",\"item\":\"https:\\\/\\\/www.silkeaichhorn.de\\\/en\\\/shop\\\/\"},{\"@type\":\"ListItem\",\"position\":3,\"name\":\"Bach- HM 126\"}]},{\"@type\":\"WebSite\",\"@id\":\"https:\\\/\\\/www.silkeaichhorn.de\\\/en\\\/#website\",\"url\":\"https:\\\/\\\/www.silkeaichhorn.de\\\/en\\\/\",\"name\":\"Harfenistin Silke Aichhorn\",\"description\":\"\",\"potentialAction\":[{\"@type\":\"SearchAction\",\"target\":{\"@type\":\"EntryPoint\",\"urlTemplate\":\"https:\\\/\\\/www.silkeaichhorn.de\\\/en\\\/?s={search_term_string}\"},\"query-input\":{\"@type\":\"PropertyValueSpecification\",\"valueRequired\":true,\"valueName\":\"search_term_string\"}}],\"inLanguage\":\"en-US\"}]}<\/script>\n<!-- \/ Yoast SEO plugin. -->","yoast_head_json":{"title":"Bach- HM 126 - Harfenistin Silke Aichhorn","robots":{"index":"index","follow":"follow","max-snippet":"max-snippet:-1","max-image-preview":"max-image-preview:large","max-video-preview":"max-video-preview:-1"},"canonical":"https:\/\/www.silkeaichhorn.de\/en\/product\/bach-hm-126\/","og_locale":"en_US","og_type":"article","og_title":"Bach- HM 126 - Harfenistin Silke Aichhorn","og_description":"Mit meiner mittlerweile 30. CD stelle ich Johann Sebastian Bach sowie seine S\u00f6hne Carl Philipp Emanuel und Johann Christian in den Mittelpunkt.  In Transkriptionen und Originalwerken f\u00fcr Harfe Solo im Duo mit Fl\u00f6te und zusammen mit Streichquartett ist\u00a0Dank des besonderen Klangs und vielleicht auch Zaubers der Harfe die Musik der Bachfamilie wieder einmal neu zu h\u00f6ren zu erleben und zu genie\u00dfen.  So wird die Tradition fortgeschrieben und bewiesen dass auch knapp dreihundert Jahre sp\u00e4ter diese Musik\u00a0nichts von ihrem Reiz und ihrer Aktualit\u00e4t verloren hat.  Ein lang angedachtes Projekt das mit Hilfe eines Neustart Kultur-Stipendiums und der Kooperation mit SWR2 m\u00f6glich wurde!","og_url":"https:\/\/www.silkeaichhorn.de\/en\/product\/bach-hm-126\/","og_site_name":"Harfenistin Silke Aichhorn","twitter_card":"summary_large_image","twitter_misc":{"Est. reading time":"1 minute"},"schema":{"@context":"https:\/\/schema.org","@graph":[{"@type":"WebPage","@id":"https:\/\/www.silkeaichhorn.de\/en\/product\/bach-hm-126\/","url":"https:\/\/www.silkeaichhorn.de\/en\/product\/bach-hm-126\/","name":"Bach- HM 126 - Harfenistin Silke Aichhorn","isPartOf":{"@id":"https:\/\/www.silkeaichhorn.de\/en\/#website"},"primaryImageOfPage":{"@id":"https:\/\/www.silkeaichhorn.de\/en\/product\/bach-hm-126\/#primaryimage"},"image":{"@id":"https:\/\/www.silkeaichhorn.de\/en\/product\/bach-hm-126\/#primaryimage"},"thumbnailUrl":"https:\/\/egi9mkoi56j.exactdn.com\/wp-content\/uploads\/2025\/05\/Shop-CD-solo-2024-Cover-Miniaturen-5-scaled-2.jpg?strip=all","datePublished":"2025-05-20T14:14:30+00:00","breadcrumb":{"@id":"https:\/\/www.silkeaichhorn.de\/en\/product\/bach-hm-126\/#breadcrumb"},"inLanguage":"en-US","potentialAction":[{"@type":"ReadAction","target":["https:\/\/www.silkeaichhorn.de\/en\/product\/bach-hm-126\/"]}]},{"@type":"ImageObject","inLanguage":"en-US","@id":"https:\/\/www.silkeaichhorn.de\/en\/product\/bach-hm-126\/#primaryimage","url":"https:\/\/egi9mkoi56j.exactdn.com\/wp-content\/uploads\/2025\/05\/Shop-CD-solo-2024-Cover-Miniaturen-5-scaled-2.jpg?strip=all","contentUrl":"https:\/\/egi9mkoi56j.exactdn.com\/wp-content\/uploads\/2025\/05\/Shop-CD-solo-2024-Cover-Miniaturen-5-scaled-2.jpg?strip=all","width":2000,"height":2000},{"@type":"BreadcrumbList","@id":"https:\/\/www.silkeaichhorn.de\/en\/product\/bach-hm-126\/#breadcrumb","itemListElement":[{"@type":"ListItem","position":1,"name":"Startseite","item":"https:\/\/www.silkeaichhorn.de\/en\/"},{"@type":"ListItem","position":2,"name":"Shop","item":"https:\/\/www.silkeaichhorn.de\/en\/shop\/"},{"@type":"ListItem","position":3,"name":"Bach- HM 126"}]},{"@type":"WebSite","@id":"https:\/\/www.silkeaichhorn.de\/en\/#website","url":"https:\/\/www.silkeaichhorn.de\/en\/","name":"Harfenistin Silke Aichhorn","description":"","potentialAction":[{"@type":"SearchAction","target":{"@type":"EntryPoint","urlTemplate":"https:\/\/www.silkeaichhorn.de\/en\/?s={search_term_string}"},"query-input":{"@type":"PropertyValueSpecification","valueRequired":true,"valueName":"search_term_string"}}],"inLanguage":"en-US"}]}},"_links":{"self":[{"href":"https:\/\/www.silkeaichhorn.de\/en\/wp-json\/wp\/v2\/product\/4767","targetHints":{"allow":["GET"]}}],"collection":[{"href":"https:\/\/www.silkeaichhorn.de\/en\/wp-json\/wp\/v2\/product"}],"about":[{"href":"https:\/\/www.silkeaichhorn.de\/en\/wp-json\/wp\/v2\/types\/product"}],"replies":[{"embeddable":true,"href":"https:\/\/www.silkeaichhorn.de\/en\/wp-json\/wp\/v2\/comments?post=4767"}],"wp:featuredmedia":[{"embeddable":true,"href":"https:\/\/www.silkeaichhorn.de\/en\/wp-json\/wp\/v2\/media\/4653"}],"wp:attachment":[{"href":"https:\/\/www.silkeaichhorn.de\/en\/wp-json\/wp\/v2\/media?parent=4767"}],"wp:term":[{"taxonomy":"product_brand","embeddable":true,"href":"https:\/\/www.silkeaichhorn.de\/en\/wp-json\/wp\/v2\/product_brand?post=4767"},{"taxonomy":"product_cat","embeddable":true,"href":"https:\/\/www.silkeaichhorn.de\/en\/wp-json\/wp\/v2\/product_cat?post=4767"},{"taxonomy":"product_tag","embeddable":true,"href":"https:\/\/www.silkeaichhorn.de\/en\/wp-json\/wp\/v2\/product_tag?post=4767"}],"curies":[{"name":"wp","href":"https:\/\/api.w.org\/{rel}","templated":true}]}}