{"id":4768,"date":"2025-05-20T16:14:30","date_gmt":"2025-05-20T14:14:30","guid":{"rendered":"https:\/\/www.silkeaichhorn.de\/produkt\/noten-hymne-von-josef-gabriel-rheinberger-als-pdf-gesamtpreis-8-wird-zeitnah-an-die-angegebene-emailadresse-geschickt\/"},"modified":"2025-05-20T16:14:30","modified_gmt":"2025-05-20T14:14:30","slug":"noten-hymne-von-josef-gabriel-rheinberger-als-pdf-gesamtpreis-8-wird-zeitnah-an-die-angegebene-emailadresse-geschickt","status":"publish","type":"product","link":"https:\/\/www.silkeaichhorn.de\/en\/product\/noten-hymne-von-josef-gabriel-rheinberger-als-pdf-gesamtpreis-8-wird-zeitnah-an-die-angegebene-emailadresse-geschickt\/","title":{"rendered":"NOTEN &#8220;Hymne&#8221; von Josef Gabriel Rheinberger als PDF Gesamtpreis 8.-  wird zeitnah an die angegebene Emailadresse geschickt"},"content":{"rendered":"<div class=\"page\" title=\"Page 11\">\n<div class=\"layoutArea\">\n<div class=\"column\">\n<p><strong>Hymne op.35 &#8220;Wie lieblich sind deine Wohnungen&#8221; nach dem 83. Psalm<\/strong><\/p>\n<p>original f\u00fcr Frauenchor und Harfe hier arrangiert f\u00fcr Harfe solo von mir<\/p>\n<p style=\"font-weight: 400;\">Der Liechtensteiner Komponist Josef Gabriel Rheinberger (1839-1901) versah bereits als Siebenj\u00e4hriger den Organistendienst in seinem Heimatort Vaduz. Mit 12 Jahren kam er zur musikalischen Ausbildung nach M\u00fcnchen und wirkte dort sein Leben lang so dass er h\u00e4ufig als deutscher Komponist wahrgenommen und bezeichnet wird.<\/p>\n<p style=\"font-weight: 400;\">Er geh\u00f6rte zu den erfolgreichen Tondichtern seiner Zeit.<\/p>\n<p style=\"font-weight: 400;\">Verleger Musiker und Ch\u00f6re traten mit Kompositionsauftr\u00e4gen an ihn heran.<\/p>\n<\/div>\n<\/div>\n<p><strong>Ich verschicke das PDF (5 Seiten) an die von Ihnen angegebene Emailadresse. Danke,<a href=\"https:\/\/www.silkeaichhorn.de\/wp-content\/uploads\/2025\/05\/2022-Rheinberger-Hymne-final-Silke-Aichhorn-V4.pdf\">2022 Rheinberger Hymne final Silke Aichhorn V4<\/a> wenn Sie es nicht kopieren etc.<\/strong><\/p>\n<p>&nbsp;<\/p>\n<\/div>\n<p><strong>Hymn op.35 &#8220;How lovely are your dwellings&#8221; after the 83rd Psalm<\/strong><\/p>\n<p>originally for female choir and harp here arranged for harp solo by me<\/p>\n<p>The Liechtenstein composer Josef Gabriel Rheinberger (1839-1901) was already working as an organist in his home town of Vaduz at the age of seven. At the age of 12 he came to Munich for musical training and worked there all his life so that he is often perceived and referred to as a German composer.<\/p>\n<p>He was one of the most successful tone poets of his time.<\/p>\n<p>Publishers musicians and choirs approached him with commissions for compositions.<\/p>\n<p><strong>I will send the PDF (5 pages) to the email address you provided. Thanks for not copying etc.<\/strong><\/p>\n<span class=\"et_bloom_bottom_trigger\"><\/span>","protected":false},"excerpt":{"rendered":"<p>Hymne op.35 &#8220;Wie lieblich sind deine Wohnungen&#8221; nach dem 83. Psalm original f\u00fcr Frauenchor und Harfe hier arrangiert f\u00fcr Harfe solo von mir Der Liechtensteiner Komponist Josef Gabriel Rheinberger (1839-1901) versah bereits als Siebenj\u00e4hriger den Organistendienst in seinem Heimatort Vaduz. Mit 12 Jahren kam er zur musikalischen Ausbildung nach M\u00fcnchen und wirkte dort sein Leben [&hellip;]<\/p>\n","protected":false},"featured_media":4770,"comment_status":"open","ping_status":"closed","template":"","meta":{"_et_pb_use_builder":"","_et_pb_old_content":"","_et_gb_content_width":"","inline_featured_image":false},"product_brand":[],"product_cat":[99],"product_tag":[],"class_list":{"0":"post-4768","1":"product","2":"type-product","3":"status-publish","4":"has-post-thumbnail","6":"product_cat-notes","8":"first","9":"instock","10":"taxable","11":"shipping-taxable","12":"purchasable","13":"product-type-simple"},"yoast_head":"<!-- This site is optimized with the Yoast SEO plugin v27.4 - https:\/\/yoast.com\/product\/yoast-seo-wordpress\/ -->\n<title>NOTEN &quot;Hymne&quot; von Josef Gabriel Rheinberger als PDF Gesamtpreis 8.- wird zeitnah an die angegebene Emailadresse geschickt - Harfenistin Silke Aichhorn<\/title>\n<meta name=\"robots\" content=\"index, follow, max-snippet:-1, max-image-preview:large, max-video-preview:-1\" \/>\n<link rel=\"canonical\" href=\"https:\/\/www.silkeaichhorn.de\/en\/product\/noten-hymne-von-josef-gabriel-rheinberger-als-pdf-gesamtpreis-8-wird-zeitnah-an-die-angegebene-emailadresse-geschickt\/\" \/>\n<meta property=\"og:locale\" content=\"en_US\" \/>\n<meta property=\"og:type\" content=\"article\" \/>\n<meta property=\"og:title\" content=\"NOTEN &quot;Hymne&quot; von Josef Gabriel Rheinberger als PDF Gesamtpreis 8.- wird zeitnah an die angegebene Emailadresse geschickt - Harfenistin Silke Aichhorn\" \/>\n<meta property=\"og:description\" content=\"Hymne op.35 &#8220;Wie lieblich sind deine Wohnungen&#8221; nach dem 83. Psalm original f\u00fcr Frauenchor und Harfe hier arrangiert f\u00fcr Harfe solo von mir Der Liechtensteiner Komponist Josef Gabriel Rheinberger (1839-1901) versah bereits als Siebenj\u00e4hriger den Organistendienst in seinem Heimatort Vaduz. Mit 12 Jahren kam er zur musikalischen Ausbildung nach M\u00fcnchen und wirkte dort sein Leben [&hellip;]\" \/>\n<meta property=\"og:url\" content=\"https:\/\/www.silkeaichhorn.de\/en\/product\/noten-hymne-von-josef-gabriel-rheinberger-als-pdf-gesamtpreis-8-wird-zeitnah-an-die-angegebene-emailadresse-geschickt\/\" \/>\n<meta property=\"og:site_name\" content=\"Harfenistin Silke Aichhorn\" \/>\n<meta name=\"twitter:card\" content=\"summary_large_image\" \/>\n<meta name=\"twitter:label1\" content=\"Est. reading time\" \/>\n\t<meta name=\"twitter:data1\" content=\"1 minute\" \/>\n<script type=\"application\/ld+json\" class=\"yoast-schema-graph\">{\"@context\":\"https:\\\/\\\/schema.org\",\"@graph\":[{\"@type\":\"WebPage\",\"@id\":\"https:\\\/\\\/www.silkeaichhorn.de\\\/en\\\/product\\\/noten-hymne-von-josef-gabriel-rheinberger-als-pdf-gesamtpreis-8-wird-zeitnah-an-die-angegebene-emailadresse-geschickt\\\/\",\"url\":\"https:\\\/\\\/www.silkeaichhorn.de\\\/en\\\/product\\\/noten-hymne-von-josef-gabriel-rheinberger-als-pdf-gesamtpreis-8-wird-zeitnah-an-die-angegebene-emailadresse-geschickt\\\/\",\"name\":\"NOTEN \\\"Hymne\\\" von Josef Gabriel Rheinberger als PDF Gesamtpreis 8.- wird zeitnah an die angegebene Emailadresse geschickt - Harfenistin Silke Aichhorn\",\"isPartOf\":{\"@id\":\"https:\\\/\\\/www.silkeaichhorn.de\\\/en\\\/#website\"},\"primaryImageOfPage\":{\"@id\":\"https:\\\/\\\/www.silkeaichhorn.de\\\/en\\\/product\\\/noten-hymne-von-josef-gabriel-rheinberger-als-pdf-gesamtpreis-8-wird-zeitnah-an-die-angegebene-emailadresse-geschickt\\\/#primaryimage\"},\"image\":{\"@id\":\"https:\\\/\\\/www.silkeaichhorn.de\\\/en\\\/product\\\/noten-hymne-von-josef-gabriel-rheinberger-als-pdf-gesamtpreis-8-wird-zeitnah-an-die-angegebene-emailadresse-geschickt\\\/#primaryimage\"},\"thumbnailUrl\":\"https:\\\/\\\/egi9mkoi56j.exactdn.com\\\/wp-content\\\/uploads\\\/2025\\\/05\\\/IMG_7775.jpg?strip=all\",\"datePublished\":\"2025-05-20T14:14:30+00:00\",\"breadcrumb\":{\"@id\":\"https:\\\/\\\/www.silkeaichhorn.de\\\/en\\\/product\\\/noten-hymne-von-josef-gabriel-rheinberger-als-pdf-gesamtpreis-8-wird-zeitnah-an-die-angegebene-emailadresse-geschickt\\\/#breadcrumb\"},\"inLanguage\":\"en-US\",\"potentialAction\":[{\"@type\":\"ReadAction\",\"target\":[\"https:\\\/\\\/www.silkeaichhorn.de\\\/en\\\/product\\\/noten-hymne-von-josef-gabriel-rheinberger-als-pdf-gesamtpreis-8-wird-zeitnah-an-die-angegebene-emailadresse-geschickt\\\/\"]}]},{\"@type\":\"ImageObject\",\"inLanguage\":\"en-US\",\"@id\":\"https:\\\/\\\/www.silkeaichhorn.de\\\/en\\\/product\\\/noten-hymne-von-josef-gabriel-rheinberger-als-pdf-gesamtpreis-8-wird-zeitnah-an-die-angegebene-emailadresse-geschickt\\\/#primaryimage\",\"url\":\"https:\\\/\\\/egi9mkoi56j.exactdn.com\\\/wp-content\\\/uploads\\\/2025\\\/05\\\/IMG_7775.jpg?strip=all\",\"contentUrl\":\"https:\\\/\\\/egi9mkoi56j.exactdn.com\\\/wp-content\\\/uploads\\\/2025\\\/05\\\/IMG_7775.jpg?strip=all\",\"width\":750,\"height\":1010},{\"@type\":\"BreadcrumbList\",\"@id\":\"https:\\\/\\\/www.silkeaichhorn.de\\\/en\\\/product\\\/noten-hymne-von-josef-gabriel-rheinberger-als-pdf-gesamtpreis-8-wird-zeitnah-an-die-angegebene-emailadresse-geschickt\\\/#breadcrumb\",\"itemListElement\":[{\"@type\":\"ListItem\",\"position\":1,\"name\":\"Startseite\",\"item\":\"https:\\\/\\\/www.silkeaichhorn.de\\\/en\\\/\"},{\"@type\":\"ListItem\",\"position\":2,\"name\":\"Shop\",\"item\":\"https:\\\/\\\/www.silkeaichhorn.de\\\/en\\\/shop\\\/\"},{\"@type\":\"ListItem\",\"position\":3,\"name\":\"NOTEN &#8220;Hymne&#8221; von Josef Gabriel Rheinberger als PDF Gesamtpreis 8.- wird zeitnah an die angegebene Emailadresse geschickt\"}]},{\"@type\":\"WebSite\",\"@id\":\"https:\\\/\\\/www.silkeaichhorn.de\\\/en\\\/#website\",\"url\":\"https:\\\/\\\/www.silkeaichhorn.de\\\/en\\\/\",\"name\":\"Harfenistin Silke Aichhorn\",\"description\":\"\",\"potentialAction\":[{\"@type\":\"SearchAction\",\"target\":{\"@type\":\"EntryPoint\",\"urlTemplate\":\"https:\\\/\\\/www.silkeaichhorn.de\\\/en\\\/?s={search_term_string}\"},\"query-input\":{\"@type\":\"PropertyValueSpecification\",\"valueRequired\":true,\"valueName\":\"search_term_string\"}}],\"inLanguage\":\"en-US\"}]}<\/script>\n<!-- \/ Yoast SEO plugin. -->","yoast_head_json":{"title":"NOTEN \"Hymne\" von Josef Gabriel Rheinberger als PDF Gesamtpreis 8.- wird zeitnah an die angegebene Emailadresse geschickt - Harfenistin Silke Aichhorn","robots":{"index":"index","follow":"follow","max-snippet":"max-snippet:-1","max-image-preview":"max-image-preview:large","max-video-preview":"max-video-preview:-1"},"canonical":"https:\/\/www.silkeaichhorn.de\/en\/product\/noten-hymne-von-josef-gabriel-rheinberger-als-pdf-gesamtpreis-8-wird-zeitnah-an-die-angegebene-emailadresse-geschickt\/","og_locale":"en_US","og_type":"article","og_title":"NOTEN \"Hymne\" von Josef Gabriel Rheinberger als PDF Gesamtpreis 8.- wird zeitnah an die angegebene Emailadresse geschickt - Harfenistin Silke Aichhorn","og_description":"Hymne op.35 &#8220;Wie lieblich sind deine Wohnungen&#8221; nach dem 83. Psalm original f\u00fcr Frauenchor und Harfe hier arrangiert f\u00fcr Harfe solo von mir Der Liechtensteiner Komponist Josef Gabriel Rheinberger (1839-1901) versah bereits als Siebenj\u00e4hriger den Organistendienst in seinem Heimatort Vaduz. Mit 12 Jahren kam er zur musikalischen Ausbildung nach M\u00fcnchen und wirkte dort sein Leben [&hellip;]","og_url":"https:\/\/www.silkeaichhorn.de\/en\/product\/noten-hymne-von-josef-gabriel-rheinberger-als-pdf-gesamtpreis-8-wird-zeitnah-an-die-angegebene-emailadresse-geschickt\/","og_site_name":"Harfenistin Silke Aichhorn","twitter_card":"summary_large_image","twitter_misc":{"Est. reading time":"1 minute"},"schema":{"@context":"https:\/\/schema.org","@graph":[{"@type":"WebPage","@id":"https:\/\/www.silkeaichhorn.de\/en\/product\/noten-hymne-von-josef-gabriel-rheinberger-als-pdf-gesamtpreis-8-wird-zeitnah-an-die-angegebene-emailadresse-geschickt\/","url":"https:\/\/www.silkeaichhorn.de\/en\/product\/noten-hymne-von-josef-gabriel-rheinberger-als-pdf-gesamtpreis-8-wird-zeitnah-an-die-angegebene-emailadresse-geschickt\/","name":"NOTEN \"Hymne\" von Josef Gabriel Rheinberger als PDF Gesamtpreis 8.- wird zeitnah an die angegebene Emailadresse geschickt - Harfenistin Silke Aichhorn","isPartOf":{"@id":"https:\/\/www.silkeaichhorn.de\/en\/#website"},"primaryImageOfPage":{"@id":"https:\/\/www.silkeaichhorn.de\/en\/product\/noten-hymne-von-josef-gabriel-rheinberger-als-pdf-gesamtpreis-8-wird-zeitnah-an-die-angegebene-emailadresse-geschickt\/#primaryimage"},"image":{"@id":"https:\/\/www.silkeaichhorn.de\/en\/product\/noten-hymne-von-josef-gabriel-rheinberger-als-pdf-gesamtpreis-8-wird-zeitnah-an-die-angegebene-emailadresse-geschickt\/#primaryimage"},"thumbnailUrl":"https:\/\/egi9mkoi56j.exactdn.com\/wp-content\/uploads\/2025\/05\/IMG_7775.jpg?strip=all","datePublished":"2025-05-20T14:14:30+00:00","breadcrumb":{"@id":"https:\/\/www.silkeaichhorn.de\/en\/product\/noten-hymne-von-josef-gabriel-rheinberger-als-pdf-gesamtpreis-8-wird-zeitnah-an-die-angegebene-emailadresse-geschickt\/#breadcrumb"},"inLanguage":"en-US","potentialAction":[{"@type":"ReadAction","target":["https:\/\/www.silkeaichhorn.de\/en\/product\/noten-hymne-von-josef-gabriel-rheinberger-als-pdf-gesamtpreis-8-wird-zeitnah-an-die-angegebene-emailadresse-geschickt\/"]}]},{"@type":"ImageObject","inLanguage":"en-US","@id":"https:\/\/www.silkeaichhorn.de\/en\/product\/noten-hymne-von-josef-gabriel-rheinberger-als-pdf-gesamtpreis-8-wird-zeitnah-an-die-angegebene-emailadresse-geschickt\/#primaryimage","url":"https:\/\/egi9mkoi56j.exactdn.com\/wp-content\/uploads\/2025\/05\/IMG_7775.jpg?strip=all","contentUrl":"https:\/\/egi9mkoi56j.exactdn.com\/wp-content\/uploads\/2025\/05\/IMG_7775.jpg?strip=all","width":750,"height":1010},{"@type":"BreadcrumbList","@id":"https:\/\/www.silkeaichhorn.de\/en\/product\/noten-hymne-von-josef-gabriel-rheinberger-als-pdf-gesamtpreis-8-wird-zeitnah-an-die-angegebene-emailadresse-geschickt\/#breadcrumb","itemListElement":[{"@type":"ListItem","position":1,"name":"Startseite","item":"https:\/\/www.silkeaichhorn.de\/en\/"},{"@type":"ListItem","position":2,"name":"Shop","item":"https:\/\/www.silkeaichhorn.de\/en\/shop\/"},{"@type":"ListItem","position":3,"name":"NOTEN &#8220;Hymne&#8221; von Josef Gabriel Rheinberger als PDF Gesamtpreis 8.- wird zeitnah an die angegebene Emailadresse geschickt"}]},{"@type":"WebSite","@id":"https:\/\/www.silkeaichhorn.de\/en\/#website","url":"https:\/\/www.silkeaichhorn.de\/en\/","name":"Harfenistin Silke Aichhorn","description":"","potentialAction":[{"@type":"SearchAction","target":{"@type":"EntryPoint","urlTemplate":"https:\/\/www.silkeaichhorn.de\/en\/?s={search_term_string}"},"query-input":{"@type":"PropertyValueSpecification","valueRequired":true,"valueName":"search_term_string"}}],"inLanguage":"en-US"}]}},"_links":{"self":[{"href":"https:\/\/www.silkeaichhorn.de\/en\/wp-json\/wp\/v2\/product\/4768","targetHints":{"allow":["GET"]}}],"collection":[{"href":"https:\/\/www.silkeaichhorn.de\/en\/wp-json\/wp\/v2\/product"}],"about":[{"href":"https:\/\/www.silkeaichhorn.de\/en\/wp-json\/wp\/v2\/types\/product"}],"replies":[{"embeddable":true,"href":"https:\/\/www.silkeaichhorn.de\/en\/wp-json\/wp\/v2\/comments?post=4768"}],"wp:featuredmedia":[{"embeddable":true,"href":"https:\/\/www.silkeaichhorn.de\/en\/wp-json\/wp\/v2\/media\/4770"}],"wp:attachment":[{"href":"https:\/\/www.silkeaichhorn.de\/en\/wp-json\/wp\/v2\/media?parent=4768"}],"wp:term":[{"taxonomy":"product_brand","embeddable":true,"href":"https:\/\/www.silkeaichhorn.de\/en\/wp-json\/wp\/v2\/product_brand?post=4768"},{"taxonomy":"product_cat","embeddable":true,"href":"https:\/\/www.silkeaichhorn.de\/en\/wp-json\/wp\/v2\/product_cat?post=4768"},{"taxonomy":"product_tag","embeddable":true,"href":"https:\/\/www.silkeaichhorn.de\/en\/wp-json\/wp\/v2\/product_tag?post=4768"}],"curies":[{"name":"wp","href":"https:\/\/api.w.org\/{rel}","templated":true}]}}