{"id":4771,"date":"2025-05-20T16:14:30","date_gmt":"2025-05-20T14:14:30","guid":{"rendered":"https:\/\/www.silkeaichhorn.de\/produkt\/buch-nr-2-frohlocken-leichtgemacht-neue-skurrile-geschichten-hm-127\/"},"modified":"2025-05-20T16:14:30","modified_gmt":"2025-05-20T14:14:30","slug":"buch-nr-2-frohlocken-leichtgemacht-neue-skurrile-geschichten-hm-127","status":"publish","type":"product","link":"https:\/\/www.silkeaichhorn.de\/en\/product\/buch-nr-2-frohlocken-leichtgemacht-neue-skurrile-geschichten-hm-127\/","title":{"rendered":"BUCH Nr.2: Frohlocken leichtgemacht!?- Neue skurrile Geschichten HM 127"},"content":{"rendered":"<p style=\"font-weight: 400;\"><strong>J\u00f6rg Lengersdorf Geiger Moderator<\/strong><\/p>\n<p style=\"font-weight: 400;\">Silke Aichhorn schreibt so erfrischend-witzig wie das Leben und das Sterben manchmal tats\u00e4chlich ist. Immer aus dem Blick des beobachtenden Zaungastes an der Harfe. Endlich eine M\u00f6glichkeit M\u00e4uschen zu spielen. Herrlich menschelnd!<\/p>\n<p style=\"font-weight: 400;\"><strong>Franziska Wanninger Kabarettistin Autorin Schauspielerin und Podcasterin aus Bayern<\/strong><\/p>\n<p style=\"font-weight: 400;\">\u201eSelten gelingt es in der Musik im Film oder in der Literatur dass die Fortsetzung eines gro\u00dfen Werkes die Nummer 2 also folgend der Nummer 1 dem Erstling gleichkommt oder diesen gar \u00fcbertrifft. Dies ist Silke Aichhorn mit ihrem zweiten Buch \u00fcber ihren Alltag mit wegen und oft trotz der Harfe meisterlich gelungen.<\/p>\n<p style=\"font-weight: 400;\">Die Begebenheiten Erlebnisse und Anekdoten die Silke Aichhorn frisch von der Leber mit Witz Humor und einer gro\u00dfen Portion Einf\u00fchlungsverm\u00f6gen in die Psyche ihrer lieben Mitmenschen erz\u00e4hlt m\u00f6gen das Wissen das Verst\u00e4ndnis f\u00fcr und den Respekt vor diesem eleganten und dennoch monstr\u00f6sen Musikinstrument Harfe allgemein verbessern. Ich freue mich schon auf Buch Nummer 3!\u201c<\/p>\n<p style=\"font-weight: 400;\"><strong>Ernst Walch Direktoriumsmitglied World Harp Congress Inc. Rechtsanwalt und Au\u00dfenminister a.D. Liechtenstein ewiger Harfenspieleranf\u00e4nger<\/strong><\/p>\n<p style=\"font-weight: 400;\">&#8220;Fr\u00fcher waren B\u00fccher mit Musikeranekdoten Bestseller. Umso erfreulicher ist dass Silke Aichhorn diese Tradition fortsetzt und das mit einem Instrument das sonst eher seri\u00f6s und &#8220;heilig&#8221; daherkommt: der Harfe. Alle Geschichten in diesem Buch sind wahr und ihre Komik entsteht sehr oft aus den logistischen Problemen die alle Harfenistinnen mit ihrem Instrument t\u00e4glich erleben. Aber auch durch die skurrilen Menschen mit denen sie zu tun bekommt. Ein kleines Glossar macht das Buch auch f\u00fcr Nichtmusiker zug\u00e4nglich und gerade diese werden staunen was eine Harfenistin alles erleben kann. Meine gro\u00dfe Empfehlung!&#8221;<\/p>\n<p style=\"font-weight: 400;\"><strong>Moritz Eggert Komponist Pianist Kolumnist Pr\u00e4sident des Deutschen Komponist:innenverbandes<\/strong><\/p>\n<p><a href=\"https:\/\/o-ton.online\/medien\/o-ton-buch-frohlocken-leichtgemacht-hoelscher-230504\/\">Rezension vom Magazin O-Ton<\/a><\/p>\n<p>Zum dazugeh\u00f6rigen\u00a0<strong>H\u00f6rbuch<\/strong> gehts <a href=\"https:\/\/www.silkeaichhorn.de\/produkt\/hoerbuch-frohlocken-leichtgemacht-von-mir-gelesen-nur-fuer-mp3-faehige-geraete-hm-121-kopie\">hier<\/a><\/p>\n<h2><strong>ISBN-Nr: 978-3-981788044<\/strong><\/h2>\n<p>F\u00fcr Buchhandlungen: Auslieferung auch durch S\u00fcdost Service GmbH &#8211; Am Steinfeld 4 &#8211; 94065 Waldkirchen (oder noch schneller: direkt bei mir <a href=\"mailto:Silke@aichhorn.de\">Silke@aichhorn.de<\/a> oder <a href=\"tel:00491714166160\">0171-4166160<\/a><\/p>\n<span class=\"et_bloom_bottom_trigger\"><\/span>","protected":false},"excerpt":{"rendered":"<p style=\"font-weight: 400;\">Silke Aichhorn &#8211; die Frau mit der Poleposition bei Petrus und der Lizenz zum Zupfen!<\/p>\n<p style=\"font-weight: 400;\">Wie schon in ihrem ersten Band \u201eLebensl\u00e4nglich Frohlocken\u201c (aktuell 7000 verkaufte Exemplare) nimmt eine der aktivsten europ\u00e4ischen Harfensolistinnen ihre Leser mit in den oft sehr unglamour\u00f6sen Musikeralltag.<\/p>\n<p style=\"font-weight: 400;\">Lesen Sie staunen Sie!<\/p>\n<p style=\"font-weight: 400;\">Vielleicht geht es Ihnen dann wie diesen Lesern:<\/p>\n<p style=\"font-weight: 400;\">\u201eWir sind seit \u00fcber 50 Jahren verheiratet und streiten selten aber es w\u00e4re fast eskaliert wer als n\u00e4chster weiterlesen darf\u2026!\u201c<\/p>\n<p style=\"font-weight: 400;\">\u201eIch habe die ganze Nacht gelacht wann kommt das n\u00e4chste Buch?\u201c<\/p>\n<p style=\"font-weight: 400;\">\u201eMir ging es nicht gut aber Ihr Buch hat mich echt aus dem Loch geholt!\u201c<\/p>\n<p style=\"font-weight: 400;\">\u201eMein Vater ist 85 und hat noch nie ein Buch gelesen aber ihres hat er verschlungen!\u201c<\/p>\n<p style=\"font-weight: 400;\">\u201eWarum auch Harfenengel sich auf heiligem Boden die F\u00fc\u00dfe verbrennen und warum Schweine auf der Autobahn himmlischen Harmonien buchst\u00e4blich im Weg stehen? Silke Aichhorn kurvt einmal mehr auf Seitentrassen durch den skurrilen Alltag einer hauptberuflichen Harfenistin. Und das oft atemberaubend unterhaltsam.\u201c<\/p>\n","protected":false},"featured_media":4772,"comment_status":"open","ping_status":"closed","template":"","meta":{"_et_pb_use_builder":"","_et_pb_old_content":"","_et_gb_content_width":"","inline_featured_image":false},"product_brand":[],"product_cat":[89],"product_tag":[],"class_list":{"0":"post-4771","1":"product","2":"type-product","3":"status-publish","4":"has-post-thumbnail","6":"product_cat-books","8":"first","9":"instock","10":"taxable","11":"shipping-taxable","12":"purchasable","13":"product-type-simple"},"yoast_head":"<!-- This site is optimized with the Yoast SEO plugin v27.4 - https:\/\/yoast.com\/product\/yoast-seo-wordpress\/ -->\n<title>BUCH Nr.2: Frohlocken leichtgemacht!?- Neue skurrile Geschichten HM 127 - Harfenistin Silke Aichhorn<\/title>\n<meta name=\"robots\" content=\"index, follow, max-snippet:-1, max-image-preview:large, max-video-preview:-1\" \/>\n<link rel=\"canonical\" href=\"https:\/\/www.silkeaichhorn.de\/en\/product\/buch-nr-2-frohlocken-leichtgemacht-neue-skurrile-geschichten-hm-127\/\" \/>\n<meta property=\"og:locale\" content=\"en_US\" \/>\n<meta property=\"og:type\" content=\"article\" \/>\n<meta property=\"og:title\" content=\"BUCH Nr.2: Frohlocken leichtgemacht!?- Neue skurrile Geschichten HM 127 - Harfenistin Silke Aichhorn\" \/>\n<meta property=\"og:description\" content=\"Silke Aichhorn - die Frau mit der Poleposition bei Petrus und der Lizenz zum Zupfen! Wie schon in ihrem ersten Band \u201eLebensl\u00e4nglich Frohlocken\u201c (aktuell 7000 verkaufte Exemplare) nimmt eine der aktivsten europ\u00e4ischen Harfensolistinnen ihre Leser mit in den oft sehr unglamour\u00f6sen Musikeralltag. Lesen Sie staunen Sie! Vielleicht geht es Ihnen dann wie diesen Lesern: \u201eWir sind seit \u00fcber 50 Jahren verheiratet und streiten selten aber es w\u00e4re fast eskaliert wer als n\u00e4chster weiterlesen darf\u2026!\u201c \u201eIch habe die ganze Nacht gelacht wann kommt das n\u00e4chste Buch?\u201c \u201eMir ging es nicht gut aber Ihr Buch hat mich echt aus dem Loch geholt!\u201c \u201eMein Vater ist 85 und hat noch nie ein Buch gelesen aber ihres hat er verschlungen!\u201c \u201eWarum auch Harfenengel sich auf heiligem Boden die F\u00fc\u00dfe verbrennen und warum Schweine auf der Autobahn himmlischen Harmonien buchst\u00e4blich im Weg stehen? Silke Aichhorn kurvt einmal mehr auf Seitentrassen durch den skurrilen Alltag einer hauptberuflichen Harfenistin. Und das oft atemberaubend unterhaltsam.\u201c\" \/>\n<meta property=\"og:url\" content=\"https:\/\/www.silkeaichhorn.de\/en\/product\/buch-nr-2-frohlocken-leichtgemacht-neue-skurrile-geschichten-hm-127\/\" \/>\n<meta property=\"og:site_name\" content=\"Harfenistin Silke Aichhorn\" \/>\n<meta name=\"twitter:card\" content=\"summary_large_image\" \/>\n<meta name=\"twitter:label1\" content=\"Est. reading time\" \/>\n\t<meta name=\"twitter:data1\" content=\"2 minutes\" \/>\n<script type=\"application\/ld+json\" class=\"yoast-schema-graph\">{\"@context\":\"https:\\\/\\\/schema.org\",\"@graph\":[{\"@type\":\"WebPage\",\"@id\":\"https:\\\/\\\/www.silkeaichhorn.de\\\/en\\\/product\\\/buch-nr-2-frohlocken-leichtgemacht-neue-skurrile-geschichten-hm-127\\\/\",\"url\":\"https:\\\/\\\/www.silkeaichhorn.de\\\/en\\\/product\\\/buch-nr-2-frohlocken-leichtgemacht-neue-skurrile-geschichten-hm-127\\\/\",\"name\":\"BUCH Nr.2: Frohlocken leichtgemacht!?- Neue skurrile Geschichten HM 127 - Harfenistin Silke Aichhorn\",\"isPartOf\":{\"@id\":\"https:\\\/\\\/www.silkeaichhorn.de\\\/en\\\/#website\"},\"primaryImageOfPage\":{\"@id\":\"https:\\\/\\\/www.silkeaichhorn.de\\\/en\\\/product\\\/buch-nr-2-frohlocken-leichtgemacht-neue-skurrile-geschichten-hm-127\\\/#primaryimage\"},\"image\":{\"@id\":\"https:\\\/\\\/www.silkeaichhorn.de\\\/en\\\/product\\\/buch-nr-2-frohlocken-leichtgemacht-neue-skurrile-geschichten-hm-127\\\/#primaryimage\"},\"thumbnailUrl\":\"https:\\\/\\\/egi9mkoi56j.exactdn.com\\\/wp-content\\\/uploads\\\/2025\\\/05\\\/Shop-Buch2-Frohlocken-leichtgemacht.jpg?strip=all\",\"datePublished\":\"2025-05-20T14:14:30+00:00\",\"breadcrumb\":{\"@id\":\"https:\\\/\\\/www.silkeaichhorn.de\\\/en\\\/product\\\/buch-nr-2-frohlocken-leichtgemacht-neue-skurrile-geschichten-hm-127\\\/#breadcrumb\"},\"inLanguage\":\"en-US\",\"potentialAction\":[{\"@type\":\"ReadAction\",\"target\":[\"https:\\\/\\\/www.silkeaichhorn.de\\\/en\\\/product\\\/buch-nr-2-frohlocken-leichtgemacht-neue-skurrile-geschichten-hm-127\\\/\"]}]},{\"@type\":\"ImageObject\",\"inLanguage\":\"en-US\",\"@id\":\"https:\\\/\\\/www.silkeaichhorn.de\\\/en\\\/product\\\/buch-nr-2-frohlocken-leichtgemacht-neue-skurrile-geschichten-hm-127\\\/#primaryimage\",\"url\":\"https:\\\/\\\/egi9mkoi56j.exactdn.com\\\/wp-content\\\/uploads\\\/2025\\\/05\\\/Shop-Buch2-Frohlocken-leichtgemacht.jpg?strip=all\",\"contentUrl\":\"https:\\\/\\\/egi9mkoi56j.exactdn.com\\\/wp-content\\\/uploads\\\/2025\\\/05\\\/Shop-Buch2-Frohlocken-leichtgemacht.jpg?strip=all\",\"width\":2000,\"height\":2000},{\"@type\":\"BreadcrumbList\",\"@id\":\"https:\\\/\\\/www.silkeaichhorn.de\\\/en\\\/product\\\/buch-nr-2-frohlocken-leichtgemacht-neue-skurrile-geschichten-hm-127\\\/#breadcrumb\",\"itemListElement\":[{\"@type\":\"ListItem\",\"position\":1,\"name\":\"Startseite\",\"item\":\"https:\\\/\\\/www.silkeaichhorn.de\\\/en\\\/\"},{\"@type\":\"ListItem\",\"position\":2,\"name\":\"Shop\",\"item\":\"https:\\\/\\\/www.silkeaichhorn.de\\\/en\\\/shop\\\/\"},{\"@type\":\"ListItem\",\"position\":3,\"name\":\"BUCH Nr.2: Frohlocken leichtgemacht!?- Neue skurrile Geschichten HM 127\"}]},{\"@type\":\"WebSite\",\"@id\":\"https:\\\/\\\/www.silkeaichhorn.de\\\/en\\\/#website\",\"url\":\"https:\\\/\\\/www.silkeaichhorn.de\\\/en\\\/\",\"name\":\"Harfenistin Silke Aichhorn\",\"description\":\"\",\"potentialAction\":[{\"@type\":\"SearchAction\",\"target\":{\"@type\":\"EntryPoint\",\"urlTemplate\":\"https:\\\/\\\/www.silkeaichhorn.de\\\/en\\\/?s={search_term_string}\"},\"query-input\":{\"@type\":\"PropertyValueSpecification\",\"valueRequired\":true,\"valueName\":\"search_term_string\"}}],\"inLanguage\":\"en-US\"}]}<\/script>\n<!-- \/ Yoast SEO plugin. -->","yoast_head_json":{"title":"BUCH Nr.2: Frohlocken leichtgemacht!?- Neue skurrile Geschichten HM 127 - Harfenistin Silke Aichhorn","robots":{"index":"index","follow":"follow","max-snippet":"max-snippet:-1","max-image-preview":"max-image-preview:large","max-video-preview":"max-video-preview:-1"},"canonical":"https:\/\/www.silkeaichhorn.de\/en\/product\/buch-nr-2-frohlocken-leichtgemacht-neue-skurrile-geschichten-hm-127\/","og_locale":"en_US","og_type":"article","og_title":"BUCH Nr.2: Frohlocken leichtgemacht!?- Neue skurrile Geschichten HM 127 - Harfenistin Silke Aichhorn","og_description":"Silke Aichhorn - die Frau mit der Poleposition bei Petrus und der Lizenz zum Zupfen! Wie schon in ihrem ersten Band \u201eLebensl\u00e4nglich Frohlocken\u201c (aktuell 7000 verkaufte Exemplare) nimmt eine der aktivsten europ\u00e4ischen Harfensolistinnen ihre Leser mit in den oft sehr unglamour\u00f6sen Musikeralltag. Lesen Sie staunen Sie! Vielleicht geht es Ihnen dann wie diesen Lesern: \u201eWir sind seit \u00fcber 50 Jahren verheiratet und streiten selten aber es w\u00e4re fast eskaliert wer als n\u00e4chster weiterlesen darf\u2026!\u201c \u201eIch habe die ganze Nacht gelacht wann kommt das n\u00e4chste Buch?\u201c \u201eMir ging es nicht gut aber Ihr Buch hat mich echt aus dem Loch geholt!\u201c \u201eMein Vater ist 85 und hat noch nie ein Buch gelesen aber ihres hat er verschlungen!\u201c \u201eWarum auch Harfenengel sich auf heiligem Boden die F\u00fc\u00dfe verbrennen und warum Schweine auf der Autobahn himmlischen Harmonien buchst\u00e4blich im Weg stehen? Silke Aichhorn kurvt einmal mehr auf Seitentrassen durch den skurrilen Alltag einer hauptberuflichen Harfenistin. Und das oft atemberaubend unterhaltsam.\u201c","og_url":"https:\/\/www.silkeaichhorn.de\/en\/product\/buch-nr-2-frohlocken-leichtgemacht-neue-skurrile-geschichten-hm-127\/","og_site_name":"Harfenistin Silke Aichhorn","twitter_card":"summary_large_image","twitter_misc":{"Est. reading time":"2 minutes"},"schema":{"@context":"https:\/\/schema.org","@graph":[{"@type":"WebPage","@id":"https:\/\/www.silkeaichhorn.de\/en\/product\/buch-nr-2-frohlocken-leichtgemacht-neue-skurrile-geschichten-hm-127\/","url":"https:\/\/www.silkeaichhorn.de\/en\/product\/buch-nr-2-frohlocken-leichtgemacht-neue-skurrile-geschichten-hm-127\/","name":"BUCH Nr.2: Frohlocken leichtgemacht!?- Neue skurrile Geschichten HM 127 - Harfenistin Silke Aichhorn","isPartOf":{"@id":"https:\/\/www.silkeaichhorn.de\/en\/#website"},"primaryImageOfPage":{"@id":"https:\/\/www.silkeaichhorn.de\/en\/product\/buch-nr-2-frohlocken-leichtgemacht-neue-skurrile-geschichten-hm-127\/#primaryimage"},"image":{"@id":"https:\/\/www.silkeaichhorn.de\/en\/product\/buch-nr-2-frohlocken-leichtgemacht-neue-skurrile-geschichten-hm-127\/#primaryimage"},"thumbnailUrl":"https:\/\/egi9mkoi56j.exactdn.com\/wp-content\/uploads\/2025\/05\/Shop-Buch2-Frohlocken-leichtgemacht.jpg?strip=all","datePublished":"2025-05-20T14:14:30+00:00","breadcrumb":{"@id":"https:\/\/www.silkeaichhorn.de\/en\/product\/buch-nr-2-frohlocken-leichtgemacht-neue-skurrile-geschichten-hm-127\/#breadcrumb"},"inLanguage":"en-US","potentialAction":[{"@type":"ReadAction","target":["https:\/\/www.silkeaichhorn.de\/en\/product\/buch-nr-2-frohlocken-leichtgemacht-neue-skurrile-geschichten-hm-127\/"]}]},{"@type":"ImageObject","inLanguage":"en-US","@id":"https:\/\/www.silkeaichhorn.de\/en\/product\/buch-nr-2-frohlocken-leichtgemacht-neue-skurrile-geschichten-hm-127\/#primaryimage","url":"https:\/\/egi9mkoi56j.exactdn.com\/wp-content\/uploads\/2025\/05\/Shop-Buch2-Frohlocken-leichtgemacht.jpg?strip=all","contentUrl":"https:\/\/egi9mkoi56j.exactdn.com\/wp-content\/uploads\/2025\/05\/Shop-Buch2-Frohlocken-leichtgemacht.jpg?strip=all","width":2000,"height":2000},{"@type":"BreadcrumbList","@id":"https:\/\/www.silkeaichhorn.de\/en\/product\/buch-nr-2-frohlocken-leichtgemacht-neue-skurrile-geschichten-hm-127\/#breadcrumb","itemListElement":[{"@type":"ListItem","position":1,"name":"Startseite","item":"https:\/\/www.silkeaichhorn.de\/en\/"},{"@type":"ListItem","position":2,"name":"Shop","item":"https:\/\/www.silkeaichhorn.de\/en\/shop\/"},{"@type":"ListItem","position":3,"name":"BUCH Nr.2: Frohlocken leichtgemacht!?- Neue skurrile Geschichten HM 127"}]},{"@type":"WebSite","@id":"https:\/\/www.silkeaichhorn.de\/en\/#website","url":"https:\/\/www.silkeaichhorn.de\/en\/","name":"Harfenistin Silke Aichhorn","description":"","potentialAction":[{"@type":"SearchAction","target":{"@type":"EntryPoint","urlTemplate":"https:\/\/www.silkeaichhorn.de\/en\/?s={search_term_string}"},"query-input":{"@type":"PropertyValueSpecification","valueRequired":true,"valueName":"search_term_string"}}],"inLanguage":"en-US"}]}},"_links":{"self":[{"href":"https:\/\/www.silkeaichhorn.de\/en\/wp-json\/wp\/v2\/product\/4771","targetHints":{"allow":["GET"]}}],"collection":[{"href":"https:\/\/www.silkeaichhorn.de\/en\/wp-json\/wp\/v2\/product"}],"about":[{"href":"https:\/\/www.silkeaichhorn.de\/en\/wp-json\/wp\/v2\/types\/product"}],"replies":[{"embeddable":true,"href":"https:\/\/www.silkeaichhorn.de\/en\/wp-json\/wp\/v2\/comments?post=4771"}],"wp:featuredmedia":[{"embeddable":true,"href":"https:\/\/www.silkeaichhorn.de\/en\/wp-json\/wp\/v2\/media\/4772"}],"wp:attachment":[{"href":"https:\/\/www.silkeaichhorn.de\/en\/wp-json\/wp\/v2\/media?parent=4771"}],"wp:term":[{"taxonomy":"product_brand","embeddable":true,"href":"https:\/\/www.silkeaichhorn.de\/en\/wp-json\/wp\/v2\/product_brand?post=4771"},{"taxonomy":"product_cat","embeddable":true,"href":"https:\/\/www.silkeaichhorn.de\/en\/wp-json\/wp\/v2\/product_cat?post=4771"},{"taxonomy":"product_tag","embeddable":true,"href":"https:\/\/www.silkeaichhorn.de\/en\/wp-json\/wp\/v2\/product_tag?post=4771"}],"curies":[{"name":"wp","href":"https:\/\/api.w.org\/{rel}","templated":true}]}}