{"id":4773,"date":"2025-05-20T16:14:30","date_gmt":"2025-05-20T14:14:30","guid":{"rendered":"https:\/\/www.silkeaichhorn.de\/produkt\/hoerbuch-frohlocken-leichtgemacht-von-mir-gelesen-nur-fuer-mp3-faehige-geraete-hm-128\/"},"modified":"2025-05-20T16:14:30","modified_gmt":"2025-05-20T14:14:30","slug":"hoerbuch-frohlocken-leichtgemacht-von-mir-gelesen-nur-fuer-mp3-faehige-geraete-hm-128","status":"publish","type":"product","link":"https:\/\/www.silkeaichhorn.de\/en\/product\/hoerbuch-frohlocken-leichtgemacht-von-mir-gelesen-nur-fuer-mp3-faehige-geraete-hm-128\/","title":{"rendered":"H\u00d6RBUCH Frohlocken leichtgemacht!? &#8211; von mir gelesen &#8211; nur f\u00fcr mp3-f\u00e4hige Ger\u00e4te! HM 128"},"content":{"rendered":"<p>Gesamtdauer 5:24 (ohne Musik)<\/p>\n<span class=\"et_bloom_bottom_trigger\"><\/span>","protected":false},"excerpt":{"rendered":"<p>Auch im zweiten H\u00f6rbuch der smarten Harfenistin dreht sich alles um die skurrilen Erlebnisse aus dem ereignisreichen Konzertleben. Wieder hat Silke Aichhorn pointiert selbstironisch und mit umwerfend trockenem Humor ihre wahren Geschichten eingelesen.<\/p>\n<p>Ein Schl\u00fcssellochblick auf missgl\u00fcckte Beerdigungen pandemiebedingte Konzert-Irritationen absurde Harfentransporte tiefgek\u00fchlte Fernsehaufzeichnungen und aus dem Ruder laufende Konzertreisen.<\/p>\n<p>Das Buch liest sich in einem Rutsch durch. Nach dem Lesevergn\u00fcgen folgt nun das au\u00dfergew\u00f6hnliche H\u00f6rvergn\u00fcgen. Beides ein Muss nicht nur f\u00fcr Harfen-Freaks.<\/p>\n","protected":false},"featured_media":4774,"comment_status":"open","ping_status":"closed","template":"","meta":{"_et_pb_use_builder":"","_et_pb_old_content":"","_et_gb_content_width":"","inline_featured_image":false},"product_brand":[],"product_cat":[98],"product_tag":[],"class_list":{"0":"post-4773","1":"product","2":"type-product","3":"status-publish","4":"has-post-thumbnail","6":"product_cat-audiobooks-only-for-mp3-compatible-players","8":"first","9":"instock","10":"taxable","11":"shipping-taxable","12":"purchasable","13":"product-type-simple"},"yoast_head":"<!-- This site is optimized with the Yoast SEO plugin v27.4 - https:\/\/yoast.com\/product\/yoast-seo-wordpress\/ -->\n<title>H\u00d6RBUCH Frohlocken leichtgemacht!? - von mir gelesen - nur f\u00fcr mp3-f\u00e4hige Ger\u00e4te! HM 128 - Harfenistin Silke Aichhorn<\/title>\n<meta name=\"robots\" content=\"index, follow, max-snippet:-1, max-image-preview:large, max-video-preview:-1\" \/>\n<link rel=\"canonical\" href=\"https:\/\/www.silkeaichhorn.de\/en\/product\/hoerbuch-frohlocken-leichtgemacht-von-mir-gelesen-nur-fuer-mp3-faehige-geraete-hm-128\/\" \/>\n<meta property=\"og:locale\" content=\"en_US\" \/>\n<meta property=\"og:type\" content=\"article\" \/>\n<meta property=\"og:title\" content=\"H\u00d6RBUCH Frohlocken leichtgemacht!? - von mir gelesen - nur f\u00fcr mp3-f\u00e4hige Ger\u00e4te! HM 128 - Harfenistin Silke Aichhorn\" \/>\n<meta property=\"og:description\" content=\"Auch im zweiten H\u00f6rbuch der smarten Harfenistin dreht sich alles um die skurrilen Erlebnisse aus dem ereignisreichen Konzertleben. Wieder hat Silke Aichhorn pointiert selbstironisch und mit umwerfend trockenem Humor ihre wahren Geschichten eingelesen.  Ein Schl\u00fcssellochblick auf missgl\u00fcckte Beerdigungen pandemiebedingte Konzert-Irritationen absurde Harfentransporte tiefgek\u00fchlte Fernsehaufzeichnungen und aus dem Ruder laufende Konzertreisen.  Das Buch liest sich in einem Rutsch durch. Nach dem Lesevergn\u00fcgen folgt nun das au\u00dfergew\u00f6hnliche H\u00f6rvergn\u00fcgen. Beides ein Muss nicht nur f\u00fcr Harfen-Freaks.\" \/>\n<meta property=\"og:url\" content=\"https:\/\/www.silkeaichhorn.de\/en\/product\/hoerbuch-frohlocken-leichtgemacht-von-mir-gelesen-nur-fuer-mp3-faehige-geraete-hm-128\/\" \/>\n<meta property=\"og:site_name\" content=\"Harfenistin Silke Aichhorn\" \/>\n<meta name=\"twitter:card\" content=\"summary_large_image\" \/>\n<script type=\"application\/ld+json\" class=\"yoast-schema-graph\">{\"@context\":\"https:\\\/\\\/schema.org\",\"@graph\":[{\"@type\":\"WebPage\",\"@id\":\"https:\\\/\\\/www.silkeaichhorn.de\\\/en\\\/product\\\/hoerbuch-frohlocken-leichtgemacht-von-mir-gelesen-nur-fuer-mp3-faehige-geraete-hm-128\\\/\",\"url\":\"https:\\\/\\\/www.silkeaichhorn.de\\\/en\\\/product\\\/hoerbuch-frohlocken-leichtgemacht-von-mir-gelesen-nur-fuer-mp3-faehige-geraete-hm-128\\\/\",\"name\":\"H\u00d6RBUCH Frohlocken leichtgemacht!? - von mir gelesen - nur f\u00fcr mp3-f\u00e4hige Ger\u00e4te! HM 128 - Harfenistin Silke Aichhorn\",\"isPartOf\":{\"@id\":\"https:\\\/\\\/www.silkeaichhorn.de\\\/en\\\/#website\"},\"primaryImageOfPage\":{\"@id\":\"https:\\\/\\\/www.silkeaichhorn.de\\\/en\\\/product\\\/hoerbuch-frohlocken-leichtgemacht-von-mir-gelesen-nur-fuer-mp3-faehige-geraete-hm-128\\\/#primaryimage\"},\"image\":{\"@id\":\"https:\\\/\\\/www.silkeaichhorn.de\\\/en\\\/product\\\/hoerbuch-frohlocken-leichtgemacht-von-mir-gelesen-nur-fuer-mp3-faehige-geraete-hm-128\\\/#primaryimage\"},\"thumbnailUrl\":\"https:\\\/\\\/egi9mkoi56j.exactdn.com\\\/wp-content\\\/uploads\\\/2025\\\/05\\\/Bildschirmfoto-2025-10-08-um-17.11.04.jpg?strip=all\",\"datePublished\":\"2025-05-20T14:14:30+00:00\",\"breadcrumb\":{\"@id\":\"https:\\\/\\\/www.silkeaichhorn.de\\\/en\\\/product\\\/hoerbuch-frohlocken-leichtgemacht-von-mir-gelesen-nur-fuer-mp3-faehige-geraete-hm-128\\\/#breadcrumb\"},\"inLanguage\":\"en-US\",\"potentialAction\":[{\"@type\":\"ReadAction\",\"target\":[\"https:\\\/\\\/www.silkeaichhorn.de\\\/en\\\/product\\\/hoerbuch-frohlocken-leichtgemacht-von-mir-gelesen-nur-fuer-mp3-faehige-geraete-hm-128\\\/\"]}]},{\"@type\":\"ImageObject\",\"inLanguage\":\"en-US\",\"@id\":\"https:\\\/\\\/www.silkeaichhorn.de\\\/en\\\/product\\\/hoerbuch-frohlocken-leichtgemacht-von-mir-gelesen-nur-fuer-mp3-faehige-geraete-hm-128\\\/#primaryimage\",\"url\":\"https:\\\/\\\/egi9mkoi56j.exactdn.com\\\/wp-content\\\/uploads\\\/2025\\\/05\\\/Bildschirmfoto-2025-10-08-um-17.11.04.jpg?strip=all\",\"contentUrl\":\"https:\\\/\\\/egi9mkoi56j.exactdn.com\\\/wp-content\\\/uploads\\\/2025\\\/05\\\/Bildschirmfoto-2025-10-08-um-17.11.04.jpg?strip=all\",\"width\":736,\"height\":628},{\"@type\":\"BreadcrumbList\",\"@id\":\"https:\\\/\\\/www.silkeaichhorn.de\\\/en\\\/product\\\/hoerbuch-frohlocken-leichtgemacht-von-mir-gelesen-nur-fuer-mp3-faehige-geraete-hm-128\\\/#breadcrumb\",\"itemListElement\":[{\"@type\":\"ListItem\",\"position\":1,\"name\":\"Startseite\",\"item\":\"https:\\\/\\\/www.silkeaichhorn.de\\\/en\\\/\"},{\"@type\":\"ListItem\",\"position\":2,\"name\":\"Shop\",\"item\":\"https:\\\/\\\/www.silkeaichhorn.de\\\/en\\\/shop\\\/\"},{\"@type\":\"ListItem\",\"position\":3,\"name\":\"H\u00d6RBUCH Frohlocken leichtgemacht!? &#8211; von mir gelesen &#8211; nur f\u00fcr mp3-f\u00e4hige Ger\u00e4te! HM 128\"}]},{\"@type\":\"WebSite\",\"@id\":\"https:\\\/\\\/www.silkeaichhorn.de\\\/en\\\/#website\",\"url\":\"https:\\\/\\\/www.silkeaichhorn.de\\\/en\\\/\",\"name\":\"Harfenistin Silke Aichhorn\",\"description\":\"\",\"potentialAction\":[{\"@type\":\"SearchAction\",\"target\":{\"@type\":\"EntryPoint\",\"urlTemplate\":\"https:\\\/\\\/www.silkeaichhorn.de\\\/en\\\/?s={search_term_string}\"},\"query-input\":{\"@type\":\"PropertyValueSpecification\",\"valueRequired\":true,\"valueName\":\"search_term_string\"}}],\"inLanguage\":\"en-US\"}]}<\/script>\n<!-- \/ Yoast SEO plugin. -->","yoast_head_json":{"title":"H\u00d6RBUCH Frohlocken leichtgemacht!? - von mir gelesen - nur f\u00fcr mp3-f\u00e4hige Ger\u00e4te! HM 128 - Harfenistin Silke Aichhorn","robots":{"index":"index","follow":"follow","max-snippet":"max-snippet:-1","max-image-preview":"max-image-preview:large","max-video-preview":"max-video-preview:-1"},"canonical":"https:\/\/www.silkeaichhorn.de\/en\/product\/hoerbuch-frohlocken-leichtgemacht-von-mir-gelesen-nur-fuer-mp3-faehige-geraete-hm-128\/","og_locale":"en_US","og_type":"article","og_title":"H\u00d6RBUCH Frohlocken leichtgemacht!? - von mir gelesen - nur f\u00fcr mp3-f\u00e4hige Ger\u00e4te! HM 128 - Harfenistin Silke Aichhorn","og_description":"Auch im zweiten H\u00f6rbuch der smarten Harfenistin dreht sich alles um die skurrilen Erlebnisse aus dem ereignisreichen Konzertleben. Wieder hat Silke Aichhorn pointiert selbstironisch und mit umwerfend trockenem Humor ihre wahren Geschichten eingelesen.  Ein Schl\u00fcssellochblick auf missgl\u00fcckte Beerdigungen pandemiebedingte Konzert-Irritationen absurde Harfentransporte tiefgek\u00fchlte Fernsehaufzeichnungen und aus dem Ruder laufende Konzertreisen.  Das Buch liest sich in einem Rutsch durch. Nach dem Lesevergn\u00fcgen folgt nun das au\u00dfergew\u00f6hnliche H\u00f6rvergn\u00fcgen. Beides ein Muss nicht nur f\u00fcr Harfen-Freaks.","og_url":"https:\/\/www.silkeaichhorn.de\/en\/product\/hoerbuch-frohlocken-leichtgemacht-von-mir-gelesen-nur-fuer-mp3-faehige-geraete-hm-128\/","og_site_name":"Harfenistin Silke Aichhorn","twitter_card":"summary_large_image","schema":{"@context":"https:\/\/schema.org","@graph":[{"@type":"WebPage","@id":"https:\/\/www.silkeaichhorn.de\/en\/product\/hoerbuch-frohlocken-leichtgemacht-von-mir-gelesen-nur-fuer-mp3-faehige-geraete-hm-128\/","url":"https:\/\/www.silkeaichhorn.de\/en\/product\/hoerbuch-frohlocken-leichtgemacht-von-mir-gelesen-nur-fuer-mp3-faehige-geraete-hm-128\/","name":"H\u00d6RBUCH Frohlocken leichtgemacht!? - von mir gelesen - nur f\u00fcr mp3-f\u00e4hige Ger\u00e4te! HM 128 - Harfenistin Silke Aichhorn","isPartOf":{"@id":"https:\/\/www.silkeaichhorn.de\/en\/#website"},"primaryImageOfPage":{"@id":"https:\/\/www.silkeaichhorn.de\/en\/product\/hoerbuch-frohlocken-leichtgemacht-von-mir-gelesen-nur-fuer-mp3-faehige-geraete-hm-128\/#primaryimage"},"image":{"@id":"https:\/\/www.silkeaichhorn.de\/en\/product\/hoerbuch-frohlocken-leichtgemacht-von-mir-gelesen-nur-fuer-mp3-faehige-geraete-hm-128\/#primaryimage"},"thumbnailUrl":"https:\/\/egi9mkoi56j.exactdn.com\/wp-content\/uploads\/2025\/05\/Bildschirmfoto-2025-10-08-um-17.11.04.jpg?strip=all","datePublished":"2025-05-20T14:14:30+00:00","breadcrumb":{"@id":"https:\/\/www.silkeaichhorn.de\/en\/product\/hoerbuch-frohlocken-leichtgemacht-von-mir-gelesen-nur-fuer-mp3-faehige-geraete-hm-128\/#breadcrumb"},"inLanguage":"en-US","potentialAction":[{"@type":"ReadAction","target":["https:\/\/www.silkeaichhorn.de\/en\/product\/hoerbuch-frohlocken-leichtgemacht-von-mir-gelesen-nur-fuer-mp3-faehige-geraete-hm-128\/"]}]},{"@type":"ImageObject","inLanguage":"en-US","@id":"https:\/\/www.silkeaichhorn.de\/en\/product\/hoerbuch-frohlocken-leichtgemacht-von-mir-gelesen-nur-fuer-mp3-faehige-geraete-hm-128\/#primaryimage","url":"https:\/\/egi9mkoi56j.exactdn.com\/wp-content\/uploads\/2025\/05\/Bildschirmfoto-2025-10-08-um-17.11.04.jpg?strip=all","contentUrl":"https:\/\/egi9mkoi56j.exactdn.com\/wp-content\/uploads\/2025\/05\/Bildschirmfoto-2025-10-08-um-17.11.04.jpg?strip=all","width":736,"height":628},{"@type":"BreadcrumbList","@id":"https:\/\/www.silkeaichhorn.de\/en\/product\/hoerbuch-frohlocken-leichtgemacht-von-mir-gelesen-nur-fuer-mp3-faehige-geraete-hm-128\/#breadcrumb","itemListElement":[{"@type":"ListItem","position":1,"name":"Startseite","item":"https:\/\/www.silkeaichhorn.de\/en\/"},{"@type":"ListItem","position":2,"name":"Shop","item":"https:\/\/www.silkeaichhorn.de\/en\/shop\/"},{"@type":"ListItem","position":3,"name":"H\u00d6RBUCH Frohlocken leichtgemacht!? &#8211; von mir gelesen &#8211; nur f\u00fcr mp3-f\u00e4hige Ger\u00e4te! HM 128"}]},{"@type":"WebSite","@id":"https:\/\/www.silkeaichhorn.de\/en\/#website","url":"https:\/\/www.silkeaichhorn.de\/en\/","name":"Harfenistin Silke Aichhorn","description":"","potentialAction":[{"@type":"SearchAction","target":{"@type":"EntryPoint","urlTemplate":"https:\/\/www.silkeaichhorn.de\/en\/?s={search_term_string}"},"query-input":{"@type":"PropertyValueSpecification","valueRequired":true,"valueName":"search_term_string"}}],"inLanguage":"en-US"}]}},"_links":{"self":[{"href":"https:\/\/www.silkeaichhorn.de\/en\/wp-json\/wp\/v2\/product\/4773","targetHints":{"allow":["GET"]}}],"collection":[{"href":"https:\/\/www.silkeaichhorn.de\/en\/wp-json\/wp\/v2\/product"}],"about":[{"href":"https:\/\/www.silkeaichhorn.de\/en\/wp-json\/wp\/v2\/types\/product"}],"replies":[{"embeddable":true,"href":"https:\/\/www.silkeaichhorn.de\/en\/wp-json\/wp\/v2\/comments?post=4773"}],"wp:featuredmedia":[{"embeddable":true,"href":"https:\/\/www.silkeaichhorn.de\/en\/wp-json\/wp\/v2\/media\/4774"}],"wp:attachment":[{"href":"https:\/\/www.silkeaichhorn.de\/en\/wp-json\/wp\/v2\/media?parent=4773"}],"wp:term":[{"taxonomy":"product_brand","embeddable":true,"href":"https:\/\/www.silkeaichhorn.de\/en\/wp-json\/wp\/v2\/product_brand?post=4773"},{"taxonomy":"product_cat","embeddable":true,"href":"https:\/\/www.silkeaichhorn.de\/en\/wp-json\/wp\/v2\/product_cat?post=4773"},{"taxonomy":"product_tag","embeddable":true,"href":"https:\/\/www.silkeaichhorn.de\/en\/wp-json\/wp\/v2\/product_tag?post=4773"}],"curies":[{"name":"wp","href":"https:\/\/api.w.org\/{rel}","templated":true}]}}