{"id":4775,"date":"2025-05-20T16:14:30","date_gmt":"2025-05-20T14:14:30","guid":{"rendered":"https:\/\/www.silkeaichhorn.de\/produkt\/miniaturen-5-on-the-road-hm-129\/"},"modified":"2025-05-20T16:14:30","modified_gmt":"2025-05-20T14:14:30","slug":"miniaturen-5-on-the-road-hm-129","status":"publish","type":"product","link":"https:\/\/www.silkeaichhorn.de\/en\/product\/miniaturen-5-on-the-road-hm-129\/","title":{"rendered":"Miniaturen 5 \u2013 on the road- HM 129"},"content":{"rendered":"<ol>\n<li><b>Gabriel Faur\u00e9 (1845\u20131924):<\/b> Impromptu Op.\u202f86 \u2013 8:33<\/li>\n<li><b>Alexandre Tansman (1897\u20131986):<\/b> Pr\u00e9lude Nr.\u202f1 en forme de Blues \u2013 3:59<\/li>\n<li><b>P. I. Tschaikowsky (1840\u20131893):<\/b> Szene aus <i>Schwanensee<\/i> Op.\u202f20a \u2013 3:18<\/li>\n<li><b>Vassili Barvinski (1888\u20131963):<\/b> Dumka \u2013 <i>Contemplation<\/i> \u2013 3:12<\/li>\n<li><b>Albert Zabel (1834\u20131910):<\/b> Gretchen am Spinnrad Op.\u202f19 \u2013 3:32<\/li>\n<li><b>Josef G. Rheinberger (1839\u20131901):<\/b> Hymne nach dem 83. Psalm Op.\u202f35 (Ersteinspielung) \u2013 5:37<\/li>\n<li><b>Domenico Scarlatti (1685\u20131757):<\/b> Sonata K.\u202f208 L.\u202f238 \u2013 2:49<\/li>\n<li><b>Domenico Scarlatti (1685\u20131757):<\/b> Sonata K.\u202f209 L.\u202f428 \u2013 4:25<\/li>\n<li><b>John Thomas (1826\u20131913):<\/b> Watching the Wheat \u2013 4:42<\/li>\n<li><b>Rhett Barnwell (1962):<\/b> The Lord is My Shepherd \u2013 2:02<\/li>\n<li><b>Uno Alexander Vesje (1989):<\/b> <i>Life is Flashing Before My Eyes\u2026<\/i> \u2013 8:31<\/li>\n<li><b>Thomas \u201eFats\u201c Waller (1904\u20131943) \/ Harry Brooks (1895\u20131970):<\/b> Ain\u2019t Misbehavin\u2019 \u2013 2:49<\/li>\n<li><b>Monika Stadler (1963):<\/b> Take a Break \u2013 1:56<\/li>\n<li><b>George Gershwin (1898\u20131937):<\/b> Summertime \u2013 3:58<\/li>\n<li><b>Manuel M. Ponce (1882\u20131948):<\/b> Intermezzo Nr.\u202f1 (Ersteinspielung) \u2013 3:27<\/li>\n<li><b>Jacques Offenbach (1819\u20131880):<\/b> Barcarolle aus <i>Hoffmanns Erz\u00e4hlungen<\/i> (Ersteinspielung) \u2013 3:33<\/li>\n<\/ol>\n<p><b>Gesamtdauer:<\/b> 66 Minuten<\/p>\n<span class=\"et_bloom_bottom_trigger\"><\/span>","protected":false},"excerpt":{"rendered":"<p>Stillstand ist nicht wirklich mein Thema. Dennoch dachte ich nach der 30. CD vor zwei Jahren: Jetzt mache ich mal Pause mit Aufnahmen. Doch regelm\u00e4\u00dfig erreichen mich Anfragen, wann ich denn wohl die n\u00e4chste CD einspiele.<\/p>\n<p>Ich bin ja ohnehin immer auf der Suche nach neuen Werken oder Arrangements und versuche, das nicht wirklich gro\u00dfe Repertoire f\u00fcr mein Instrument weiter auszubauen \u2013 und die Harfe als Soloinstrument noch bekannter zu machen.<\/p>\n<p>Das war\u2019s also mit der Pause \u2013 vor Ihnen liegt CD Nr.\u202f31.<\/p>\n<p>Der Untertitel on the road ergab sich einerseits durch das Programm, das von Mexiko \u00fcber Norwegen bis Liechtenstein reicht.<\/p>\n<p>Und andererseits ist \u201eauf der Stra\u00dfe\u201c unterwegs zu sein ein sehr gro\u00dfer Teil meines Berufes. Nur so kann ich die Harfe zu den Konzertorten bringen.<\/p>\n<p>Nat\u00fcrlich gehe ich lieber auf einen Berg oder bin mit dem Fahrrad an den bayerischen Seen unterwegs, als Stunden auf Autobahnen zu verbringen. Aber f\u00fcr mich hat die Zeit allein im Auto auch positive Seiten.<\/p>\n<p>Durch die permanenten Ortswechsel im Berufsalltag bekomme ich laufend Impulse von au\u00dfen, lerne die unterschiedlichsten Menschen, Landschaften, Geb\u00e4ude und Situationen kennen \u2013 die mich immer ein St\u00fcck weiterbringen.<\/p>\n<p>Daf\u00fcr bin ich sehr dankbar \u2013 genauso f\u00fcr das Gl\u00fcck, am Alpenrand in der N\u00e4he des Chiemsees wohnen zu d\u00fcrfen. Dort kann ich dann perfekt und in k\u00fcrzester Zeit in der sch\u00f6nen Natur abschalten und auftanken.<\/p>\n<p>Fr\u00f6hliches Mitreisen und viel Vergn\u00fcgen beim H\u00f6ren!<br \/>\nUnd ein gro\u00dfes Dankesch\u00f6n an alle, die mich dazu inspiriert haben!<\/p>\n","protected":false},"featured_media":4651,"comment_status":"open","ping_status":"closed","template":"","meta":{"_et_pb_use_builder":"off","_et_pb_old_content":"<p style=\"font-weight: 400\">Gabriel Faur\u00e9\u00a0\u00a0\u00a0\u00a0\u00a0\u00a0\u00a0\u00a0\u00a0\u00a0\u00a0\u00a0 1845-1924\u00a0\u00a0\u00a0\u00a0\u00a0 Impromptu Op.86 \u00a0 \u00a0 \u00a0 \u00a0 \u00a0 \u00a0 \u00a0 \u00a0 \u00a0 \u00a0 \u00a0 \u00a0 \u00a0 \u00a0 \u00a0 \u00a0 \u00a0 \u00a0 \u00a0 \u00a0 \u00a08:33<\/p>\r\n<p style=\"font-weight: 400\">Alexandre Tansman\u00a0\u00a0 1897-1986\u00a0\u00a0\u00a0\u00a0\u00a0 Pr\u00e9ludes Nr.1 en forme de Blues \u00a0 \u00a0 \u00a0 \u00a0 \u00a0 \u00a0 \u00a0 \u00a03:59<\/p>\r\n<p style=\"font-weight: 400\">P.I. Tschaikowsky\u00a0\u00a0\u00a0\u00a0\u00a0\u00a0 1840-1893\u00a0\u00a0\u00a0\u00a0\u00a0 Szene aus Schwanensee Op.20a \u00a0 \u00a0 \u00a0 \u00a0 \u00a0 \u00a0 \u00a0 \u00a03:18<\/p>\r\n<p style=\"font-weight: 400\">Vassili Barvinski\u00a0\u00a0\u00a0\u00a0\u00a0\u00a0\u00a0\u00a0\u00a0 1888-1963\u00a0\u00a0\u00a0\u00a0\u00a0 Dumka- Contemplation \u00a0 \u00a0 \u00a0 \u00a0 \u00a0 \u00a0 \u00a0 \u00a0 \u00a0 \u00a0 \u00a0 \u00a0 \u00a0 \u00a0 \u00a0 3:12<\/p>\r\n<p style=\"font-weight: 400\">Albert Zabel\u00a0\u00a0\u00a0\u00a0\u00a0\u00a0\u00a0\u00a0\u00a0\u00a0\u00a0\u00a0\u00a0\u00a0\u00a0 1834-1910 \u00a0 \u00a0 \u00a0 \u00a0Gretchen am Spinnrad Op.19 \u00a0 \u00a0 \u00a0 \u00a0 \u00a0 \u00a0 \u00a0 \u00a0 \u00a0 \u00a0 \u00a03:32<\/p>\r\n<p style=\"font-weight: 400\">Josef G.Rheinberger. 1839-1901\u00a0\u00a0\u00a0\u00a0\u00a0\u00a0 Hymne nach dem 83. Psalm Op.35* \u00a0 \u00a0 \u00a0 \u00a0 \u00a05:37<\/p>\r\n<p style=\"font-weight: 400\">Domenico Scarlatti\u00a0\u00a0\u00a0\u00a0 1685-1757\u00a0\u00a0\u00a0\u00a0\u00a0 Sonata K.208 L. 238\u00a0\u00a0\u00a0\u00a0\u00a0\u00a0\u00a0\u00a0\u00a0\u00a0\u00a0\u00a0\u00a0\u00a0\u00a0\u00a0\u00a0\u00a0\u00a0\u00a0\u00a0\u00a0\u00a0\u00a0\u00a0\u00a0\u00a0\u00a0\u00a0\u00a0\u00a0\u00a0\u00a0\u00a0\u00a0\u00a0\u00a0 2:49<\/p>\r\n<p style=\"font-weight: 400\">Domenico Scarlatti\u00a0\u00a0\u00a0\u00a0 1685-1757\u00a0\u00a0\u00a0\u00a0\u00a0 Sonata K.209 L.428\u00a0\u00a0\u00a0\u00a0\u00a0\u00a0\u00a0\u00a0\u00a0\u00a0\u00a0\u00a0\u00a0\u00a0\u00a0\u00a0\u00a0\u00a0\u00a0\u00a0\u00a0\u00a0\u00a0\u00a0\u00a0\u00a0\u00a0\u00a0\u00a0\u00a0\u00a0\u00a0\u00a0\u00a0\u00a0\u00a0\u00a0\u00a0 4:25<\/p>\r\n<p style=\"font-weight: 400\">John Thomas\u00a0\u00a0\u00a0\u00a0\u00a0\u00a0\u00a0\u00a0\u00a0\u00a0\u00a0\u00a0\u00a0 1826-1913\u00a0\u00a0\u00a0\u00a0\u00a0 Watching the Wheat \u00a0 \u00a0 \u00a0 \u00a0 \u00a0 \u00a0 \u00a0 \u00a0 \u00a0 \u00a0 \u00a0 \u00a0 \u00a0 \u00a0 \u00a0 \u00a0 \u00a0 \u00a0 \u00a0 \u00a04:42<\/p>\r\n<p style=\"font-weight: 400\">Rhett Barnwell\u00a0\u00a0\u00a0\u00a0\u00a0\u00a0\u00a0\u00a0\u00a0\u00a0 *1962\u00a0\u00a0\u00a0\u00a0\u00a0\u00a0\u00a0\u00a0\u00a0\u00a0\u00a0\u00a0 The Lord is my shepherd \u00a0 \u00a0 \u00a0 \u00a0 \u00a0 \u00a0 \u00a0 \u00a0 \u00a0 \u00a0 \u00a0 \u00a0 \u00a0 \u00a0 \u00a0 \u00a0 2:02<\/p>\r\n<p style=\"font-weight: 400\">Uno Alexander Vesje. *1989 \u00a0\u00a0\u00a0\u00a0\u00a0\u00a0\u00a0\u00a0\u00a0\u00a0 Life is flashing before my eyes \u2026 \u00a0\u00a0\u00a0\u00a0\u00a0\u00a0\u00a0\u00a0\u00a0\u00a0\u00a0\u00a0\u00a0\u00a0\u00a0\u00a0\u00a0 8:31<\/p>\r\n<p style=\"font-weight: 400\">T.\u201eFats\u201c Waller\/ H.Brooks \u00a0 1904-1943\/1895-1970 \u00a0 \u00a0 Ain\u2018t misbehavin\u2018 \u00a0 \u00a0 \u00a0 \u00a0 \u00a0 2:49<\/p>\r\n<p style=\"font-weight: 400\">Monika Stadler\u00a0\u00a0\u00a0\u00a0\u00a0\u00a0\u00a0\u00a0\u00a0\u00a0 *1963 \u00a0 \u00a0 \u00a0 \u00a0 \u00a0 \u00a0 \u00a0Take a break \u00a0 \u00a0 \u00a0 \u00a0 \u00a0 \u00a0 \u00a0 \u00a0 \u00a0 \u00a0 \u00a0 \u00a0 \u00a0 \u00a0 \u00a0 \u00a0 \u00a0 \u00a0 \u00a0 \u00a0 \u00a0 \u00a0 \u00a0 \u00a0 \u00a0 \u00a0 \u00a0 1:56<\/p>\r\n<p style=\"font-weight: 400\">George Gershwin\u00a0\u00a0\u00a0\u00a0\u00a0\u00a0 1898-1937\u00a0\u00a0\u00a0\u00a0\u00a0 Summertime \u00a0 \u00a0 \u00a0 \u00a0 \u00a0 \u00a0 \u00a0 \u00a0 \u00a0 \u00a0 \u00a0 \u00a0 \u00a0 \u00a0 \u00a0 \u00a0 \u00a0 \u00a0 \u00a0 \u00a0 \u00a0 \u00a0 \u00a0 \u00a0 \u00a0 \u00a0 \u00a03:58<\/p>\r\n<p style=\"font-weight: 400\">Manuel M. Ponce\u00a0\u00a0\u00a0\u00a0\u00a0\u00a0 1882-1948\u00a0\u00a0\u00a0\u00a0\u00a0 Intermezzo Nr.1* \u00a0 \u00a0 \u00a0 \u00a0 \u00a0 \u00a0 \u00a0 \u00a0 \u00a0 \u00a0 \u00a0 \u00a0 \u00a0 \u00a0 \u00a0 \u00a0 \u00a0 \u00a0 \u00a0 \u00a0 \u00a0 \u00a0 \u00a0 3:27<\/p>\r\n<p style=\"font-weight: 400\">Jacques Offenbach\u00a0\u00a0\u00a0\u00a0 1819-1880\u00a0\u00a0\u00a0\u00a0\u00a0 Barcarolle aus Hoffmanns Erz\u00e4hlungen*\u00a0\u00a0\u00a0\u00a0\u00a0 3:33<\/p>\r\n\u00a0 \u00a0 \u00a0 \u00a0 \u00a0 \u00a0 \u00a0 \u00a0 \u00a0 \u00a0 \u00a0 \u00a0 \u00a0 \u00a0 \u00a0 \u00a0 \u00a0 \u00a0 \u00a0 \u00a0 \u00a0 \u00a0 \u00a0 \u00a0 \u00a0 \u00a0 \u00a0 \u00a0 \u00a0 \u00a0 \u00a0 \u00a0 \u00a0 \u00a0 \u00a0 \u00a0 \u00a0 \u00a0 \u00a0 \u00a0 \u00a0 \u00a0 \u00a0 \u00a0 \u00a0 \u00a0 \u00a0 \u00a0 \u00a0 \u00a0 \u00a0 \u00a0Gesamtdauer \u00a0 \u00a0 \u00a0 \u00a0 \u00a0 \u00a0 \u00a066min\r\n<p style=\"font-weight: 400\"><\/p>","_et_gb_content_width":"","inline_featured_image":false},"product_brand":[],"product_cat":[90,91],"product_tag":[],"class_list":{"0":"post-4775","1":"product","2":"type-product","3":"status-publish","4":"has-post-thumbnail","6":"product_cat-cds","7":"product_cat-harp-solo","9":"first","10":"instock","11":"taxable","12":"shipping-taxable","13":"purchasable","14":"product-type-simple"},"yoast_head":"<!-- This site is optimized with the Yoast SEO plugin v27.4 - https:\/\/yoast.com\/product\/yoast-seo-wordpress\/ -->\n<title>Miniaturen 5 \u2013 on the road- HM 129 - Harfenistin Silke Aichhorn<\/title>\n<meta name=\"robots\" content=\"index, follow, max-snippet:-1, max-image-preview:large, max-video-preview:-1\" \/>\n<link rel=\"canonical\" href=\"https:\/\/www.silkeaichhorn.de\/en\/product\/miniaturen-5-on-the-road-hm-129\/\" \/>\n<meta property=\"og:locale\" content=\"en_US\" \/>\n<meta property=\"og:type\" content=\"article\" \/>\n<meta property=\"og:title\" content=\"Miniaturen 5 \u2013 on the road- HM 129 - Harfenistin Silke Aichhorn\" \/>\n<meta property=\"og:description\" content=\"Stillstand ist nicht wirklich mein Thema. Dennoch dachte ich nach der 30. CD vor zwei Jahren: Jetzt mache ich mal Pause mit Aufnahmen. Doch regelm\u00e4\u00dfig erreichen mich Anfragen, wann ich denn wohl die n\u00e4chste CD einspiele.  Ich bin ja ohnehin immer auf der Suche nach neuen Werken oder Arrangements und versuche, das nicht wirklich gro\u00dfe Repertoire f\u00fcr mein Instrument weiter auszubauen \u2013 und die Harfe als Soloinstrument noch bekannter zu machen.  Das war\u2019s also mit der Pause \u2013 vor Ihnen liegt CD Nr.\u202f31.  Der Untertitel on the road ergab sich einerseits durch das Programm, das von Mexiko \u00fcber Norwegen bis Liechtenstein reicht.  Und andererseits ist \u201eauf der Stra\u00dfe\u201c unterwegs zu sein ein sehr gro\u00dfer Teil meines Berufes. Nur so kann ich die Harfe zu den Konzertorten bringen.  Nat\u00fcrlich gehe ich lieber auf einen Berg oder bin mit dem Fahrrad an den bayerischen Seen unterwegs, als Stunden auf Autobahnen zu verbringen. Aber f\u00fcr mich hat die Zeit allein im Auto auch positive Seiten.  Durch die permanenten Ortswechsel im Berufsalltag bekomme ich laufend Impulse von au\u00dfen, lerne die unterschiedlichsten Menschen, Landschaften, Geb\u00e4ude und Situationen kennen \u2013 die mich immer ein St\u00fcck weiterbringen.  Daf\u00fcr bin ich sehr dankbar \u2013 genauso f\u00fcr das Gl\u00fcck, am Alpenrand in der N\u00e4he des Chiemsees wohnen zu d\u00fcrfen. Dort kann ich dann perfekt und in k\u00fcrzester Zeit in der sch\u00f6nen Natur abschalten und auftanken.  Fr\u00f6hliches Mitreisen und viel Vergn\u00fcgen beim H\u00f6ren! Und ein gro\u00dfes Dankesch\u00f6n an alle, die mich dazu inspiriert haben!\" \/>\n<meta property=\"og:url\" content=\"https:\/\/www.silkeaichhorn.de\/en\/product\/miniaturen-5-on-the-road-hm-129\/\" \/>\n<meta property=\"og:site_name\" content=\"Harfenistin Silke Aichhorn\" \/>\n<meta name=\"twitter:card\" content=\"summary_large_image\" \/>\n<meta name=\"twitter:label1\" content=\"Est. reading time\" \/>\n\t<meta name=\"twitter:data1\" content=\"1 minute\" \/>\n<script type=\"application\/ld+json\" class=\"yoast-schema-graph\">{\"@context\":\"https:\\\/\\\/schema.org\",\"@graph\":[{\"@type\":\"WebPage\",\"@id\":\"https:\\\/\\\/www.silkeaichhorn.de\\\/en\\\/product\\\/miniaturen-5-on-the-road-hm-129\\\/\",\"url\":\"https:\\\/\\\/www.silkeaichhorn.de\\\/en\\\/product\\\/miniaturen-5-on-the-road-hm-129\\\/\",\"name\":\"Miniaturen 5 \u2013 on the road- HM 129 - Harfenistin Silke Aichhorn\",\"isPartOf\":{\"@id\":\"https:\\\/\\\/www.silkeaichhorn.de\\\/en\\\/#website\"},\"primaryImageOfPage\":{\"@id\":\"https:\\\/\\\/www.silkeaichhorn.de\\\/en\\\/product\\\/miniaturen-5-on-the-road-hm-129\\\/#primaryimage\"},\"image\":{\"@id\":\"https:\\\/\\\/www.silkeaichhorn.de\\\/en\\\/product\\\/miniaturen-5-on-the-road-hm-129\\\/#primaryimage\"},\"thumbnailUrl\":\"https:\\\/\\\/egi9mkoi56j.exactdn.com\\\/wp-content\\\/uploads\\\/2025\\\/05\\\/2024-Cover-Miniaturen-5-scaled-1.jpg?strip=all\",\"datePublished\":\"2025-05-20T14:14:30+00:00\",\"breadcrumb\":{\"@id\":\"https:\\\/\\\/www.silkeaichhorn.de\\\/en\\\/product\\\/miniaturen-5-on-the-road-hm-129\\\/#breadcrumb\"},\"inLanguage\":\"en-US\",\"potentialAction\":[{\"@type\":\"ReadAction\",\"target\":[\"https:\\\/\\\/www.silkeaichhorn.de\\\/en\\\/product\\\/miniaturen-5-on-the-road-hm-129\\\/\"]}]},{\"@type\":\"ImageObject\",\"inLanguage\":\"en-US\",\"@id\":\"https:\\\/\\\/www.silkeaichhorn.de\\\/en\\\/product\\\/miniaturen-5-on-the-road-hm-129\\\/#primaryimage\",\"url\":\"https:\\\/\\\/egi9mkoi56j.exactdn.com\\\/wp-content\\\/uploads\\\/2025\\\/05\\\/2024-Cover-Miniaturen-5-scaled-1.jpg?strip=all\",\"contentUrl\":\"https:\\\/\\\/egi9mkoi56j.exactdn.com\\\/wp-content\\\/uploads\\\/2025\\\/05\\\/2024-Cover-Miniaturen-5-scaled-1.jpg?strip=all\",\"width\":2560,\"height\":2560},{\"@type\":\"BreadcrumbList\",\"@id\":\"https:\\\/\\\/www.silkeaichhorn.de\\\/en\\\/product\\\/miniaturen-5-on-the-road-hm-129\\\/#breadcrumb\",\"itemListElement\":[{\"@type\":\"ListItem\",\"position\":1,\"name\":\"Startseite\",\"item\":\"https:\\\/\\\/www.silkeaichhorn.de\\\/en\\\/\"},{\"@type\":\"ListItem\",\"position\":2,\"name\":\"Shop\",\"item\":\"https:\\\/\\\/www.silkeaichhorn.de\\\/en\\\/shop\\\/\"},{\"@type\":\"ListItem\",\"position\":3,\"name\":\"Miniaturen 5 \u2013 on the road- HM 129\"}]},{\"@type\":\"WebSite\",\"@id\":\"https:\\\/\\\/www.silkeaichhorn.de\\\/en\\\/#website\",\"url\":\"https:\\\/\\\/www.silkeaichhorn.de\\\/en\\\/\",\"name\":\"Harfenistin Silke Aichhorn\",\"description\":\"\",\"potentialAction\":[{\"@type\":\"SearchAction\",\"target\":{\"@type\":\"EntryPoint\",\"urlTemplate\":\"https:\\\/\\\/www.silkeaichhorn.de\\\/en\\\/?s={search_term_string}\"},\"query-input\":{\"@type\":\"PropertyValueSpecification\",\"valueRequired\":true,\"valueName\":\"search_term_string\"}}],\"inLanguage\":\"en-US\"}]}<\/script>\n<!-- \/ Yoast SEO plugin. -->","yoast_head_json":{"title":"Miniaturen 5 \u2013 on the road- HM 129 - Harfenistin Silke Aichhorn","robots":{"index":"index","follow":"follow","max-snippet":"max-snippet:-1","max-image-preview":"max-image-preview:large","max-video-preview":"max-video-preview:-1"},"canonical":"https:\/\/www.silkeaichhorn.de\/en\/product\/miniaturen-5-on-the-road-hm-129\/","og_locale":"en_US","og_type":"article","og_title":"Miniaturen 5 \u2013 on the road- HM 129 - Harfenistin Silke Aichhorn","og_description":"Stillstand ist nicht wirklich mein Thema. Dennoch dachte ich nach der 30. CD vor zwei Jahren: Jetzt mache ich mal Pause mit Aufnahmen. Doch regelm\u00e4\u00dfig erreichen mich Anfragen, wann ich denn wohl die n\u00e4chste CD einspiele.  Ich bin ja ohnehin immer auf der Suche nach neuen Werken oder Arrangements und versuche, das nicht wirklich gro\u00dfe Repertoire f\u00fcr mein Instrument weiter auszubauen \u2013 und die Harfe als Soloinstrument noch bekannter zu machen.  Das war\u2019s also mit der Pause \u2013 vor Ihnen liegt CD Nr.\u202f31.  Der Untertitel on the road ergab sich einerseits durch das Programm, das von Mexiko \u00fcber Norwegen bis Liechtenstein reicht.  Und andererseits ist \u201eauf der Stra\u00dfe\u201c unterwegs zu sein ein sehr gro\u00dfer Teil meines Berufes. Nur so kann ich die Harfe zu den Konzertorten bringen.  Nat\u00fcrlich gehe ich lieber auf einen Berg oder bin mit dem Fahrrad an den bayerischen Seen unterwegs, als Stunden auf Autobahnen zu verbringen. Aber f\u00fcr mich hat die Zeit allein im Auto auch positive Seiten.  Durch die permanenten Ortswechsel im Berufsalltag bekomme ich laufend Impulse von au\u00dfen, lerne die unterschiedlichsten Menschen, Landschaften, Geb\u00e4ude und Situationen kennen \u2013 die mich immer ein St\u00fcck weiterbringen.  Daf\u00fcr bin ich sehr dankbar \u2013 genauso f\u00fcr das Gl\u00fcck, am Alpenrand in der N\u00e4he des Chiemsees wohnen zu d\u00fcrfen. Dort kann ich dann perfekt und in k\u00fcrzester Zeit in der sch\u00f6nen Natur abschalten und auftanken.  Fr\u00f6hliches Mitreisen und viel Vergn\u00fcgen beim H\u00f6ren! Und ein gro\u00dfes Dankesch\u00f6n an alle, die mich dazu inspiriert haben!","og_url":"https:\/\/www.silkeaichhorn.de\/en\/product\/miniaturen-5-on-the-road-hm-129\/","og_site_name":"Harfenistin Silke Aichhorn","twitter_card":"summary_large_image","twitter_misc":{"Est. reading time":"1 minute"},"schema":{"@context":"https:\/\/schema.org","@graph":[{"@type":"WebPage","@id":"https:\/\/www.silkeaichhorn.de\/en\/product\/miniaturen-5-on-the-road-hm-129\/","url":"https:\/\/www.silkeaichhorn.de\/en\/product\/miniaturen-5-on-the-road-hm-129\/","name":"Miniaturen 5 \u2013 on the road- HM 129 - Harfenistin Silke Aichhorn","isPartOf":{"@id":"https:\/\/www.silkeaichhorn.de\/en\/#website"},"primaryImageOfPage":{"@id":"https:\/\/www.silkeaichhorn.de\/en\/product\/miniaturen-5-on-the-road-hm-129\/#primaryimage"},"image":{"@id":"https:\/\/www.silkeaichhorn.de\/en\/product\/miniaturen-5-on-the-road-hm-129\/#primaryimage"},"thumbnailUrl":"https:\/\/egi9mkoi56j.exactdn.com\/wp-content\/uploads\/2025\/05\/2024-Cover-Miniaturen-5-scaled-1.jpg?strip=all","datePublished":"2025-05-20T14:14:30+00:00","breadcrumb":{"@id":"https:\/\/www.silkeaichhorn.de\/en\/product\/miniaturen-5-on-the-road-hm-129\/#breadcrumb"},"inLanguage":"en-US","potentialAction":[{"@type":"ReadAction","target":["https:\/\/www.silkeaichhorn.de\/en\/product\/miniaturen-5-on-the-road-hm-129\/"]}]},{"@type":"ImageObject","inLanguage":"en-US","@id":"https:\/\/www.silkeaichhorn.de\/en\/product\/miniaturen-5-on-the-road-hm-129\/#primaryimage","url":"https:\/\/egi9mkoi56j.exactdn.com\/wp-content\/uploads\/2025\/05\/2024-Cover-Miniaturen-5-scaled-1.jpg?strip=all","contentUrl":"https:\/\/egi9mkoi56j.exactdn.com\/wp-content\/uploads\/2025\/05\/2024-Cover-Miniaturen-5-scaled-1.jpg?strip=all","width":2560,"height":2560},{"@type":"BreadcrumbList","@id":"https:\/\/www.silkeaichhorn.de\/en\/product\/miniaturen-5-on-the-road-hm-129\/#breadcrumb","itemListElement":[{"@type":"ListItem","position":1,"name":"Startseite","item":"https:\/\/www.silkeaichhorn.de\/en\/"},{"@type":"ListItem","position":2,"name":"Shop","item":"https:\/\/www.silkeaichhorn.de\/en\/shop\/"},{"@type":"ListItem","position":3,"name":"Miniaturen 5 \u2013 on the road- HM 129"}]},{"@type":"WebSite","@id":"https:\/\/www.silkeaichhorn.de\/en\/#website","url":"https:\/\/www.silkeaichhorn.de\/en\/","name":"Harfenistin Silke Aichhorn","description":"","potentialAction":[{"@type":"SearchAction","target":{"@type":"EntryPoint","urlTemplate":"https:\/\/www.silkeaichhorn.de\/en\/?s={search_term_string}"},"query-input":{"@type":"PropertyValueSpecification","valueRequired":true,"valueName":"search_term_string"}}],"inLanguage":"en-US"}]}},"_links":{"self":[{"href":"https:\/\/www.silkeaichhorn.de\/en\/wp-json\/wp\/v2\/product\/4775","targetHints":{"allow":["GET"]}}],"collection":[{"href":"https:\/\/www.silkeaichhorn.de\/en\/wp-json\/wp\/v2\/product"}],"about":[{"href":"https:\/\/www.silkeaichhorn.de\/en\/wp-json\/wp\/v2\/types\/product"}],"replies":[{"embeddable":true,"href":"https:\/\/www.silkeaichhorn.de\/en\/wp-json\/wp\/v2\/comments?post=4775"}],"wp:featuredmedia":[{"embeddable":true,"href":"https:\/\/www.silkeaichhorn.de\/en\/wp-json\/wp\/v2\/media\/4651"}],"wp:attachment":[{"href":"https:\/\/www.silkeaichhorn.de\/en\/wp-json\/wp\/v2\/media?parent=4775"}],"wp:term":[{"taxonomy":"product_brand","embeddable":true,"href":"https:\/\/www.silkeaichhorn.de\/en\/wp-json\/wp\/v2\/product_brand?post=4775"},{"taxonomy":"product_cat","embeddable":true,"href":"https:\/\/www.silkeaichhorn.de\/en\/wp-json\/wp\/v2\/product_cat?post=4775"},{"taxonomy":"product_tag","embeddable":true,"href":"https:\/\/www.silkeaichhorn.de\/en\/wp-json\/wp\/v2\/product_tag?post=4775"}],"curies":[{"name":"wp","href":"https:\/\/api.w.org\/{rel}","templated":true}]}}